{"id":1610,"date":"2021-01-17T18:21:18","date_gmt":"2021-01-17T17:21:18","guid":{"rendered":"https:\/\/www.industriekultur-krefeld.org\/?page_id=1610"},"modified":"2022-11-09T10:08:28","modified_gmt":"2022-11-09T09:08:28","slug":"ter-meer-siedlung","status":"publish","type":"page","link":"https:\/\/www.industriekultur-krefeld.org\/index.php\/ter-meer-siedlung\/","title":{"rendered":"Siedlung Ter Meer"},"content":{"rendered":"\n<p>Im Norden Uerdingens entstand in den 1920er Jahren eine Wohnsiedlung, die den Namen des Chemiefabrikanten Dr. Edmund ter Meer tr\u00e4gt und auch durch sein Engagement entstand.<\/p>\n\n\n\n<p>Sehenswert ist die Siedlung, ausgehend vom Ter Meer Platz.<\/p>\n\n\n\n<!--more-->\n\n\n\n<div class=\"leaflet-map WPLeafletMap\" style=\"height:400px; width:100%;\"><\/div><script>\nwindow.WPLeafletMapPlugin = window.WPLeafletMapPlugin || [];\nwindow.WPLeafletMapPlugin.push(function WPLeafletMapShortcode() {\/*<script>*\/\nvar baseUrl = atob('aHR0cHM6Ly97c30udGlsZS5vcGVuc3RyZWV0bWFwLm9yZy97en0ve3h9L3t5fS5wbmc=');\nvar base = (!baseUrl && window.MQ) ?\n    window.MQ.mapLayer() : L.tileLayer(baseUrl,\n        L.Util.extend({}, {\n            detectRetina: 1,\n        },\n        {\"subdomains\":\"abc\",\"noWrap\":false,\"maxZoom\":20}        )\n    );\n    var options = L.Util.extend({}, {\n        layers: [base],\n        attributionControl: false\n    },\n    {\"tap\":false,\"zoomControl\":true,\"scrollWheelZoom\":false,\"doubleClickZoom\":true,\"fitBounds\":false,\"minZoom\":1,\"maxZoom\":20,\"maxBounds\":null,\"attribution\":\"<a href=\\\"http:\\\/\\\/leafletjs.com\\\" title=\\\"Eine Javascript-Bibliothek f\\u00fcr interaktive Karten\\\">Leaflet<\\\/a>; \\u00a9 <a href=\\\"http:\\\/\\\/www.openstreetmap.org\\\/copyright\\\">OpenStreetMap<\\\/a> Mitwirkende\"},\n    {});\nwindow.WPLeafletMapPlugin.createMap(options).setView([51.3331205,6.5623343],12);window.WPLeafletMapPlugin.createScale({});});<\/script> \n\n\n<script>\nwindow.WPLeafletMapPlugin = window.WPLeafletMapPlugin || [];\nwindow.WPLeafletMapPlugin.push(function WPLeafletMarkerShortcode() {\/*<script>*\/\nvar map = window.WPLeafletMapPlugin.getCurrentMap();\nvar group = window.WPLeafletMapPlugin.getCurrentGroup();\nvar marker_options = window.WPLeafletMapPlugin.getIconOptions({\"title\":\"Ter Meer Siedlung\",\"alt\":\"Ter Meer Siedlung\",\"zIndexOffset\":1000,\"iconUrl\":\"https:\\\/\\\/www.industriekultur-krefeld.org\\\/wp-content\\\/uploads\\\/icon-selected.png\",\"shadowUrl\":\"https:\\\/\\\/unpkg.com\\\/leaflet@1.7.1\\\/dist\\\/images\\\/marker-shadow.png\",\"iconAnchor\":\"20,20\"});\nvar marker = L.marker(\n    [51.363959,6.641028],\n    marker_options\n);\nvar is_image = map.is_image_map;\nif (marker_options.draggable) {\n    marker.on('dragend', function () {\n        var latlng = this.getLatLng();\n        var lat = latlng.lat;\n        var lng = latlng.lng;\n        if (is_image) {\n            console.log('leaflet-marker y=' + lat + ' x=' + lng);\n        } else {\n            console.log('leaflet-marker lat=' + lat + ' lng=' + lng);\n        }\n    });\n}\nmarker.addTo( group );\nmarker.bindPopup(window.WPLeafletMapPlugin.unescape('&lt;a href=&quot;https:\/\/www.industriekultur-krefeld.org\/index.php\/ter-meer-siedlung&quot;&gt; Ter Meer Siedlung &lt;\/a&gt;')).openPopup();window.WPLeafletMapPlugin.markers.push( marker );\n        });<\/script><script>\nwindow.WPLeafletMapPlugin = window.WPLeafletMapPlugin || [];\nwindow.WPLeafletMapPlugin.push(function WPLeafletjsonShortcode() {\/*<script>*\/\nvar src = 'https:\/\/www.industriekultur-krefeld.org\/geojson.php';\nvar default_style = {};\nvar rewrite_keys = {\n    stroke : 'color',\n    'stroke-width' : 'weight',\n    'stroke-opacity' : 'opacity',\n    fill : 'fillColor',\n    'fill-opacity' : 'fillOpacity',\n};\n\/\/ htmlspecialchars converts & to \"&amp;\"; maybe unnecessarily, and maybe 3x\nvar ampersandRegex = \/&(?:amp;){1,3}\/g\nvar layer = L.ajaxGeoJson(src.replace(ampersandRegex, '&'), {\n    type: 'json',\n    style : layerStyle,\n    onEachFeature : onEachFeature,\n    pointToLayer: pointToLayer\n});\nvar fitbounds = 0;\nvar circleMarker = 0;\nvar popup_text = window.WPLeafletMapPlugin.unescape(\"&lt;br&gt;&lt;br&gt;&lt;a href=&quot;https:\/\/www.industriekultur-krefeld.org\/index.php\/{name}&quot;&gt;{title}&lt;br&gt;&lt;button&gt;&lt;i class=&quot;material-icons&quot;&gt;account_balance&lt;\/i&gt;Ansehen&lt;\/button&gt;&lt;\/a&gt;&lt;a href=&quot;http:\/\/maps.google.com\/maps?q={lat},{lng}&amp;amp;navigate=yes&quot;&gt;&lt;button&gt;&lt;i class=&quot;material-icons&quot;&gt;explore&lt;\/i&gt;Navigation starten&lt;\/button&gt;&lt;\/a&gt;&lt;br&gt;&lt;br&gt;\");\nvar popup_property = \"\";\nvar table_view = 0;\nvar group = window.WPLeafletMapPlugin.getCurrentGroup();\nvar markerOptions = window.WPLeafletMapPlugin.getIconOptions({});\nlayer.addTo( group );\nwindow.WPLeafletMapPlugin.geojsons.push( layer );\nif (fitbounds) {\n    layer.on('ready', function () {\n        this.map.fitBounds( this.getBounds() );\n    });\n}\nfunction layerStyle (feature) {\n    var props = feature.properties || {};\n    var style = {};\n    function camelFun (_, first_letter) {\n        return first_letter.toUpperCase();\n    };\n    for (var key in props) {\n        if (key.match('-')) {\n            var camelcase = key.replace(\/-(\\w)\/, camelFun);\n            style[ camelcase ] = props[ key ];\n        }\n        \/\/ rewrite style keys from geojson.io\n        if (rewrite_keys[ key ]) {\n            style[ rewrite_keys[ key ] ] = props[ key ];\n        }\n    }\n    return L.Util.extend(style, default_style);\n}\nfunction onEachFeature (feature, layer) {\n    var props = feature.properties || {};\n    var text;\n    if (table_view) {\n        text = window.WPLeafletMapPlugin.propsToTable(props);\n    } else {\n        text = popup_property\n            ? props[ popup_property ]\n            : window.WPLeafletMapPlugin.template(\n                popup_text, \n                feature.properties\n            );\n    }\n    if (text) {\n        layer.bindPopup( text );\n    }\n}\n    function pointToLayer (feature, latlng) {\n    if (circleMarker) {\n        return L.circleMarker(latlng);\n    }\n    return L.marker(latlng, markerOptions);\n}});<\/script><script>\nwindow.WPLeafletMapPlugin = window.WPLeafletMapPlugin || [];\nwindow.WPLeafletMapPlugin.push(function WPLeafletScaleShortcode() {window.WPLeafletMapPlugin.createScale({\"imperial\":false,\"position\":\"topright\"});});<\/script><figure class=\"wp-block-image size-large\"><img decoding=\"async\" src=\"https:\/\/www.industriekultur-krefeld.org\/wp-content\/uploads\/IMG_7272-1024x768.jpeg\" alt=\"\" class=\"wp-image-5047\"\/><\/figure>\n\n\n\n<p>Edmund ter Meer hatte Brachland im Norden Uerdingens erworben, das noch im Bebauungsplan vom 8. Mai 1908 f\u00fcr Industriezwecke vorgesehen war.<\/p>\n\n\n\n<p>Die gute wirtschaftliche Lage der <a href=\"https:\/\/www.industriekultur-krefeld.org\/index.php\/farbwerke-ter-meer\/\" data-type=\"page\" data-id=\"1367\">Chemischen Fabrik vorm. Weiler-ter Meer<\/a>, die \u00fcberraschenderweise 1919 Gewinn einbrachte und auch 1920 noch zufriedenstellend war, f\u00fchrte 1920 zu einem Auftrag an die Hausarchitekten des Unternehmens, das Architekturb\u00fcro <strong><a href=\"https:\/\/www.industriekultur-krefeld.org\/?s=Girmes+Oediger\">Girmes &amp; Oediger<\/a><\/strong> f\u00fcr den Bau einer Siedlung mit 120 Wohnungen. <\/p>\n\n\n\n<p>Das Bauland war ein mit Str\u00e4uchern bewachsenes Wiesenland in unmittelbarer N\u00e4he des Stadtparks. <strong>Karl Henrici<\/strong>, renommierter Stadtplaner und Hochschullehrer aus Aachen, hatte 1905 im Auftrag der Stadt Uerdingen f\u00fcr den westlichen und nord\u00f6stlichen Bereich vor der Uerdinger Kernstadt einen Bebauungsplan mit Industriefl\u00e4chen und &#8211; darauf abgestimmt \u2013 mit Fl\u00e4chen f\u00fcr Kleinwohnungen entworfen. <\/p>\n\n\n\n<p>Der 1906 vom Stadtrat verabschiedete Plan f\u00fcr <strong>Uerdingen-Nord<\/strong> sah im Zentrum eine gr\u00f6\u00dfere Platzanlage mit Kirche vor. Die St.-Heinrich-Kirche wurde 1913-15 errichtet. Unmittelbar im Anschluss daran erstreckte sich das Bauareal f\u00fcr die geplante Siedlung.<\/p>\n\n\n\n<figure class=\"wp-block-image size-large\"><img loading=\"lazy\" decoding=\"async\" width=\"599\" height=\"800\" src=\"https:\/\/www.industriekultur-krefeld.org\/wp-content\/uploads\/AE4C475E-297F-4400-90E4-143A3C9DD60C.jpeg\" alt=\"\" class=\"wp-image-2148\" srcset=\"https:\/\/www.industriekultur-krefeld.org\/wp-content\/uploads\/AE4C475E-297F-4400-90E4-143A3C9DD60C.jpeg 599w, https:\/\/www.industriekultur-krefeld.org\/wp-content\/uploads\/AE4C475E-297F-4400-90E4-143A3C9DD60C-225x300.jpeg 225w\" sizes=\"auto, (max-width: 599px) 100vw, 599px\" \/><figcaption class=\"wp-element-caption\">Postkarten, undatiert<\/figcaption><\/figure>\n\n\n\n<p>Der von <a href=\"https:\/\/www.industriekultur-krefeld.org\/?s=Girmes+Oediger\">Girmes &amp; Oediger<\/a> 1920 erstellte Plan wurde Karl Henrici und dem st\u00e4dtischen Bauinspektor Baecker zur Begutachtung vorgelegt. Die Anregungen von Henrici wurden weitgehend f\u00fcr die Planung \u00fcbernommen, ohne den Grundcharakter des Ursprungsplans zu verlieren. <\/p>\n\n\n\n<p>Die Siedlung sollte nach Wunsch des Bauherrn ein abgeschlossenes Ganzes bilden mit gro\u00dfem, zentralem Platz im Mittelpunkt und nach der Vorstellung von Henrici keinen zu l\u00e4ndlichen Eindruck machen.<\/p>\n\n\n\n<p>Bemerkenswert ist die Durchmischung der Bewohner gewesen. Leitende Angestellte der <a href=\"https:\/\/www.industriekultur-krefeld.org\/index.php\/farbwerke-ter-meer\/\" data-type=\"page\" data-id=\"1367\">Farbenfabrik Weiler Ter Meer<\/a> wohnten unmittelbar neben den einfachen Arbeitskr\u00e4ften.   <\/p>\n\n\n\n<figure class=\"wp-block-image size-large\"><img decoding=\"async\" src=\"https:\/\/www.industriekultur-krefeld.org\/wp-content\/uploads\/IMG_7281-1024x768.jpeg\" alt=\"\" class=\"wp-image-1613\"\/><\/figure>\n\n\n\n<p>Bereits den 1980er-Jahren sollte die Werkssiedlung unter Denkmalschutz gestellt werden, doch die Bayer AG als Eigent\u00fcmer sperrte sich wie gewohnt gegen Einflu\u00dfnahmen der \u00d6ffentlichkeit und nutzte ihren Einfu\u00df auf die Politik, bis 1994 dennoch die Eintragung von Amtswegen erfolgte und der darauffolgende Widerspruch der Bayer AG auch formell abgewiesen wurde. <\/p>\n\n\n\n<p>Bis heute ist die Siedlung in ihren wesentlichen Grundz\u00fcgen erhalten, die Freifl\u00e4chen zwischen den H\u00e4usern sind allerdings mittlerweile durch die Bewohner mit hohen Sichtschutzhecken und Z\u00e4unen verdeckt und abgetrennt, beeintr\u00e4chtigen dadurch das Baudenkmal. Auch der Ter-Meer-Platz hatte urspr\u00fcnglich eine anders gestaltete Freifl\u00e4che (siehe historisches Foto) deren urspr\u00fcnglichen Gestalt nun aktiv bewahrt werden muss. <br><\/p>\n\n\n\n<figure class=\"wp-block-image size-large\"><a href=\"https:\/\/www.industriekultur-krefeld.org\/wp-content\/uploads\/FEE1AC66-052E-482C-90A8-9B4420ACE5A7-scaled.jpeg\"><img loading=\"lazy\" decoding=\"async\" width=\"1024\" height=\"690\" src=\"https:\/\/www.industriekultur-krefeld.org\/wp-content\/uploads\/FEE1AC66-052E-482C-90A8-9B4420ACE5A7-1024x690.jpeg\" alt=\"\" class=\"wp-image-6201\" srcset=\"https:\/\/www.industriekultur-krefeld.org\/wp-content\/uploads\/FEE1AC66-052E-482C-90A8-9B4420ACE5A7-1024x690.jpeg 1024w, https:\/\/www.industriekultur-krefeld.org\/wp-content\/uploads\/FEE1AC66-052E-482C-90A8-9B4420ACE5A7-300x202.jpeg 300w, https:\/\/www.industriekultur-krefeld.org\/wp-content\/uploads\/FEE1AC66-052E-482C-90A8-9B4420ACE5A7-768x518.jpeg 768w, https:\/\/www.industriekultur-krefeld.org\/wp-content\/uploads\/FEE1AC66-052E-482C-90A8-9B4420ACE5A7-1536x1035.jpeg 1536w, https:\/\/www.industriekultur-krefeld.org\/wp-content\/uploads\/FEE1AC66-052E-482C-90A8-9B4420ACE5A7-scaled.jpeg 1800w\" sizes=\"auto, (max-width: 767px) 89vw, (max-width: 1000px) 54vw, (max-width: 1071px) 543px, 580px\" \/><\/a><figcaption class=\"wp-element-caption\">Foto: Bertold Edinger, 1971<\/figcaption><\/figure>\n\n\n\n<p>Die Siedlung sollte einen gr\u00f6\u00dferen Schutzumfang erfahren, denn sie z\u00e4hlt heute zu den bemerkenswerten Werkswohnungsbau- Zeugnissen des Rheinlandes.  <\/p>\n\n\n\n<div class=\"wp-block-media-text alignwide is-vertically-aligned-top\"><figure class=\"wp-block-media-text__media\"><a href=\"http:\/\/www.rheinische-industriekultur.com\"><img loading=\"lazy\" decoding=\"async\" width=\"340\" height=\"275\" src=\"https:\/\/www.industriekultur-krefeld.org\/wp-content\/uploads\/Button-RI-on-2.png\" alt=\"\" class=\"wp-image-291 size-full\" srcset=\"https:\/\/www.industriekultur-krefeld.org\/wp-content\/uploads\/Button-RI-on-2.png 340w, https:\/\/www.industriekultur-krefeld.org\/wp-content\/uploads\/Button-RI-on-2-300x243.png 300w\" sizes=\"auto, (max-width: 340px) 100vw, 340px\" \/><\/a><\/figure><div class=\"wp-block-media-text__content\">\n<p><a href=\"https:\/\/www.rheinische-industriekultur.com\/seiten\/objekte\/orte\/krefeld\/objekte\/weiler_ter_meer.html\"><\/a><a href=\"https:\/\/www.rheinische-industriekultur.com\/seiten\/objekte\/orte\/krefeld\/objekte\/siedlung_ter_meer.html\">Ter Meer Siedlung<\/a><br>von Walter Buschmann <br>und Christoph Becker<\/p>\n\n\n\n<p><a href=\"https:\/\/www.rheinische-industriekultur.com\/seiten\/objekte\/orte\/krefeld\/objekte\/weiler_ter_meer.html\">Farbwerk E. Ter Meer &amp; Co \/ Chemische Fabriken Weiler-ter Meer \/ Bayer AG Werk Krefeld-Uerdingen \/ Currenta-Chempark&nbsp;<\/a><br>von Stefanie van de Kerkhof&nbsp;<\/p>\n<\/div><\/div>\n","protected":false},"excerpt":{"rendered":"<p>Im Norden Uerdingens entstand in den 1920er Jahren eine Wohnsiedlung, die den Namen des Chemiefabrikanten Dr. Edmund ter Meer tr\u00e4gt und auch durch sein Engagement entstand. Sehenswert ist die Siedlung, ausgehend vom Ter Meer Platz.<\/p>\n","protected":false},"author":1,"featured_media":1612,"parent":0,"menu_order":22,"comment_status":"open","ping_status":"closed","template":"","meta":{"footnotes":""},"categories":[8],"tags":[45],"class_list":["post-1610","page","type-page","status-publish","has-post-thumbnail","hentry","category-uerdingen","tag-siedlungen"],"_links":{"self":[{"href":"https:\/\/www.industriekultur-krefeld.org\/index.php\/wp-json\/wp\/v2\/pages\/1610","targetHints":{"allow":["GET"]}}],"collection":[{"href":"https:\/\/www.industriekultur-krefeld.org\/index.php\/wp-json\/wp\/v2\/pages"}],"about":[{"href":"https:\/\/www.industriekultur-krefeld.org\/index.php\/wp-json\/wp\/v2\/types\/page"}],"author":[{"embeddable":true,"href":"https:\/\/www.industriekultur-krefeld.org\/index.php\/wp-json\/wp\/v2\/users\/1"}],"replies":[{"embeddable":true,"href":"https:\/\/www.industriekultur-krefeld.org\/index.php\/wp-json\/wp\/v2\/comments?post=1610"}],"version-history":[{"count":30,"href":"https:\/\/www.industriekultur-krefeld.org\/index.php\/wp-json\/wp\/v2\/pages\/1610\/revisions"}],"predecessor-version":[{"id":6204,"href":"https:\/\/www.industriekultur-krefeld.org\/index.php\/wp-json\/wp\/v2\/pages\/1610\/revisions\/6204"}],"wp:featuredmedia":[{"embeddable":true,"href":"https:\/\/www.industriekultur-krefeld.org\/index.php\/wp-json\/wp\/v2\/media\/1612"}],"wp:attachment":[{"href":"https:\/\/www.industriekultur-krefeld.org\/index.php\/wp-json\/wp\/v2\/media?parent=1610"}],"wp:term":[{"taxonomy":"category","embeddable":true,"href":"https:\/\/www.industriekultur-krefeld.org\/index.php\/wp-json\/wp\/v2\/categories?post=1610"},{"taxonomy":"post_tag","embeddable":true,"href":"https:\/\/www.industriekultur-krefeld.org\/index.php\/wp-json\/wp\/v2\/tags?post=1610"}],"curies":[{"name":"wp","href":"https:\/\/api.w.org\/{rel}","templated":true}]}}