{"id":1896,"date":"2021-01-19T12:20:04","date_gmt":"2021-01-19T11:20:04","guid":{"rendered":"https:\/\/www.industriekultur-krefeld.org\/?page_id=1896"},"modified":"2026-01-28T09:27:35","modified_gmt":"2026-01-28T08:27:35","slug":"seifenfabrik-dreiring","status":"publish","type":"page","link":"https:\/\/www.industriekultur-krefeld.org\/index.php\/seifenfabrik-dreiring\/","title":{"rendered":"Seifenfabrik Melsbach, Dreiring-Werke"},"content":{"rendered":"\n<p>Die Krefelder Seifenfabrik Melsbach verlagerte 1905 ihre Produktion in den neu errichteten <a href=\"https:\/\/www.industriekultur-krefeld.org\/index.php\/rheinhafen-krefeld\/\" data-type=\"page\" data-id=\"1684\">Krefelder Rheinhafen.<\/a> Nach dem Zusammenschluss mit mehreren anderen Seifenherstellern entstand daraus 1920 die Dreiring-Werke KG. Die Produktion im Werk lief 2020 aus. <\/p>\n\n\n\n<p>Sehenswert ist das Firmengeb\u00e4ude, dahinter kann man einen Blick auf die Produktionsgeb\u00e4ude werfen. Nebenan links liegen die &#8220;Henkel Fragrance Center&#8221; und sorgen f\u00fcr genau den feinen Seifenduft, der an die Historie des Standorts als Seifenfabrikation weiter erinnert.    <\/p>\n\n\n\n<!--more-->\n\n\n\n<div class=\"leaflet-map WPLeafletMap\" style=\"height:400px; width:100%;\"><\/div><script>\nwindow.WPLeafletMapPlugin = window.WPLeafletMapPlugin || [];\nwindow.WPLeafletMapPlugin.push(function WPLeafletMapShortcode() {\/*<script>*\/\nvar baseUrl = atob('aHR0cHM6Ly97c30udGlsZS5vcGVuc3RyZWV0bWFwLm9yZy97en0ve3h9L3t5fS5wbmc=');\nvar base = (!baseUrl && window.MQ) ?\n    window.MQ.mapLayer() : L.tileLayer(baseUrl,\n        L.Util.extend({}, {\n            detectRetina: 1,\n        },\n        {\"subdomains\":\"abc\",\"noWrap\":false,\"maxZoom\":20}        )\n    );\n    var options = L.Util.extend({}, {\n        layers: [base],\n        attributionControl: false\n    },\n    {\"tap\":false,\"zoomControl\":true,\"scrollWheelZoom\":false,\"doubleClickZoom\":true,\"fitBounds\":false,\"minZoom\":1,\"maxZoom\":20,\"maxBounds\":null,\"attribution\":\"<a href=\\\"http:\\\/\\\/leafletjs.com\\\" title=\\\"Eine Javascript-Bibliothek f\\u00fcr interaktive Karten\\\">Leaflet<\\\/a>; \\u00a9 <a href=\\\"http:\\\/\\\/www.openstreetmap.org\\\/copyright\\\">OpenStreetMap<\\\/a> Mitwirkende\"},\n    {});\nwindow.WPLeafletMapPlugin.createMap(options).setView([51.3331205,6.5623343],12);window.WPLeafletMapPlugin.createScale({});});<\/script> \n\n\n<script>\nwindow.WPLeafletMapPlugin = window.WPLeafletMapPlugin || [];\nwindow.WPLeafletMapPlugin.push(function WPLeafletMarkerShortcode() {\/*<script>*\/\nvar map = window.WPLeafletMapPlugin.getCurrentMap();\nvar group = window.WPLeafletMapPlugin.getCurrentGroup();\nvar marker_options = window.WPLeafletMapPlugin.getIconOptions({\"title\":\"Dreiring\",\"alt\":\"Dreiring\",\"zIndexOffset\":1000,\"iconUrl\":\"https:\\\/\\\/www.industriekultur-krefeld.org\\\/wp-content\\\/uploads\\\/icon-selected.png\",\"shadowUrl\":\"https:\\\/\\\/unpkg.com\\\/leaflet@1.7.1\\\/dist\\\/images\\\/marker-shadow.png\",\"iconAnchor\":\"20,20\"});\nvar marker = L.marker(\n    [51.342069,6.670809],\n    marker_options\n);\nvar is_image = map.is_image_map;\nif (marker_options.draggable) {\n    marker.on('dragend', function () {\n        var latlng = this.getLatLng();\n        var lat = latlng.lat;\n        var lng = latlng.lng;\n        if (is_image) {\n            console.log('leaflet-marker y=' + lat + ' x=' + lng);\n        } else {\n            console.log('leaflet-marker lat=' + lat + ' lng=' + lng);\n        }\n    });\n}\nmarker.addTo( group );\nmarker.bindPopup(window.WPLeafletMapPlugin.unescape('&lt;a href=&quot;https:\/\/www.industriekultur-krefeld.org\/index.php\/seifenfabrik-dreiring&quot;&gt; Dreiring &lt;\/a&gt;')).openPopup();window.WPLeafletMapPlugin.markers.push( marker );\n        });<\/script><figure class=\"wp-block-image size-large\"><a href=\"https:\/\/www.industriekultur-krefeld.org\/wp-content\/uploads\/image-49.png\"><img loading=\"lazy\" decoding=\"async\" width=\"1024\" height=\"768\" src=\"https:\/\/www.industriekultur-krefeld.org\/wp-content\/uploads\/image-49-1024x768.png\" alt=\"\" class=\"wp-image-1923\" srcset=\"https:\/\/www.industriekultur-krefeld.org\/wp-content\/uploads\/image-49-1024x768.png 1024w, https:\/\/www.industriekultur-krefeld.org\/wp-content\/uploads\/image-49-300x225.png 300w, https:\/\/www.industriekultur-krefeld.org\/wp-content\/uploads\/image-49-768x576.png 768w, https:\/\/www.industriekultur-krefeld.org\/wp-content\/uploads\/image-49-1536x1152.png 1536w, https:\/\/www.industriekultur-krefeld.org\/wp-content\/uploads\/image-49.png 1800w\" sizes=\"auto, (max-width: 767px) 89vw, (max-width: 1000px) 54vw, (max-width: 1071px) 543px, 580px\" \/><\/a><\/figure>\n\n\n\n<p><\/p>\n\n\n\n<h2 class=\"wp-block-heading has-vivid-red-color has-text-color\">Geschichte und Hintergrund<\/h2>\n\n\n\n<figure class=\"wp-block-image size-large\"><img loading=\"lazy\" decoding=\"async\" width=\"1024\" height=\"425\" src=\"https:\/\/www.industriekultur-krefeld.org\/wp-content\/uploads\/image-141-1024x425.png\" alt=\"\" class=\"wp-image-4221\" srcset=\"https:\/\/www.industriekultur-krefeld.org\/wp-content\/uploads\/image-141-1024x425.png 1024w, https:\/\/www.industriekultur-krefeld.org\/wp-content\/uploads\/image-141-300x125.png 300w, https:\/\/www.industriekultur-krefeld.org\/wp-content\/uploads\/image-141-768x319.png 768w, https:\/\/www.industriekultur-krefeld.org\/wp-content\/uploads\/image-141-1536x638.png 1536w, https:\/\/www.industriekultur-krefeld.org\/wp-content\/uploads\/image-141-2048x851.png 2048w\" sizes=\"auto, (max-width: 767px) 89vw, (max-width: 1000px) 54vw, (max-width: 1071px) 543px, 580px\" \/><figcaption class=\"wp-element-caption\">Anzeige aus: St\u00e4dtebauatlas Crefeld 1922<\/figcaption><\/figure>\n\n\n\n<p>1771 gr\u00fcndete der Kaufmann Georg Wilhelm Melsbach am Friedrichsplatz in Krefeld eine Seifenfabrik. Diese produzierte Seifen und Pr\u00e4parate f\u00fcr die Textilindustrie. <\/p>\n\n\n\n<p>1905 verlegte man das Unternehmen in den Krefelder Rheinhafen.  Damit ist Melsbach einer der ersten Betriebe, die den Sinn des neuen Industriehafen erkannten und sich dort ein Grundst\u00fcck sicherten. 1920 schlossen sich aufgrund u.A. Schwierigkeiten in der Rohstoffbeschaffung Melsbach und weitere 12 Seifenhersteller zusammen als <strong>Dreiring-Werke KG<\/strong>, mit dem Hauptsitz der Einkaufs- und Verkaufsgenossenschaft in Krefeld. <\/p>\n\n\n\n<figure class=\"wp-block-image size-large\"><a href=\"https:\/\/www.industriekultur-krefeld.org\/wp-content\/uploads\/image-244.jpg\"><img loading=\"lazy\" decoding=\"async\" width=\"1024\" height=\"599\" src=\"https:\/\/www.industriekultur-krefeld.org\/wp-content\/uploads\/image-244-1024x599.jpg\" alt=\"\" class=\"wp-image-6509\" srcset=\"https:\/\/www.industriekultur-krefeld.org\/wp-content\/uploads\/image-244-1024x599.jpg 1024w, https:\/\/www.industriekultur-krefeld.org\/wp-content\/uploads\/image-244-300x175.jpg 300w, https:\/\/www.industriekultur-krefeld.org\/wp-content\/uploads\/image-244-768x449.jpg 768w, https:\/\/www.industriekultur-krefeld.org\/wp-content\/uploads\/image-244-1536x898.jpg 1536w, https:\/\/www.industriekultur-krefeld.org\/wp-content\/uploads\/image-244-2048x1197.jpg 2048w\" sizes=\"auto, (max-width: 767px) 89vw, (max-width: 1000px) 54vw, (max-width: 1071px) 543px, 580px\" \/><\/a><\/figure>\n\n\n\n<figure class=\"wp-block-image size-large\"><a href=\"https:\/\/www.industriekultur-krefeld.org\/wp-content\/uploads\/image-50.png\"><img loading=\"lazy\" decoding=\"async\" width=\"1024\" height=\"390\" src=\"https:\/\/www.industriekultur-krefeld.org\/wp-content\/uploads\/image-50-1024x390.png\" alt=\"\" class=\"wp-image-1926\" srcset=\"https:\/\/www.industriekultur-krefeld.org\/wp-content\/uploads\/image-50-1024x390.png 1024w, https:\/\/www.industriekultur-krefeld.org\/wp-content\/uploads\/image-50-300x114.png 300w, https:\/\/www.industriekultur-krefeld.org\/wp-content\/uploads\/image-50-768x293.png 768w, https:\/\/www.industriekultur-krefeld.org\/wp-content\/uploads\/image-50-1536x585.png 1536w, https:\/\/www.industriekultur-krefeld.org\/wp-content\/uploads\/image-50.png 2048w\" sizes=\"auto, (max-width: 767px) 89vw, (max-width: 1000px) 54vw, (max-width: 1071px) 543px, 580px\" \/><\/a><figcaption class=\"wp-element-caption\">Ausschnitt aus einem Briefkopf 1925, Quelle:  <a href=\"https:\/\/commons.wikimedia.org\/w\/index.php?curid=53697023\">Muenzen-halle &#8211; Own work, CC BY-SA 4.0, <\/a><\/figcaption><\/figure>\n\n\n\n<p>Hergestellt wurden nun Schmierseifen, Silberseife, Haushalts- und Feinseifen, Seifenpulver, und Textilseifen, darunter gr\u00fcne Marseiller-Seife und Walkseifen.<\/p>\n\n\n\n<figure class=\"wp-block-image size-full\"><a href=\"https:\/\/www.industriekultur-krefeld.org\/wp-content\/uploads\/D90F1E5D-86CC-4E7A-A8EB-5F54F01FD0CB.jpeg\"><img loading=\"lazy\" decoding=\"async\" width=\"765\" height=\"350\" src=\"https:\/\/www.industriekultur-krefeld.org\/wp-content\/uploads\/D90F1E5D-86CC-4E7A-A8EB-5F54F01FD0CB.jpeg\" alt=\"\" class=\"wp-image-5981\" srcset=\"https:\/\/www.industriekultur-krefeld.org\/wp-content\/uploads\/D90F1E5D-86CC-4E7A-A8EB-5F54F01FD0CB.jpeg 765w, https:\/\/www.industriekultur-krefeld.org\/wp-content\/uploads\/D90F1E5D-86CC-4E7A-A8EB-5F54F01FD0CB-300x137.jpeg 300w\" sizes=\"auto, (max-width: 706px) 89vw, (max-width: 767px) 82vw, 740px\" \/><\/a><figcaption class=\"wp-element-caption\">Briefkopf ca. 1934<\/figcaption><\/figure>\n\n\n\n<h2 class=\"wp-block-heading\">Henkel Dreiring Seife Fa<\/h2>\n\n\n\n<p>Als in Amerika das US-Milit\u00e4r in den 1950er Jahren eine Seife ben\u00f6tigte die auch mit salzigem Meerwasser sch\u00e4umte, \u00e4nderte sich der Einsatz von Seife entscheidend. Dem britisch-niederl\u00e4ndischen Nahrungsmittel- und Kosmetikkonzern <strong>Unilever<\/strong> gelang dort die Entwicklung einer solchen <strong>Feinseife<\/strong>, die unter dem Markennamen <strong>Dove<\/strong> vertrieben wurde, siehe Dove Commercial 1950er <a href=\"https:\/\/www.youtube.com\/watch?v=jWD0co3qFpI\">https:\/\/www.youtube.com\/watch?v=jWD0co3qFpI<\/a>.<\/p>\n\n\n\n<p>Nachdem die D\u00fcsseldorfer Firma Henkel Cie., die seit 1924 bereits an Dreiring beteiligt war, 1953 alle Kommanditanteile der Dreiring-Werke \u00fcbernommen hatte, entwickelten die <strong>Henkel Dreiring Seifenwerke in Krefeld<\/strong> 1954 eine <strong>Feinseife<\/strong>, die aus einer Mischung von pflanzlichen \u00d6len und tierischen Fetten erzeugt wurde. Die Seife sollte <strong>fa<\/strong>belhaft werden\u2026<\/p>\n\n\n\n<h3 class=\"wp-block-heading has-vivid-red-color has-text-color\">Seife Fa<\/h3>\n\n\n\n<figure class=\"wp-block-embed is-type-video is-provider-youtube wp-block-embed-youtube wp-embed-aspect-4-3 wp-has-aspect-ratio\"><div class=\"wp-block-embed__wrapper\">\n<iframe loading=\"lazy\" title=\"Fa - Commercial 70s\" width=\"525\" height=\"394\" src=\"https:\/\/www.youtube.com\/embed\/xZfum30RWBI?feature=oembed\" frameborder=\"0\" allow=\"accelerometer; autoplay; clipboard-write; encrypted-media; gyroscope; picture-in-picture; web-share\" referrerpolicy=\"strict-origin-when-cross-origin\" allowfullscreen><\/iframe>\n<\/div><figcaption class=\"wp-element-caption\"><a href=\"https:\/\/youtu.be\/xZfum30RWBI\" target=\"_blank\" rel=\"noreferrer noopener\">https:\/\/youtu.be\/xZfum30RWBI<\/a><\/figcaption><\/figure>\n\n\n<div class=\"wp-block-image\">\n<figure class=\"alignleft size-large\"><a href=\"https:\/\/www.industriekultur-krefeld.org\/wp-content\/uploads\/image-196.png\"><img loading=\"lazy\" decoding=\"async\" width=\"355\" height=\"1024\" src=\"https:\/\/www.industriekultur-krefeld.org\/wp-content\/uploads\/image-196-355x1024.png\" alt=\"\" class=\"wp-image-5528\" srcset=\"https:\/\/www.industriekultur-krefeld.org\/wp-content\/uploads\/image-196-355x1024.png 355w, https:\/\/www.industriekultur-krefeld.org\/wp-content\/uploads\/image-196-104x300.png 104w, https:\/\/www.industriekultur-krefeld.org\/wp-content\/uploads\/image-196.png 361w\" sizes=\"auto, (max-width: 355px) 100vw, 355px\" \/><\/a><figcaption class=\"wp-element-caption\">Anzeige der Dreiring Werke im STERN 19\/1955<\/figcaption><\/figure>\n<\/div>\n\n\n<p>Diese Seife <strong>reinigte nicht nur, sondern sie pflegte<\/strong> auch die Haut und wurde unter dem Markennamen <strong>Fa-Seife<\/strong> eingef\u00fchrt. <\/p>\n\n\n\n<p><strong>Fa<\/strong> stand f\u00fcr fabelhaft, andererseits auch f\u00fcr <strong>Fadenseife<\/strong> aufgrund der der Marmorierung in der Seife. <\/p>\n\n\n\n<p>1968 erhielt die <strong>Fa-Seife<\/strong> in einer damals sensationellen Werbekampagne das gelb-gr\u00fcne Limonen-Image, der Werbeslogan war: Die wilde Frische von Limonen. Die Bildmotive der Werbekampagne waren \u00fcberaus aufsehenerregend, eine h\u00fcbsche Frau, lange blonde Haare und ein Strand. <\/p>\n\n\n\n<p>Die <a href=\"https:\/\/web.archive.org\/web\/20220325015624\/https:\/\/www.de.fa.com\/\">Seife <strong>Fa<\/strong> <\/a>wurde von Henkel bis 2025 in \u00fcber 140 L\u00e4nder verkauft.<\/p>\n\n\n\n<p>Das <strong>Dreiring-Seifenwerk <\/strong>wurde 1997 an die Dalli Group verkauft, 2005 an die <strong>M. Kappus Seifenfabrik GmbH &amp; Co. KG<\/strong>. <br><br>Siehe auch die Brosch\u00fcre:<br><a href=\"https:\/\/web.archive.org\/web\/20120616211125if_\/http:\/\/www.kappus-seife.de:80\/pages\/downloads\/pdf\/imagebroschuere.pdf\">https:\/\/web.archive.org\/web\/20120616211125if_\/http:\/\/www.kappus-seife.de:80\/pages\/downloads\/pdf\/imagebroschuere.pdf<\/a><\/p>\n\n\n\n<p>Kappus arbeitete als Lohnunternehmen f\u00fcr fremde Markenprodukte. Gestiegene Rohstoffpreise und ein hoher Preisdruck f\u00fcr die Produktion von Seifen brachte den Hersteller zunehmend in Schwierigkeiten. Zuletzt wurden im Werk insgesamt bis zu 240 Mio. St\u00fccke Seife im Jahr produziert.<\/p>\n\n\n\n<figure class=\"wp-block-image size-large\"><a href=\"https:\/\/www.industriekultur-krefeld.org\/wp-content\/uploads\/dreiring-edited.jpg\"><img loading=\"lazy\" decoding=\"async\" width=\"1006\" height=\"598\" src=\"https:\/\/www.industriekultur-krefeld.org\/wp-content\/uploads\/dreiring-edited.jpg\" alt=\"\" class=\"wp-image-1928\" srcset=\"https:\/\/www.industriekultur-krefeld.org\/wp-content\/uploads\/dreiring-edited.jpg 1006w, https:\/\/www.industriekultur-krefeld.org\/wp-content\/uploads\/dreiring-edited-300x178.jpg 300w, https:\/\/www.industriekultur-krefeld.org\/wp-content\/uploads\/dreiring-edited-768x457.jpg 768w\" sizes=\"auto, (max-width: 767px) 89vw, (max-width: 1000px) 54vw, (max-width: 1071px) 543px, 580px\" \/><\/a><figcaption class=\"wp-element-caption\">Bildmarke Dreiring, 1771, in diesem Jahr gr\u00fcndete der Kaufmann Georg Wilhelm Melsbach am Friedrichsplatz in Krefeld eine Seifenfabrik.<\/figcaption><\/figure>\n\n\n\n<p>Nach der Insolvenz der Kappus-Gruppe im Jahr 2018 wurden von&nbsp;130 Arbeitspl\u00e4tzen 30 abgebaut. Als das Werk 2020 geschlossen wurde, verloren die verbliebenen Mitarbeiter ihren Arbeitsplatz.<\/p>\n\n\n\n<p>Der Henkel Konzern in D\u00fcsseldorf stellte den Vertrieb der <strong>Seife Fa<\/strong> im Jahr 2025 ein, die Marke Fa gab es seit 1954.&nbsp;<\/p>\n\n\n\n<h2 class=\"wp-block-heading has-vivid-red-color has-text-color\">Erhalt:<\/h2>\n\n\n\n<p>Der Fortbestand der Geb\u00e4ude ist ungekl\u00e4rt. Die Anlage steht &#8211; obwohl sie v\u00f6llig unzweifelhaft ein Baudenkmal nach DSchG NRW sind &#8211; <strong>nicht<\/strong> unter Denkmalschutz. In der Stadt Krefeld ist es offensichtlich politisch nicht gewollt, mit einer Unterschutzstellung ein weiteres als negativ gesehenes Industriedenkmal zu generieren. <br>Der Geb\u00e4udekomplex wurde durch die Hafengesellschaft aufgekauft. Es gibt keine Pl\u00e4ne zu einer Umnutzung, der Komplex ist dem Verfall preisgegeben. <\/p>\n\n\n\n<p>Die Unterlagen des Krefelder Unternehmens \u201eDreiring-Werke GmbH &amp; Co. KG\u201c wurden dem Stadtarchiv der Stadt Krefeld \u00fcbergeben, darunter auch Pl\u00e4ne zum Bau des Betriebsgeb\u00e4udes, das von den Krefelder Architekten <a href=\"https:\/\/www.industriekultur-krefeld.org\/?s=Girmes+Oediger\">Girmes &amp; Oediger<\/a> geplant wurde.<\/p>\n\n\n\n<p><\/p>\n\n\n\n<figure class=\"wp-block-gallery has-nested-images columns-default wp-block-gallery-2 is-layout-flex wp-block-gallery-is-layout-flex\">\n<figure class=\"wp-block-image size-large\"><a href=\"https:\/\/www.industriekultur-krefeld.org\/wp-content\/uploads\/IMG_0321.jpeg\"><img loading=\"lazy\" decoding=\"async\" width=\"1024\" height=\"709\" data-id=\"5701\" src=\"https:\/\/www.industriekultur-krefeld.org\/wp-content\/uploads\/IMG_0321-1024x709.jpeg\" alt=\"\" class=\"wp-image-5701\" srcset=\"https:\/\/www.industriekultur-krefeld.org\/wp-content\/uploads\/IMG_0321-1024x709.jpeg 1024w, https:\/\/www.industriekultur-krefeld.org\/wp-content\/uploads\/IMG_0321-300x208.jpeg 300w, https:\/\/www.industriekultur-krefeld.org\/wp-content\/uploads\/IMG_0321-768x532.jpeg 768w, https:\/\/www.industriekultur-krefeld.org\/wp-content\/uploads\/IMG_0321.jpeg 1196w\" sizes=\"auto, (max-width: 767px) 89vw, (max-width: 1000px) 54vw, (max-width: 1071px) 543px, 580px\" \/><\/a><\/figure>\n\n\n\n<figure class=\"wp-block-image size-large\"><a href=\"https:\/\/www.industriekultur-krefeld.org\/wp-content\/uploads\/IMG_0320.jpeg\"><img loading=\"lazy\" decoding=\"async\" width=\"1024\" height=\"585\" data-id=\"5702\" src=\"https:\/\/www.industriekultur-krefeld.org\/wp-content\/uploads\/IMG_0320-1024x585.jpeg\" alt=\"\" class=\"wp-image-5702\" srcset=\"https:\/\/www.industriekultur-krefeld.org\/wp-content\/uploads\/IMG_0320-1024x585.jpeg 1024w, https:\/\/www.industriekultur-krefeld.org\/wp-content\/uploads\/IMG_0320-300x171.jpeg 300w, https:\/\/www.industriekultur-krefeld.org\/wp-content\/uploads\/IMG_0320-768x439.jpeg 768w, https:\/\/www.industriekultur-krefeld.org\/wp-content\/uploads\/IMG_0320.jpeg 1448w\" sizes=\"auto, (max-width: 767px) 89vw, (max-width: 1000px) 54vw, (max-width: 1071px) 543px, 580px\" \/><\/a><\/figure>\n<figcaption class=\"blocks-gallery-caption wp-element-caption\">Baupl\u00e4ne der Seifenfabrik, Quelle: <a href=\"https:\/\/web.archive.org\/web\/20251205235430\/https:\/\/www.krefeld.de\/de\/stadtarchiv\/stadtarchiv\/\">Stadtarchiv Krefeld<\/a><\/figcaption><\/figure>\n\n\n\n<p><\/p>\n\n\n\n<h2 class=\"wp-block-heading has-vivid-red-color has-text-color\">Mehr lesen:<\/h2>\n\n\n\n<p><a href=\"https:\/\/www.industriekultur-krefeld.org\/index.php\/rheinhafen-krefeld\/\" data-type=\"page\" data-id=\"1684\">Rheinhafen Krefeld<br><\/a><a href=\"https:\/\/www.industriekultur-krefeld.org\/index.php\/lagergebaeude-rheinhafen\/\" data-type=\"page\" data-id=\"1689\">Lagergeb\u00e4ude Rheinhafen Krefeld<br><\/a><a href=\"https:\/\/www.industriekultur-krefeld.org\/index.php\/getreidespeicher-der-crefelder-lagerhausgesellschaft-schou\/\" data-type=\"page\" data-id=\"1843\">Getreidespeicher Schou im Rheinhafen Krefeld<br><\/a><a href=\"https:\/\/www.industriekultur-krefeld.org\/index.php\/muehlenwerke-gottschalk\/\" data-type=\"post\" data-id=\"1893\">M\u00fchle Gottschalk im Rheinhafen Krefel<\/a><\/p>\n\n\n\n<p><a href=\"https:\/\/www.industriekultur-krefeld.org\/index.php\/muehlenwerke-gottschalk\/\" data-type=\"post\" data-id=\"1893\"><br><\/a><\/p>\n","protected":false},"excerpt":{"rendered":"<p>Die Krefelder Seifenfabrik Melsbach verlagerte 1905 ihre Produktion in den neu errichteten Krefelder Rheinhafen. Nach dem Zusammenschluss mit mehreren anderen Seifenherstellern entstand daraus 1920 die Dreiring-Werke KG. Die Produktion im Werk lief 2020 aus. Sehenswert ist das Firmengeb\u00e4ude, dahinter kann man einen Blick auf die Produktionsgeb\u00e4ude werfen. Nebenan links liegen die &#8220;Henkel Fragrance Center&#8221; und &hellip; <\/p>\n<p class=\"link-more\"><a href=\"https:\/\/www.industriekultur-krefeld.org\/index.php\/seifenfabrik-dreiring\/\" class=\"more-link\"><span class=\"screen-reader-text\">\u201eSeifenfabrik Melsbach, Dreiring-Werke\u201c <\/span>weiterlesen<\/a><\/p>\n","protected":false},"author":1,"featured_media":5697,"parent":0,"menu_order":29,"comment_status":"open","ping_status":"closed","template":"","meta":{"footnotes":""},"categories":[22],"tags":[38,41,35,37],"class_list":["post-1896","page","type-page","status-publish","has-post-thumbnail","hentry","category-rheinhafen-krefeld","tag-chemie","tag-keine-nutzung","tag-linn","tag-gefaehrdet"],"_links":{"self":[{"href":"https:\/\/www.industriekultur-krefeld.org\/index.php\/wp-json\/wp\/v2\/pages\/1896","targetHints":{"allow":["GET"]}}],"collection":[{"href":"https:\/\/www.industriekultur-krefeld.org\/index.php\/wp-json\/wp\/v2\/pages"}],"about":[{"href":"https:\/\/www.industriekultur-krefeld.org\/index.php\/wp-json\/wp\/v2\/types\/page"}],"author":[{"embeddable":true,"href":"https:\/\/www.industriekultur-krefeld.org\/index.php\/wp-json\/wp\/v2\/users\/1"}],"replies":[{"embeddable":true,"href":"https:\/\/www.industriekultur-krefeld.org\/index.php\/wp-json\/wp\/v2\/comments?post=1896"}],"version-history":[{"count":42,"href":"https:\/\/www.industriekultur-krefeld.org\/index.php\/wp-json\/wp\/v2\/pages\/1896\/revisions"}],"predecessor-version":[{"id":7027,"href":"https:\/\/www.industriekultur-krefeld.org\/index.php\/wp-json\/wp\/v2\/pages\/1896\/revisions\/7027"}],"wp:featuredmedia":[{"embeddable":true,"href":"https:\/\/www.industriekultur-krefeld.org\/index.php\/wp-json\/wp\/v2\/media\/5697"}],"wp:attachment":[{"href":"https:\/\/www.industriekultur-krefeld.org\/index.php\/wp-json\/wp\/v2\/media?parent=1896"}],"wp:term":[{"taxonomy":"category","embeddable":true,"href":"https:\/\/www.industriekultur-krefeld.org\/index.php\/wp-json\/wp\/v2\/categories?post=1896"},{"taxonomy":"post_tag","embeddable":true,"href":"https:\/\/www.industriekultur-krefeld.org\/index.php\/wp-json\/wp\/v2\/tags?post=1896"}],"curies":[{"name":"wp","href":"https:\/\/api.w.org\/{rel}","templated":true}]}}