{"id":224,"date":"2021-01-05T16:56:31","date_gmt":"2021-01-05T15:56:31","guid":{"rendered":"https:\/\/www.industriekultur-krefeld.org\/?page_id=224"},"modified":"2025-08-29T09:43:17","modified_gmt":"2025-08-29T07:43:17","slug":"bombardierung-krefelds","status":"publish","type":"page","link":"https:\/\/www.industriekultur-krefeld.org\/index.php\/bombardierung-krefelds\/","title":{"rendered":"Bombardierungen Krefelds"},"content":{"rendered":"\n<figure class=\"wp-block-gallery has-nested-images columns-1 is-cropped wp-block-gallery-2 is-layout-flex wp-block-gallery-is-layout-flex\">\n<figure class=\"wp-block-image size-large\"><a href=\"https:\/\/www.industriekultur-krefeld.org\/wp-content\/uploads\/Avro_Lancaster_-_Royal_Air_Force_Bomber_Command_1942-1945._CH14680.jpg\"><img loading=\"lazy\" decoding=\"async\" width=\"1024\" height=\"722\" data-id=\"4358\" src=\"https:\/\/www.industriekultur-krefeld.org\/wp-content\/uploads\/Avro_Lancaster_-_Royal_Air_Force_Bomber_Command_1942-1945._CH14680-1024x722.jpg\" alt=\"\" class=\"wp-image-4358\" srcset=\"https:\/\/www.industriekultur-krefeld.org\/wp-content\/uploads\/Avro_Lancaster_-_Royal_Air_Force_Bomber_Command_1942-1945._CH14680-1024x722.jpg 1024w, https:\/\/www.industriekultur-krefeld.org\/wp-content\/uploads\/Avro_Lancaster_-_Royal_Air_Force_Bomber_Command_1942-1945._CH14680-300x212.jpg 300w, https:\/\/www.industriekultur-krefeld.org\/wp-content\/uploads\/Avro_Lancaster_-_Royal_Air_Force_Bomber_Command_1942-1945._CH14680-768x541.jpg 768w, https:\/\/www.industriekultur-krefeld.org\/wp-content\/uploads\/Avro_Lancaster_-_Royal_Air_Force_Bomber_Command_1942-1945._CH14680-1536x1083.jpg 1536w, https:\/\/www.industriekultur-krefeld.org\/wp-content\/uploads\/Avro_Lancaster_-_Royal_Air_Force_Bomber_Command_1942-1945._CH14680.jpg 1800w\" sizes=\"auto, (max-width: 767px) 89vw, (max-width: 1000px) 54vw, (max-width: 1071px) 543px, 580px\" \/><\/a><figcaption class=\"wp-element-caption\">Bodenteams tanken und beladen einen Avro Lancaster Bomber der 75th (Newzealand) Squadron RAF in Mepal, Cambridgeshire, f\u00fcr einen <strong>Nachtangriff auf Krefeld<\/strong>.&nbsp;Quelle: Imperial War Museums<\/figcaption><\/figure>\n\n\n\n<figure class=\"wp-block-image size-large\"><a href=\"https:\/\/www.industriekultur-krefeld.org\/wp-content\/uploads\/3879635.jpg\"><img loading=\"lazy\" decoding=\"async\" width=\"640\" height=\"494\" data-id=\"4376\" src=\"https:\/\/www.industriekultur-krefeld.org\/wp-content\/uploads\/3879635.jpg\" alt=\"\" class=\"wp-image-4376\" srcset=\"https:\/\/www.industriekultur-krefeld.org\/wp-content\/uploads\/3879635.jpg 640w, https:\/\/www.industriekultur-krefeld.org\/wp-content\/uploads\/3879635-300x232.jpg 300w\" sizes=\"auto, (max-width: 640px) 100vw, 640px\" \/><\/a><figcaption class=\"wp-element-caption\">Treffer auf der Bahnlinie Krefeld &#8211; Geldern am 23.02.1945 mit zwei 225kg Bomben<\/figcaption><\/figure>\n<\/figure>\n\n\n\n<figure class=\"wp-block-image size-large\"><a href=\"https:\/\/www.industriekultur-krefeld.org\/wp-content\/uploads\/image-148.png\"><img loading=\"lazy\" decoding=\"async\" width=\"1024\" height=\"739\" src=\"https:\/\/www.industriekultur-krefeld.org\/wp-content\/uploads\/image-148-1024x739.png\" alt=\"\" class=\"wp-image-4459\" srcset=\"https:\/\/www.industriekultur-krefeld.org\/wp-content\/uploads\/image-148-1024x739.png 1024w, https:\/\/www.industriekultur-krefeld.org\/wp-content\/uploads\/image-148-300x217.png 300w, https:\/\/www.industriekultur-krefeld.org\/wp-content\/uploads\/image-148-768x554.png 768w, https:\/\/www.industriekultur-krefeld.org\/wp-content\/uploads\/image-148-1536x1108.png 1536w, https:\/\/www.industriekultur-krefeld.org\/wp-content\/uploads\/image-148.png 1800w\" sizes=\"auto, (max-width: 767px) 89vw, (max-width: 1000px) 54vw, (max-width: 1071px) 543px, 580px\" \/><\/a><figcaption class=\"wp-element-caption\"><em>Quelle: Imperial War Museum, \u00a9 IWM OPX 77<\/em> <a href=\"https:\/\/www.iwm.org.uk\/collections\/item\/object\/1060029867\">https:\/\/www.iwm.org.uk\/collections\/item\/object\/1060029867<\/a><\/figcaption><\/figure>\n\n\n\n<p>Im \u201eBattle of the Ruhr\u201c war das Ruhrgebiet das prim\u00e4re Ziel der englischen Bomber, Krefeld geh\u00f6rte zu diesem Zielbereich. Den einzelnen Fl\u00e4chenzielen wurden Tarnnamen zugeteilt, Krefeld bekam den Tarnnamen &#8220;MAHSEER&#8221; (Stachel-Karpfen).<\/p>\n\n\n\n<p>Nach der 1942 vollzogen neuen <strong>Area Bombing Directive <\/strong>des<strong> Royal Airforce (RAF) Bomber Command<\/strong> unter dem britischen Luftmarschall <strong>Arthur Harris<\/strong>&nbsp;war das vorrangige Ziel der Luftangriffe nunmehr die <strong>Moral der feindlichen Zivilbev\u00f6lkerung<\/strong> und die <strong>Moral der Industriearbeiter<\/strong>. Die \u00c4nderung der Strategie ist in den erfolglosen Versuchen zu sehen, wirkungsvoll und zielgenau Einzelziele anzugreifen. Die Ziele der Fl\u00e4chenbombardements sollten, neben den weiter angeflogenen milit\u00e4rischen- und industriellen Zielen, nun insbesondere in den Wohngebieten der St\u00e4dte liegen. <\/p>\n\n\n\n<p>Diese Strategie der Fl\u00e4chenbombardements wurde auch nach Erfolgen mit Pr\u00e4zisionsbombardements, wie Beispielhaft der Angriff auf die Eder- und M\u00f6hnetalsperre am 16. auf den 17.&nbsp;Mai&nbsp;1943 zeigte, dennoch weiter verfolgt. <\/p>\n\n\n\n<p>Krefeld wurde als Ziel identifiziert, weil dort <strong>Chemiewerke<\/strong>, gro\u00dfe <strong>Textilfabriken<\/strong> in denen Fallschirme hergestellt wurden, <strong>metallverarbeitende Betriebe<\/strong> wie die <a href=\"https:\/\/www.industriekultur-krefeld.org\/index.php\/deutsche-edelstahlwerke\/\" title=\"Deutsche Edelstahlwerke \u2013 ehemals Krefelder Stahlwerk A.G.\">Deutschen Edelstahlwerke<\/a> die Kurbelwellen f\u00fcr Flugzeugmotoren und Panzer herstellen w\u00fcrden, <strong>Paul Kleinewefers<\/strong> der in seinem Unternehmen Flutklappen- und Schnorchelventile f\u00fcr U-Boote der dutschen Kriegsmarine herstellte. Ausserdem sei die Stadt ein bedeutendes <strong>Eisenbahndrehkreuz<\/strong>.<\/p>\n\n\n\n<h2 class=\"wp-block-heading has-vivid-red-color has-text-color\">Gro\u00dfangriff der RAF auf Krefeld am 22. Juni 1943<\/h2>\n\n\n\n<figure data-wp-context=\"{&quot;imageId&quot;:&quot;69ef6b7f5629d&quot;}\" data-wp-interactive=\"core\/image\" data-wp-key=\"69ef6b7f5629d\" class=\"wp-block-image size-large wp-lightbox-container\"><img loading=\"lazy\" decoding=\"async\" width=\"1024\" height=\"532\" data-wp-class--hide=\"state.isContentHidden\" data-wp-class--show=\"state.isContentVisible\" data-wp-init=\"callbacks.setButtonStyles\" data-wp-on--click=\"actions.showLightbox\" data-wp-on--load=\"callbacks.setButtonStyles\" data-wp-on-window--resize=\"callbacks.setButtonStyles\" src=\"https:\/\/www.industriekultur-krefeld.org\/wp-content\/uploads\/image-150-1024x532.png\" alt=\"\" class=\"wp-image-4464\" srcset=\"https:\/\/www.industriekultur-krefeld.org\/wp-content\/uploads\/image-150-1024x532.png 1024w, https:\/\/www.industriekultur-krefeld.org\/wp-content\/uploads\/image-150-300x156.png 300w, https:\/\/www.industriekultur-krefeld.org\/wp-content\/uploads\/image-150-768x399.png 768w, https:\/\/www.industriekultur-krefeld.org\/wp-content\/uploads\/image-150-1536x798.png 1536w, https:\/\/www.industriekultur-krefeld.org\/wp-content\/uploads\/image-150.png 1600w\" sizes=\"auto, (max-width: 767px) 89vw, (max-width: 1000px) 54vw, (max-width: 1071px) 543px, 580px\" \/><button\n\t\t\tclass=\"lightbox-trigger\"\n\t\t\ttype=\"button\"\n\t\t\taria-haspopup=\"dialog\"\n\t\t\taria-label=\"Vergr\u00f6\u00dfern\"\n\t\t\tdata-wp-init=\"callbacks.initTriggerButton\"\n\t\t\tdata-wp-on--click=\"actions.showLightbox\"\n\t\t\tdata-wp-style--right=\"state.imageButtonRight\"\n\t\t\tdata-wp-style--top=\"state.imageButtonTop\"\n\t\t>\n\t\t\t<svg xmlns=\"http:\/\/www.w3.org\/2000\/svg\" width=\"12\" height=\"12\" fill=\"none\" viewBox=\"0 0 12 12\">\n\t\t\t\t<path fill=\"#fff\" d=\"M2 0a2 2 0 0 0-2 2v2h1.5V2a.5.5 0 0 1 .5-.5h2V0H2Zm2 10.5H2a.5.5 0 0 1-.5-.5V8H0v2a2 2 0 0 0 2 2h2v-1.5ZM8 12v-1.5h2a.5.5 0 0 0 .5-.5V8H12v2a2 2 0 0 1-2 2H8Zm2-12a2 2 0 0 1 2 2v2h-1.5V2a.5.5 0 0 0-.5-.5H8V0h2Z\" \/>\n\t\t\t<\/svg>\n\t\t<\/button><figcaption class=\"wp-element-caption\">Flugroute England &#8211; Krefeld &#8211; England am 29.01.1945 eines Lancaster Bombers der RAF Base Waterbeach des 514 Squadron, Aufzeichnung der geplotteten Flugroute von Martin Catty, Angriff auf \u201cKrefeld Marshalling Yards,\u201d IBCC Digital Archive, accessed February 24, 2021, <a href=\"https:\/\/ibccdigitalarchive.lincoln.ac.uk\/omeka\/collections\/document\/16272\"><span style=\"text-decoration: underline;\">https:\/\/ibccdigitalarchive.lincoln.ac.uk\/omeka\/collections\/document\/16272<\/span><\/a><\/figcaption><\/figure>\n\n\n\n<p>Die Mitschrift von Joan Gardiner im Bomber Command HQ High Wycombe zum Angriff auf Krefeld listet 696 Bomber, die sechs verschiedenen Gruppen des RAF Bomber-Kommandos angeh\u00f6rten. Die Flugzeugtypen waren 262 viermotorige Avro Lancaster, 117 viermotorige Short Stirling, 209 viermotorige Handley Page Halifax Bomber, sowie 105 zweimotorige Vickers Wellington Bomber.<\/p>\n\n\n\n<p>Der festgelegte Angriffsmodus war laut Aufzeichnung &#8220;<strong>Musical Paramatta<\/strong>&#8221; = der Code f\u00fcr &#8220;Blind Ground Marking using <em>Oboe<\/em>&#8220;. \u00dcbersetzt: der Zielbereich Krefeld sollte durch unterschiedliche farbige Leuchtbomben markiert werden und dazu das elektronische &#8220;Oboe- Funknavigationsger\u00e4t&#8221; genutzt werden. Die hoch entwickelten <em>Oboe<\/em>-Empf\u00e4nger konnten in den &#8220;Pathfindern&#8221; (Markierungsflugzeugen) Funksignale von Sendern in England empfangen, um den genauen Standort \u00fcber dem feindlichen Ziel ablesen zu k\u00f6nnen.<\/p>\n\n\n\n<p>Zur Zielmarkierung wurden 12 schnelle De Havilland DH.98 Mosquito Mehrzweckflugzeuge eingesetzt, die aufgrund ihrer Leichtbauweise mit Holz so hohe Geschwindigkeiten und Flugh\u00f6hen erzielten, dass sie f\u00fcr die deutsche Luftverteidigung nahezu unangreifbar waren. <\/p>\n\n\n<div class=\"wp-block-image is-resized\">\n<figure data-wp-context=\"{&quot;imageId&quot;:&quot;69ef6b7f56ed9&quot;}\" data-wp-interactive=\"core\/image\" data-wp-key=\"69ef6b7f56ed9\" class=\"alignright size-large wp-lightbox-container\"><img loading=\"lazy\" decoding=\"async\" width=\"172\" height=\"235\" data-wp-class--hide=\"state.isContentHidden\" data-wp-class--show=\"state.isContentVisible\" data-wp-init=\"callbacks.setButtonStyles\" data-wp-on--click=\"actions.showLightbox\" data-wp-on--load=\"callbacks.setButtonStyles\" data-wp-on-window--resize=\"callbacks.setButtonStyles\" src=\"https:\/\/www.industriekultur-krefeld.org\/wp-content\/uploads\/image-145.png\" alt=\"\" class=\"wp-image-4436\"\/><button\n\t\t\tclass=\"lightbox-trigger\"\n\t\t\ttype=\"button\"\n\t\t\taria-haspopup=\"dialog\"\n\t\t\taria-label=\"Vergr\u00f6\u00dfern\"\n\t\t\tdata-wp-init=\"callbacks.initTriggerButton\"\n\t\t\tdata-wp-on--click=\"actions.showLightbox\"\n\t\t\tdata-wp-style--right=\"state.imageButtonRight\"\n\t\t\tdata-wp-style--top=\"state.imageButtonTop\"\n\t\t>\n\t\t\t<svg xmlns=\"http:\/\/www.w3.org\/2000\/svg\" width=\"12\" height=\"12\" fill=\"none\" viewBox=\"0 0 12 12\">\n\t\t\t\t<path fill=\"#fff\" d=\"M2 0a2 2 0 0 0-2 2v2h1.5V2a.5.5 0 0 1 .5-.5h2V0H2Zm2 10.5H2a.5.5 0 0 1-.5-.5V8H0v2a2 2 0 0 0 2 2h2v-1.5ZM8 12v-1.5h2a.5.5 0 0 0 .5-.5V8H12v2a2 2 0 0 1-2 2H8Zm2-12a2 2 0 0 1 2 2v2h-1.5V2a.5.5 0 0 0-.5-.5H8V0h2Z\" \/>\n\t\t\t<\/svg>\n\t\t<\/button><figcaption class=\"wp-element-caption\">H2S Bodenradarbild, Position \u00fcber Krefeld. Foto: RAF, <em>(w\u00e4hrend eines Angriffs auf D\u00fcsseldorf im November 1944<\/em>)<\/figcaption><\/figure>\n<\/div>\n\n\n<p>Das Wetter \u00fcber dem Ziel in Krefeld waren d\u00fcnne Wolkenflecken, durch die die farbigen  Markierungsbomben deutlich zu sehen waren. Der Abwurf der verschiedenfarbigen Markierungsbomben lief in drei Wellen mit 1000m, in den weiteren Wellen 3000m H\u00f6he, jeweils mit ca. 15min Abstand, zwischen 01:27 Uhr bis 02:20 Uhr ab. Die Bomber flogen zwei Angriffe.<\/p>\n\n\n\n<p>Die Luftaufkl\u00e4rung der RAF ergab, dass 75% der nun Krefeld \u00fcberfliegenden 619 Bomber ihre Ladungen von 2.306t innerhalb von 4.800m um das markierte Ziel abwarfen. <\/p>\n\n\n\n<p>11 der als Ziel identifizierten Fabriken und 12 andere kleine Industriegebiete wurden zerst\u00f6rt oder schwer besch\u00e4digt, das Gaswerk wurde zusammen mit zweien der Gasbeh\u00e4lter durch Feuer besch\u00e4digt. Die Luftaufkl\u00e4rung ergab allerdings auch, dass der gr\u00f6\u00dfte Schaden bei Gesch\u00e4fts- Wohn- und \u00f6ffentlichen Geb\u00e4uden eintrat. W\u00e4hrend des Angriffs wurden \u00fcber den Niederlanden und Deutschland acht der Bomber von Flakfeuer und 30 von deutschen Jagdflugzeugen abgeschossen. <\/p>\n\n\n\n<p>Am 1. Juli 1943 berichten US amerikanische Zeitungen wie die St. Petersburg Times aus Florida \u00fcber die Luftangriffe auf Krefeld, siehe <a href=\"https:\/\/news.google.com\/newspapers?id=iLUKAAAAIBAJ&amp;sjid=hU0DAAAAIBAJ&amp;pg=5553,1654755&amp;dq=krefeld&amp;hl=de\">hier<\/a>, die australische The Sidney Morning Herald siehe <a href=\"https:\/\/trove.nla.gov.au\/newspaper\/article\/17853777\">hier<\/a>.<\/p>\n\n\n\n<p>Der Angriff wurde durch einen RAF Avro Lancaster Bomber in 4500m h\u00f6he fliegend mit zwei Bordkameras f\u00fcr den &#8220;<strong>Immediate Assessment of Damage Report<\/strong>&#8221; gefilmt. Die Zielgenauigkeit des Bombenabwurfs war im Film, aufgrund der kurzen Lichtimpulse der Bomben, besser auszuwerten als mit Fotografien. Einer dieser Filme ist im Imperial War Museum erhalten: <a href=\"https:\/\/www.iwm.org.uk\/collections\/item\/object\/1060029867\">RAF Bomber Command Attack on Krefeld<\/a><em>,<\/em> Angriffe am 21\/22.6.1943, im Film ab Minute 6:33.<\/p>\n\n\n\n<p>Nach dem Angriff auf Krefeld wurden bei Tageslicht Fotos der Luftaufkl\u00e4rung gemacht. <\/p>\n\n\n\n<figure class=\"wp-block-gallery has-nested-images columns-default is-cropped wp-block-gallery-3 is-layout-flex wp-block-gallery-is-layout-flex\">\n<figure data-wp-context=\"{&quot;imageId&quot;:&quot;69ef6b7f57a7b&quot;}\" data-wp-interactive=\"core\/image\" data-wp-key=\"69ef6b7f57a7b\" class=\"wp-block-image size-large wp-lightbox-container\"><img loading=\"lazy\" decoding=\"async\" width=\"640\" height=\"505\" data-wp-class--hide=\"state.isContentHidden\" data-wp-class--show=\"state.isContentVisible\" data-wp-init=\"callbacks.setButtonStyles\" data-wp-on--click=\"actions.showLightbox\" data-wp-on--load=\"callbacks.setButtonStyles\" data-wp-on-window--resize=\"callbacks.setButtonStyles\" data-id=\"4377\" src=\"https:\/\/www.industriekultur-krefeld.org\/wp-content\/uploads\/4094574.jpg\" alt=\"\" class=\"wp-image-4377\" srcset=\"https:\/\/www.industriekultur-krefeld.org\/wp-content\/uploads\/4094574.jpg 640w, https:\/\/www.industriekultur-krefeld.org\/wp-content\/uploads\/4094574-300x237.jpg 300w\" sizes=\"auto, (max-width: 640px) 100vw, 640px\" \/><button\n\t\t\tclass=\"lightbox-trigger\"\n\t\t\ttype=\"button\"\n\t\t\taria-haspopup=\"dialog\"\n\t\t\taria-label=\"Vergr\u00f6\u00dfern\"\n\t\t\tdata-wp-init=\"callbacks.initTriggerButton\"\n\t\t\tdata-wp-on--click=\"actions.showLightbox\"\n\t\t\tdata-wp-style--right=\"state.imageButtonRight\"\n\t\t\tdata-wp-style--top=\"state.imageButtonTop\"\n\t\t>\n\t\t\t<svg xmlns=\"http:\/\/www.w3.org\/2000\/svg\" width=\"12\" height=\"12\" fill=\"none\" viewBox=\"0 0 12 12\">\n\t\t\t\t<path fill=\"#fff\" d=\"M2 0a2 2 0 0 0-2 2v2h1.5V2a.5.5 0 0 1 .5-.5h2V0H2Zm2 10.5H2a.5.5 0 0 1-.5-.5V8H0v2a2 2 0 0 0 2 2h2v-1.5ZM8 12v-1.5h2a.5.5 0 0 0 .5-.5V8H12v2a2 2 0 0 1-2 2H8Zm2-12a2 2 0 0 1 2 2v2h-1.5V2a.5.5 0 0 0-.5-.5H8V0h2Z\" \/>\n\t\t\t<\/svg>\n\t\t<\/button><figcaption class=\"wp-element-caption\">Luftaufkl\u00e4rung nach dem Angriff auf Krefeld, Bildmitte: Blumentalstra\u00dfe im Nordosten der Stadt, <em>\u00a9<\/em> Australian War Memorial<\/figcaption><\/figure>\n<\/figure>\n\n\n\n<hr class=\"wp-block-separator has-css-opacity\"\/>\n\n\n\n<p>Berichte aus Krefeld meldeten f\u00fcr den 22. Juni 1943, dass 1036 Krefelder starben, mehr als 9000 verletzt wurden und mehr als 72000 Menschen obdachlos waren. 82% der Geb\u00e4ude in der Innenstadt waren zerst\u00f6rt, darunter 6000 Wohngeb\u00e4ude, 25 Verwaltungsgeb\u00e4ude, rund 20 Schulen und auch 37 Industriegeb\u00e4ude.<\/p>\n\n\n\n<figure class=\"wp-block-image size-large\"><img loading=\"lazy\" decoding=\"async\" width=\"1024\" height=\"687\" src=\"https:\/\/www.industriekultur-krefeld.org\/wp-content\/uploads\/image-156-1024x687.png\" alt=\"\" class=\"wp-image-4497\" srcset=\"https:\/\/www.industriekultur-krefeld.org\/wp-content\/uploads\/image-156-1024x687.png 1024w, https:\/\/www.industriekultur-krefeld.org\/wp-content\/uploads\/image-156-300x201.png 300w, https:\/\/www.industriekultur-krefeld.org\/wp-content\/uploads\/image-156-768x515.png 768w, https:\/\/www.industriekultur-krefeld.org\/wp-content\/uploads\/image-156-1536x1031.png 1536w, https:\/\/www.industriekultur-krefeld.org\/wp-content\/uploads\/image-156.png 1800w\" sizes=\"auto, (max-width: 767px) 89vw, (max-width: 1000px) 54vw, (max-width: 1071px) 543px, 580px\" \/><figcaption class=\"wp-element-caption\">Krefeld 1945, Quelle: National Archives at College Park, The National Archives and Records Administration (NARA) USA<\/figcaption><\/figure>\n\n\n\n<h2 class=\"wp-block-heading has-vivid-red-color has-text-color\" id=\"Edelstahlwerke\">Deutsche Edelstahlwerke<\/h2>\n\n\n\n<p>Im &#8220;Bomber`s Baedeker&#8221;, der Auflistung strategischer Ziele der britischen Royal Airforce, ist \u00fcber das Werk zu lesen: &#8220;Die Hauptbedeutung Krefelds liegt im gro\u00dfen Anteil an der Spezialstahlerzeugung, die hier im ausgedehnten Komplex der Deutschen Edelstahlwerke AG konzentriert ist. Das ist einer der f\u00fchrenden deutschen Hersteller von Spezialst\u00e4hlen, Drehstahlen, Flugzeugstahl, Panzerplatten und anderer Waren von Bedeutung f\u00fcr die Kriegsproduktion.&#8221; Das Werk wurde in die h\u00f6chste Stufe eingeordnet. <\/p>\n\n\n\n<p>Der erste Bombenangriff auf Krefeld mit neun Bomben erfolgte auf das Edelstahlwerk am 22. Mai 1940. Im Werk gab es keine Sch\u00e4den. Siehe <a href=\"https:\/\/www.industriekultur-krefeld.org\/index.php\/deutsche-edelstahlwerke\/\" data-type=\"page\" data-id=\"704\">deutsche Edelstahlwerke<\/a><\/p>\n\n\n\n<h2 class=\"wp-block-heading has-vivid-red-color has-text-color\">I.G. Farben Werk Uerdingen<\/h2>\n\n\n\n<p>W\u00e4hrend Luftangriffen 1944 wurden Teile der Kampfstoffproduktion im Werk getroffen, in denen der Gifi-Kampfstoff Adamsit (Azin) hergestellt wurde. Zerst\u00f6rt wurde durch einen Luftangriff auch das Wohnhaus des Gr\u00fcnders <strong>Edmund ter Meer<\/strong>. Siehe <a href=\"https:\/\/www.industriekultur-krefeld.org\/index.php\/farbwerke-ter-meer\/\">Farbenfabrik Weiler ter Meer<\/a>.<\/p>\n","protected":false},"excerpt":{"rendered":"<p>Im \u201eBattle of the Ruhr\u201c war das Ruhrgebiet das prim\u00e4re Ziel der englischen Bomber, Krefeld geh\u00f6rte zu diesem Zielbereich. Den einzelnen Fl\u00e4chenzielen wurden Tarnnamen zugeteilt, Krefeld bekam den Tarnnamen &#8220;MAHSEER&#8221; (Stachel-Karpfen). Nach der 1942 vollzogen neuen Area Bombing Directive des Royal Airforce (RAF) Bomber Command unter dem britischen Luftmarschall Arthur Harris&nbsp;war das vorrangige Ziel der &hellip; <\/p>\n<p class=\"link-more\"><a href=\"https:\/\/www.industriekultur-krefeld.org\/index.php\/bombardierung-krefelds\/\" class=\"more-link\"><span class=\"screen-reader-text\">\u201eBombardierungen Krefelds\u201c <\/span>weiterlesen<\/a><\/p>\n","protected":false},"author":1,"featured_media":0,"parent":0,"menu_order":54,"comment_status":"closed","ping_status":"closed","template":"","meta":{"footnotes":""},"categories":[],"tags":[],"class_list":["post-224","page","type-page","status-publish","hentry"],"_links":{"self":[{"href":"https:\/\/www.industriekultur-krefeld.org\/index.php\/wp-json\/wp\/v2\/pages\/224","targetHints":{"allow":["GET"]}}],"collection":[{"href":"https:\/\/www.industriekultur-krefeld.org\/index.php\/wp-json\/wp\/v2\/pages"}],"about":[{"href":"https:\/\/www.industriekultur-krefeld.org\/index.php\/wp-json\/wp\/v2\/types\/page"}],"author":[{"embeddable":true,"href":"https:\/\/www.industriekultur-krefeld.org\/index.php\/wp-json\/wp\/v2\/users\/1"}],"replies":[{"embeddable":true,"href":"https:\/\/www.industriekultur-krefeld.org\/index.php\/wp-json\/wp\/v2\/comments?post=224"}],"version-history":[{"count":54,"href":"https:\/\/www.industriekultur-krefeld.org\/index.php\/wp-json\/wp\/v2\/pages\/224\/revisions"}],"predecessor-version":[{"id":6960,"href":"https:\/\/www.industriekultur-krefeld.org\/index.php\/wp-json\/wp\/v2\/pages\/224\/revisions\/6960"}],"wp:attachment":[{"href":"https:\/\/www.industriekultur-krefeld.org\/index.php\/wp-json\/wp\/v2\/media?parent=224"}],"wp:term":[{"taxonomy":"category","embeddable":true,"href":"https:\/\/www.industriekultur-krefeld.org\/index.php\/wp-json\/wp\/v2\/categories?post=224"},{"taxonomy":"post_tag","embeddable":true,"href":"https:\/\/www.industriekultur-krefeld.org\/index.php\/wp-json\/wp\/v2\/tags?post=224"}],"curies":[{"name":"wp","href":"https:\/\/api.w.org\/{rel}","templated":true}]}}