{"id":4390,"date":"2021-02-22T18:00:59","date_gmt":"2021-02-22T17:00:59","guid":{"rendered":"https:\/\/www.industriekultur-krefeld.org\/?p=4390"},"modified":"2021-03-07T10:28:02","modified_gmt":"2021-03-07T09:28:02","slug":"faerberei-flores","status":"publish","type":"page","link":"https:\/\/www.industriekultur-krefeld.org\/index.php\/faerberei-flores\/","title":{"rendered":"F\u00e4rberei Flores"},"content":{"rendered":"\n<p>Eines der sch\u00f6nsten Backstein- Industrieensemles Krefelds liegt verborgen auf der R\u00fcckseite der allseits bekannten HE-Geb\u00e4ude der Verseidag. Dort liegt die sich erfrischend vom bauhausweiss abhebende Backstein-Architektur der F\u00e4rberei Flores Co. <\/p>\n\n\n\n<p>Sehenswert sind dort die erhaltenen Fabrikationsbauten, insbesondere der Wasserturm f\u00fcr die Stoffveredelung und die benachbarten verschiedenen Shedhallen und H\u00f6fe. <\/p>\n\n\n\n<!--more-->\n\n\n\n<h2 class=\"has-vivid-red-color has-text-color wp-block-heading\">Geschichte und Hintergrund<\/h2>\n\n\n<div class=\"leaflet-map WPLeafletMap\" style=\"height:400px; width:100%;\"><\/div><script>\nwindow.WPLeafletMapPlugin = window.WPLeafletMapPlugin || [];\nwindow.WPLeafletMapPlugin.push(function WPLeafletMapShortcode() {\/*<script>*\/\nvar baseUrl = atob('aHR0cHM6Ly97c30udGlsZS5vcGVuc3RyZWV0bWFwLm9yZy97en0ve3h9L3t5fS5wbmc=');\nvar base = (!baseUrl && window.MQ) ?\n    window.MQ.mapLayer() : L.tileLayer(baseUrl,\n        L.Util.extend({}, {\n            detectRetina: 1,\n        },\n        {\"subdomains\":\"abc\",\"noWrap\":false,\"maxZoom\":20}        )\n    );\n    var options = L.Util.extend({}, {\n        layers: [base],\n        attributionControl: false\n    },\n    {\"tap\":false,\"zoomControl\":true,\"scrollWheelZoom\":false,\"doubleClickZoom\":true,\"fitBounds\":false,\"minZoom\":1,\"maxZoom\":20,\"maxBounds\":null,\"attribution\":\"<a href=\\\"http:\\\/\\\/leafletjs.com\\\" title=\\\"Eine Javascript-Bibliothek f\\u00fcr interaktive Karten\\\">Leaflet<\\\/a>; \\u00a9 <a href=\\\"http:\\\/\\\/www.openstreetmap.org\\\/copyright\\\">OpenStreetMap<\\\/a> Mitwirkende\"},\n    {});\nwindow.WPLeafletMapPlugin.createMap(options).setView([51.345213,6.543776],13);window.WPLeafletMapPlugin.createScale({});});<\/script>\n<script>\nwindow.WPLeafletMapPlugin = window.WPLeafletMapPlugin || [];\nwindow.WPLeafletMapPlugin.push(function WPLeafletMarkerShortcode() {\/*<script>*\/\nvar map = window.WPLeafletMapPlugin.getCurrentMap();\nvar group = window.WPLeafletMapPlugin.getCurrentGroup();\nvar marker_options = window.WPLeafletMapPlugin.getIconOptions({\"title\":\"F\\u00e4rberei Flores\",\"alt\":\"F&auml;rberei Flores\",\"zIndexOffset\":1000,\"iconUrl\":\"https:\\\/\\\/www.industriekultur-krefeld.org\\\/wp-content\\\/uploads\\\/icon-selected.png\",\"shadowUrl\":\"https:\\\/\\\/unpkg.com\\\/leaflet@1.7.1\\\/dist\\\/images\\\/marker-shadow.png\",\"iconAnchor\":\"20,20\"});\nvar marker = L.marker(\n    [51.345213,6.543776],\n    marker_options\n);\nvar is_image = map.is_image_map;\nif (marker_options.draggable) {\n    marker.on('dragend', function () {\n        var latlng = this.getLatLng();\n        var lat = latlng.lat;\n        var lng = latlng.lng;\n        if (is_image) {\n            console.log('leaflet-marker y=' + lat + ' x=' + lng);\n        } else {\n            console.log('leaflet-marker lat=' + lat + ' lng=' + lng);\n        }\n    });\n}\nmarker.addTo( group );\nmarker.bindPopup(window.WPLeafletMapPlugin.unescape('&lt;a href=\\&quot;https:\/\/www.industriekultur-krefeld.org\/index.php\/verseidag\/\\&quot;&gt;F\u00e4rberei Flores&lt;\/a&gt;')).openPopup();window.WPLeafletMapPlugin.markers.push( marker );\n        });<\/script>\n<script>\nwindow.WPLeafletMapPlugin = window.WPLeafletMapPlugin || [];\nwindow.WPLeafletMapPlugin.push(function WPLeafletjsonShortcode() {\/*<script>*\/\nvar src = 'https:\/\/www.industriekultur-krefeld.org\/geojson.php';\nvar default_style = {};\nvar rewrite_keys = {\n    stroke : 'color',\n    'stroke-width' : 'weight',\n    'stroke-opacity' : 'opacity',\n    fill : 'fillColor',\n    'fill-opacity' : 'fillOpacity',\n};\n\/\/ htmlspecialchars converts & to \"&amp;\"; maybe unnecessarily, and maybe 3x\nvar ampersandRegex = \/&(?:amp;){1,3}\/g\nvar layer = L.ajaxGeoJson(src.replace(ampersandRegex, '&'), {\n    type: 'json',\n    style : layerStyle,\n    onEachFeature : onEachFeature,\n    pointToLayer: pointToLayer\n});\nvar fitbounds = 0;\nvar circleMarker = 0;\nvar popup_text = window.WPLeafletMapPlugin.unescape(\"&lt;br&gt;&lt;p&gt;&lt;a href=&quot;https:\/\/www.industriekultur-krefeld.org\/index.php\/{name}&quot;&gt;{title}&lt;br \/&gt;&lt;button&gt;&lt;i class=&quot;material-icons&quot;&gt;account_balance&lt;\/i&gt;Ansehen&lt;\/button&gt;&lt;\/a&gt;&lt;a href=&quot;http:\/\/maps.google.com\/maps?q={lat},{lng}&amp;amp;navigate=yes&quot;&gt;&lt;button&gt;&lt;i class=&quot;material-icons&quot;&gt;explore&lt;\/i&gt;Navigation starten&lt;\/button&gt;&lt;\/a&gt;&lt;\/p&gt;&lt;br&gt;&lt;p&gt;\");\nvar popup_property = \"\";\nvar table_view = 0;\nvar group = window.WPLeafletMapPlugin.getCurrentGroup();\nvar markerOptions = window.WPLeafletMapPlugin.getIconOptions({});\nlayer.addTo( group );\nwindow.WPLeafletMapPlugin.geojsons.push( layer );\nif (fitbounds) {\n    layer.on('ready', function () {\n        this.map.fitBounds( this.getBounds() );\n    });\n}\nfunction layerStyle (feature) {\n    var props = feature.properties || {};\n    var style = {};\n    function camelFun (_, first_letter) {\n        return first_letter.toUpperCase();\n    };\n    for (var key in props) {\n        if (key.match('-')) {\n            var camelcase = key.replace(\/-(\\w)\/, camelFun);\n            style[ camelcase ] = props[ key ];\n        }\n        \/\/ rewrite style keys from geojson.io\n        if (rewrite_keys[ key ]) {\n            style[ rewrite_keys[ key ] ] = props[ key ];\n        }\n    }\n    return L.Util.extend(style, default_style);\n}\nfunction onEachFeature (feature, layer) {\n    var props = feature.properties || {};\n    var text;\n    if (table_view) {\n        text = window.WPLeafletMapPlugin.propsToTable(props);\n    } else {\n        text = popup_property\n            ? props[ popup_property ]\n            : window.WPLeafletMapPlugin.template(\n                popup_text, \n                feature.properties\n            );\n    }\n    if (text) {\n        layer.bindPopup( text );\n    }\n}\n    function pointToLayer (feature, latlng) {\n    if (circleMarker) {\n        return L.circleMarker(latlng);\n    }\n    return L.marker(latlng, markerOptions);\n}});<\/script>\n<script>\nwindow.WPLeafletMapPlugin = window.WPLeafletMapPlugin || [];\nwindow.WPLeafletMapPlugin.push(function WPLeafletScaleShortcode() {window.WPLeafletMapPlugin.createScale({\"imperial\":false,\"position\":\"topright\"});});<\/script><\/p>\n\n\n\n<figure class=\"wp-block-image size-large\"><img loading=\"lazy\" decoding=\"async\" width=\"1024\" height=\"768\" src=\"https:\/\/www.industriekultur-krefeld.org\/wp-content\/uploads\/image-143-1024x768.png\" alt=\"\" class=\"wp-image-4398\" srcset=\"https:\/\/www.industriekultur-krefeld.org\/wp-content\/uploads\/image-143-1024x768.png 1024w, https:\/\/www.industriekultur-krefeld.org\/wp-content\/uploads\/image-143-300x225.png 300w, https:\/\/www.industriekultur-krefeld.org\/wp-content\/uploads\/image-143-768x576.png 768w, https:\/\/www.industriekultur-krefeld.org\/wp-content\/uploads\/image-143.png 1500w\" sizes=\"auto, (max-width: 767px) 89vw, (max-width: 1000px) 54vw, (max-width: 1071px) 543px, 580px\" \/><\/figure>\n\n\n\n<p><\/p>\n\n\n\n<p>Die Geschichte der F\u00e4rberei Flores begann inmitten der Innenstadt. 1868 gr\u00fcndete dort der Elberfelder F\u00e4rber Eugen Stolte die damals 37. F\u00e4rberei Krefelds. Sie lag auf dem heutigen Theaterplatz an der St. Anton Stra\u00dfe. Als die Stadt f\u00fcr den Neubau des Theaters dieses F\u00e4rberei-Grundst\u00fcck ben\u00f6tigte, wurde das Unternehmen, welches seit einigen Jahren der Familie Flores geh\u00f6rte, 1911 auf die Felder nach Inrath verlegt, dem heutigen Standort an der Weyerhofstra\u00dfe.<\/p>\n\n\n\n<p>Und dies hatte mehrere bedeutende Vorteile f\u00fcr die kleine F\u00e4rberei von <strong>Max Flores<\/strong>: dort gab es, im Vergleich zur engen Stadt, die M\u00f6glichkeit sich gewaltig auszudeheen und verst\u00e4rkt in die industrielle F\u00e4rberei mit synthetischen Farbstoffen einzusteigen, es gab dort eigne Grundwasserbrunnen mit guter Qualit\u00e4t und zudem die N\u00e4he zum Eisenbahnanschlu\u00df an die <a href=\"https:\/\/www.industriekultur-krefeld.org\/index.php\/schluff\/\" data-type=\"page\" data-id=\"394\">Krefelder Industriebahn &#8220;Schluff&#8221;<\/a>, mit der zB. die ben\u00f6tigte Kohle kosteng\u00fcnstig herbeigeschafft werden konnte. <\/p>\n\n\n\n<p>Einer der Kunden war die bekannte <strong>Mechanische Seidenweberei und Tuchfabrik Deu\u00df&nbsp;&amp;&nbsp;Oetker<\/strong>, f\u00fcr die die schwierige F\u00e4rbung &#8220;Superieur&#8221; (Blauschwarz) von Flores vorgenommen wurde. Die Werkanlage wuchs Schrittweise mit immer neuen Anlagen und Geb\u00e4udeteilen zu einer der gr\u00f6\u00dften industriellen F\u00e4rbereien Krefelds heran, \u00fcbernahm den Betrieb Missy und wurde zur Aktiengesellschaft. Flores hatte um 1930 bis zu 800 Mitarbeiter. <\/p>\n\n\n\n<p>Benachbartes Unternehmen war die <a href=\"https:\/\/www.industriekultur-krefeld.org\/index.php\/verseidag\/\" data-type=\"page\" data-id=\"153\">Vereinigte Seidenwebereien AG Verseidag<\/a>, die 1931-38 nach den Pl\u00e4nen von <a href=\"https:\/\/www.industriekultur-krefeld.org\/?s=Mies+van+der+Rohe\">Mies van der Rohe<\/a> dort sensationelle Geb\u00e4ude des modernen Bauens errichten lies, die sich bis heute mit dem r\u00f6tlichen Backsteincharme der \u00e4lteren F\u00e4rberei Flores gut erg\u00e4nzen.    <\/p>\n\n\n\n<p>W\u00e4hrend der <a href=\"https:\/\/www.industriekultur-krefeld.org\/index.php\/bombardierung-krefelds\/\">Bombardierungen<\/a> der Stadt im Zweiten Weltkrieg wurde der Norden Krefelds besonders stark getroffen, auch der Geb\u00e4udebestand bei Flores wurde erheblich besch\u00e4digt. Der Wiederaufbau erfolgte langsam aber stetig und behielt die alten Architekturformen und Funktionen der Geb\u00e4ude gro\u00dfenteils bei, bis in der Textilkrise 1976 der Betrieb mit seinen letzten 250 Mitarbeitern in Konkurs ging.  <\/p>\n\n\n\n<p>Die Geb\u00e4ude wurden seit dem als Lager unterschiedlichster Firmen benutzt und \u00fcberlebten auch nur dadurch. Heute geh\u00f6ren sie insgesamt zum Gel\u00e4nde des \u201cMies van der Rohe Businessparks\u201d und werden neuen Nutzungen zugef\u00fchrt.<\/p>\n\n\n\n<figure class=\"wp-block-image size-large\"><img decoding=\"async\" src=\"https:\/\/www.industriekultur-krefeld.org\/wp-content\/uploads\/2021\/01\/IMG_7370-1024x768.jpeg\" alt=\"\" class=\"wp-image-130\"\/><figcaption><a href=\"https:\/\/www.mies-van-der-rohe.com\">Mies van der Rohe Business Park<\/a>. Foto: \u00a9 Christoph Becker<\/figcaption><\/figure>\n\n\n\n<h2 class=\"has-vivid-red-color has-text-color wp-block-heading\">Erhalt<\/h2>\n\n\n\n<p>Das Gel\u00e4nde und die Geb\u00e4ude der F\u00e4rberei Flores und der Verseidag werden als <a href=\"https:\/\/www.mies-van-der-rohe.com\">Mies van der Rohe Business Park<\/a> erhalten und immer weiter zug\u00e4nglich und umnutzbar gemacht. Die Geb\u00e4ude sind (nur von au\u00dfen) im Park zug\u00e4nglich. <\/p>\n\n\n\n<h2 class=\"has-vivid-red-color has-text-color wp-block-heading\">Mehr lesen:<\/h2>\n\n\n\n<p><a href=\"https:\/\/www.mies-van-der-rohe.com\">Mies van der Rohe Business Park<\/a><\/p>\n\n\n\n<div class=\"wp-block-columns is-layout-flex wp-container-core-columns-is-layout-9d6595d7 wp-block-columns-is-layout-flex\">\n<div class=\"wp-block-column is-vertically-aligned-top is-layout-flow wp-block-column-is-layout-flow\">\n<figure class=\"wp-block-image size-large\"><a href=\"https:\/\/www.industriekultur-krefeld.org\"><img loading=\"lazy\" decoding=\"async\" width=\"685\" height=\"425\" src=\"https:\/\/www.industriekultur-krefeld.org\/wp-content\/uploads\/Logo_IK-KREFELD_2020.png\" alt=\"\" class=\"wp-image-549\" srcset=\"https:\/\/www.industriekultur-krefeld.org\/wp-content\/uploads\/Logo_IK-KREFELD_2020.png 685w, https:\/\/www.industriekultur-krefeld.org\/wp-content\/uploads\/Logo_IK-KREFELD_2020-300x186.png 300w\" sizes=\"auto, (max-width: 685px) 100vw, 685px\" \/><\/a><\/figure>\n<\/div>\n\n\n\n<div class=\"wp-block-column is-vertically-aligned-top is-layout-flow wp-block-column-is-layout-flow\">\n<p><strong><strong>Vereinigte Seidenwebereien AG<\/strong><\/strong><\/p>\n\n\n\n<p><a href=\"https:\/\/www.industriekultur-krefeld.org\/index.php\/verseidag\/\" data-type=\"page\" data-id=\"153\">Zentraler Produktionsstandort<\/a><\/p>\n\n\n\n<p><a href=\"https:\/\/www.industriekultur-krefeld.org\/index.php\/verseidag-hauptverwaltung\/\" data-type=\"page\" data-id=\"309\">Hauptverwaltung<\/a><\/p>\n<\/div>\n<\/div>\n\n\n\n<div class=\"wp-block-media-text alignwide is-vertically-aligned-top\" style=\"grid-template-columns:48% auto\"><figure class=\"wp-block-media-text__media\"><a href=\"http:\/\/www.rheinische-industriekultur.com\"><img loading=\"lazy\" decoding=\"async\" width=\"340\" height=\"275\" src=\"https:\/\/www.industriekultur-krefeld.org\/wp-content\/uploads\/Button-RI-on-2.png\" alt=\"\" class=\"wp-image-291 size-full\" srcset=\"https:\/\/www.industriekultur-krefeld.org\/wp-content\/uploads\/Button-RI-on-2.png 340w, https:\/\/www.industriekultur-krefeld.org\/wp-content\/uploads\/Button-RI-on-2-300x243.png 300w\" sizes=\"auto, (max-width: 340px) 100vw, 340px\" \/><\/a><\/figure><div class=\"wp-block-media-text__content\">\n<p><strong>Vereinigte Seidenwebereien AG<\/strong><\/p>\n\n\n\n<p><a href=\"https:\/\/rheinische-industriekultur.com\/seiten\/objekte\/orte\/krefeld\/objekte\/verseidag.html\">Geschichte<br><\/a>von Stefanie van de Kerkhof<\/p>\n\n\n\n<p><a href=\"https:\/\/rheinische-industriekultur.com\/seiten\/objekte\/orte\/krefeld\/objekte\/ver_seid_ag.html\">Bauwerke&nbsp;<\/a><br>von Denise Hesselmann <br>und  Henning Bleul&nbsp;<br>&nbsp;&nbsp;<br><a href=\"https:\/\/www.rheinische-industriekultur.com\/seiten\/objekte\/orte\/krefeld\/objekte\/verseidag_verwaltung.html\">Hauptverwaltung&nbsp;<\/a><br>(Stadthaus) <br>von Sabine Lepsky<\/p>\n\n\n\n<p><a href=\"https:\/\/www.rheinische-industriekultur.com\/seiten\/objekte\/orte\/krefeld\/objekte\/verseidag_produktion.html\">Zentrale Betriebsst\u00e4tte<\/a> <br>von Sabine Lepsky<\/p>\n<\/div><\/div>\n\n\n\n<p><\/p>\n","protected":false},"excerpt":{"rendered":"<p>Eines der sch\u00f6nsten Backstein- Industrieensemles Krefelds liegt verborgen auf der R\u00fcckseite der allseits bekannten HE-Geb\u00e4ude der Verseidag. Dort liegt die sich erfrischend vom bauhausweiss abhebende Backstein-Architektur der F\u00e4rberei Flores Co. Sehenswert sind dort die erhaltenen Fabrikationsbauten, insbesondere der Wasserturm f\u00fcr die Stoffveredelung und die benachbarten verschiedenen Shedhallen und H\u00f6fe.<\/p>\n","protected":false},"author":1,"featured_media":4397,"parent":0,"menu_order":3,"comment_status":"open","ping_status":"open","template":"","meta":{"footnotes":""},"categories":[5],"tags":[38,40,44],"class_list":["post-4390","page","type-page","status-publish","has-post-thumbnail","hentry","category-krefeld-nord","tag-chemie","tag-gelungene-umnutzung","tag-textil"],"_links":{"self":[{"href":"https:\/\/www.industriekultur-krefeld.org\/index.php\/wp-json\/wp\/v2\/pages\/4390","targetHints":{"allow":["GET"]}}],"collection":[{"href":"https:\/\/www.industriekultur-krefeld.org\/index.php\/wp-json\/wp\/v2\/pages"}],"about":[{"href":"https:\/\/www.industriekultur-krefeld.org\/index.php\/wp-json\/wp\/v2\/types\/page"}],"author":[{"embeddable":true,"href":"https:\/\/www.industriekultur-krefeld.org\/index.php\/wp-json\/wp\/v2\/users\/1"}],"replies":[{"embeddable":true,"href":"https:\/\/www.industriekultur-krefeld.org\/index.php\/wp-json\/wp\/v2\/comments?post=4390"}],"version-history":[{"count":11,"href":"https:\/\/www.industriekultur-krefeld.org\/index.php\/wp-json\/wp\/v2\/pages\/4390\/revisions"}],"predecessor-version":[{"id":4428,"href":"https:\/\/www.industriekultur-krefeld.org\/index.php\/wp-json\/wp\/v2\/pages\/4390\/revisions\/4428"}],"wp:featuredmedia":[{"embeddable":true,"href":"https:\/\/www.industriekultur-krefeld.org\/index.php\/wp-json\/wp\/v2\/media\/4397"}],"wp:attachment":[{"href":"https:\/\/www.industriekultur-krefeld.org\/index.php\/wp-json\/wp\/v2\/media?parent=4390"}],"wp:term":[{"taxonomy":"category","embeddable":true,"href":"https:\/\/www.industriekultur-krefeld.org\/index.php\/wp-json\/wp\/v2\/categories?post=4390"},{"taxonomy":"post_tag","embeddable":true,"href":"https:\/\/www.industriekultur-krefeld.org\/index.php\/wp-json\/wp\/v2\/tags?post=4390"}],"curies":[{"name":"wp","href":"https:\/\/api.w.org\/{rel}","templated":true}]}}