{"id":509,"date":"2021-01-07T00:09:40","date_gmt":"2021-01-06T23:09:40","guid":{"rendered":"https:\/\/www.industriekultur-krefeld.org\/?page_id=509"},"modified":"2021-12-04T12:13:37","modified_gmt":"2021-12-04T11:13:37","slug":"stadtpalais-conrad-von-der-leyen-rathaus","status":"publish","type":"page","link":"https:\/\/www.industriekultur-krefeld.org\/index.php\/stadtpalais-conrad-von-der-leyen-rathaus\/","title":{"rendered":"Stadtpalais Conrad von der Leyen, heute Rathaus"},"content":{"rendered":"\n<p>Der Seidenverleger Conrad von der Leyen lies sich 1791-94 ein Bauwerk am Rande der Innenstadt errichten, das bis dahin gebauten Stadth\u00e4user Krefelds \u00fcbertraf und der Ausdruck der selbstbewussten Haltung der Familie ist. Mit eigens erwirkter k\u00f6niglicher Erlaubnis durfte die Stadtmauer durchbrochen werden und gab dadurch Platz f\u00fcr das sehr gro\u00dfz\u00fcgige Hause mit r\u00fcckw\u00e4rtigem Park.<\/p>\n\n\n\n<p>Sehenswert ist das Stadtpalais, auch wenn das Innere des Geb\u00e4udes bei den Bombardierungen Krefelds am Ausgang des Zweiten Weltkriegs stark zerst\u00f6rt und rekonstruiert wurde. Es beherbergt das Rathaus der Stadt Krefeld <\/p>\n\n\n\n<!--more-->\n\n\n<div class=\"leaflet-map WPLeafletMap\" style=\"height:400px; width:100%;\"><\/div><script>\nwindow.WPLeafletMapPlugin = window.WPLeafletMapPlugin || [];\nwindow.WPLeafletMapPlugin.push(function WPLeafletMapShortcode() {\/*<script>*\/\nvar baseUrl = atob('aHR0cHM6Ly97c30udGlsZS5vcGVuc3RyZWV0bWFwLm9yZy97en0ve3h9L3t5fS5wbmc=');\nvar base = (!baseUrl && window.MQ) ?\n    window.MQ.mapLayer() : L.tileLayer(baseUrl,\n        L.Util.extend({}, {\n            detectRetina: 1,\n        },\n        {\"subdomains\":\"abc\",\"noWrap\":false,\"maxZoom\":20}        )\n    );\n    var options = L.Util.extend({}, {\n        layers: [base],\n        attributionControl: false\n    },\n    {\"tap\":false,\"zoomControl\":true,\"scrollWheelZoom\":false,\"doubleClickZoom\":true,\"fitBounds\":false,\"minZoom\":1,\"maxZoom\":20,\"maxBounds\":null,\"attribution\":\"<a href=\\\"http:\\\/\\\/leafletjs.com\\\" title=\\\"Eine Javascript-Bibliothek f\\u00fcr interaktive Karten\\\">Leaflet<\\\/a>; \\u00a9 <a href=\\\"http:\\\/\\\/www.openstreetmap.org\\\/copyright\\\">OpenStreetMap<\\\/a> Mitwirkende\"},\n    {});\nwindow.WPLeafletMapPlugin.createMap(options).setView([51.3331205,6.5623343],14);window.WPLeafletMapPlugin.createScale({});});<\/script>\n<p><script>\nwindow.WPLeafletMapPlugin = window.WPLeafletMapPlugin || [];\nwindow.WPLeafletMapPlugin.push(function WPLeafletMarkerShortcode() {\/*<script>*\/\nvar map = window.WPLeafletMapPlugin.getCurrentMap();\nvar group = window.WPLeafletMapPlugin.getCurrentGroup();\nvar marker_options = window.WPLeafletMapPlugin.getIconOptions({\"title\":\"Stadtpalais\",\"alt\":\"Stadtpalais\",\"zIndexOffset\":1000,\"iconUrl\":\"https:\\\/\\\/www.industriekultur-krefeld.org\\\/wp-content\\\/uploads\\\/icon-selected.png\",\"shadowUrl\":\"https:\\\/\\\/unpkg.com\\\/leaflet@1.7.1\\\/dist\\\/images\\\/marker-shadow.png\",\"iconAnchor\":\"20,20\"});\nvar marker = L.marker(\n    [51.334058,6.559259],\n    marker_options\n);\nvar is_image = map.is_image_map;\nif (marker_options.draggable) {\n    marker.on('dragend', function () {\n        var latlng = this.getLatLng();\n        var lat = latlng.lat;\n        var lng = latlng.lng;\n        if (is_image) {\n            console.log('leaflet-marker y=' + lat + ' x=' + lng);\n        } else {\n            console.log('leaflet-marker lat=' + lat + ' lng=' + lng);\n        }\n    });\n}\nmarker.addTo( group );\nmarker.bindPopup(window.WPLeafletMapPlugin.unescape('&lt;a href=\\&quot;https:\/\/www.industriekultur-krefeld.org\/index.php\/stadtpalais-conrad-von-der-leyen-rathaus\/\\&quot;&gt; Stadtpalais Conrad von der Leyen &lt;\/a&gt;')).openPopup();window.WPLeafletMapPlugin.markers.push( marker );\n        });<\/script>\n<script>\nwindow.WPLeafletMapPlugin = window.WPLeafletMapPlugin || [];\nwindow.WPLeafletMapPlugin.push(function WPLeafletjsonShortcode() {\/*<script>*\/\nvar src = 'https:\/\/www.industriekultur-krefeld.org\/geojson.php';\nvar default_style = {};\nvar rewrite_keys = {\n    stroke : 'color',\n    'stroke-width' : 'weight',\n    'stroke-opacity' : 'opacity',\n    fill : 'fillColor',\n    'fill-opacity' : 'fillOpacity',\n};\n\/\/ htmlspecialchars converts & to \"&amp;\"; maybe unnecessarily, and maybe 3x\nvar ampersandRegex = \/&(?:amp;){1,3}\/g\nvar layer = L.ajaxGeoJson(src.replace(ampersandRegex, '&'), {\n    type: 'json',\n    style : layerStyle,\n    onEachFeature : onEachFeature,\n    pointToLayer: pointToLayer\n});\nvar fitbounds = 0;\nvar circleMarker = 0;\nvar popup_text = window.WPLeafletMapPlugin.unescape(\"&lt;\/p&gt;&lt;br&gt;&lt;p&gt;&lt;a href=&quot;https:\/\/www.industriekultur-krefeld.org\/index.php\/{name}&quot;&gt;{title}&lt;br \/&gt;&lt;button&gt;&lt;i class=&quot;material-icons&quot;&gt;account_balance&lt;\/i&gt;Ansehen&lt;\/button&gt;&lt;\/a&gt;&lt;a href=&quot;http:\/\/maps.google.com\/maps?q={lat},{lng}&amp;amp;navigate=yes&quot;&gt;&lt;button&gt;&lt;i class=&quot;material-icons&quot;&gt;explore&lt;\/i&gt;Navigation starten&lt;\/button&gt;&lt;\/a&gt;&lt;br \/&gt;&lt;br&gt;\");\nvar popup_property = \"\";\nvar table_view = 0;\nvar group = window.WPLeafletMapPlugin.getCurrentGroup();\nvar markerOptions = window.WPLeafletMapPlugin.getIconOptions({});\nlayer.addTo( group );\nwindow.WPLeafletMapPlugin.geojsons.push( layer );\nif (fitbounds) {\n    layer.on('ready', function () {\n        this.map.fitBounds( this.getBounds() );\n    });\n}\nfunction layerStyle (feature) {\n    var props = feature.properties || {};\n    var style = {};\n    function camelFun (_, first_letter) {\n        return first_letter.toUpperCase();\n    };\n    for (var key in props) {\n        if (key.match('-')) {\n            var camelcase = key.replace(\/-(\\w)\/, camelFun);\n            style[ camelcase ] = props[ key ];\n        }\n        \/\/ rewrite style keys from geojson.io\n        if (rewrite_keys[ key ]) {\n            style[ rewrite_keys[ key ] ] = props[ key ];\n        }\n    }\n    return L.Util.extend(style, default_style);\n}\nfunction onEachFeature (feature, layer) {\n    var props = feature.properties || {};\n    var text;\n    if (table_view) {\n        text = window.WPLeafletMapPlugin.propsToTable(props);\n    } else {\n        text = popup_property\n            ? props[ popup_property ]\n            : window.WPLeafletMapPlugin.template(\n                popup_text, \n                feature.properties\n            );\n    }\n    if (text) {\n        layer.bindPopup( text );\n    }\n}\n    function pointToLayer (feature, latlng) {\n    if (circleMarker) {\n        return L.circleMarker(latlng);\n    }\n    return L.marker(latlng, markerOptions);\n}});<\/script><\/p>\n<script>\nwindow.WPLeafletMapPlugin = window.WPLeafletMapPlugin || [];\nwindow.WPLeafletMapPlugin.push(function WPLeafletjsonShortcode() {\/*<script>*\/\nvar src = 'https:\/\/www.industriekultur-krefeld.org\/geojson.php?routes=2';\nvar default_style = {};\nvar rewrite_keys = {\n    stroke : 'color',\n    'stroke-width' : 'weight',\n    'stroke-opacity' : 'opacity',\n    fill : 'fillColor',\n    'fill-opacity' : 'fillOpacity',\n};\n\/\/ htmlspecialchars converts & to \"&amp;\"; maybe unnecessarily, and maybe 3x\nvar ampersandRegex = \/&(?:amp;){1,3}\/g\nvar layer = L.ajaxGeoJson(src.replace(ampersandRegex, '&'), {\n    type: 'json',\n    style : layerStyle,\n    onEachFeature : onEachFeature,\n    pointToLayer: pointToLayer\n});\nvar fitbounds = 0;\nvar circleMarker = 0;\nvar popup_text = window.WPLeafletMapPlugin.unescape(\"&lt;br \/&gt;&lt;br&gt;\");\nvar popup_property = \"\";\nvar table_view = 0;\nvar group = window.WPLeafletMapPlugin.getCurrentGroup();\nvar markerOptions = window.WPLeafletMapPlugin.getIconOptions({});\nlayer.addTo( group );\nwindow.WPLeafletMapPlugin.geojsons.push( layer );\nif (fitbounds) {\n    layer.on('ready', function () {\n        this.map.fitBounds( this.getBounds() );\n    });\n}\nfunction layerStyle (feature) {\n    var props = feature.properties || {};\n    var style = {};\n    function camelFun (_, first_letter) {\n        return first_letter.toUpperCase();\n    };\n    for (var key in props) {\n        if (key.match('-')) {\n            var camelcase = key.replace(\/-(\\w)\/, camelFun);\n            style[ camelcase ] = props[ key ];\n        }\n        \/\/ rewrite style keys from geojson.io\n        if (rewrite_keys[ key ]) {\n            style[ rewrite_keys[ key ] ] = props[ key ];\n        }\n    }\n    return L.Util.extend(style, default_style);\n}\nfunction onEachFeature (feature, layer) {\n    var props = feature.properties || {};\n    var text;\n    if (table_view) {\n        text = window.WPLeafletMapPlugin.propsToTable(props);\n    } else {\n        text = popup_property\n            ? props[ popup_property ]\n            : window.WPLeafletMapPlugin.template(\n                popup_text, \n                feature.properties\n            );\n    }\n    if (text) {\n        layer.bindPopup( text );\n    }\n}\n    function pointToLayer (feature, latlng) {\n    if (circleMarker) {\n        return L.circleMarker(latlng);\n    }\n    return L.marker(latlng, markerOptions);\n}});<\/script>\n\n\n\n<h2 class=\"has-vivid-red-color has-text-color wp-block-heading\">Geschichte und Hintergrund<\/h2>\n\n\n\n<div class=\"wp-block-group\"><div class=\"wp-block-group__inner-container is-layout-flow wp-block-group-is-layout-flow\">\n<div class=\"wp-block-columns is-layout-flex wp-container-core-columns-is-layout-9d6595d7 wp-block-columns-is-layout-flex\">\n<div class=\"wp-block-column is-layout-flow wp-block-column-is-layout-flow\">\n<p>Die 1656 aus Radevormwald immigrierte mennonitische Familie <strong>von der Leyen<\/strong> hatte mit der Produktion und dem Handel von Seide einen wesentlichen Beitrag zum \u00f6konomischen Aufstieg und Ansehen der Stadt Krefeld und gleichzeitig nat\u00fcrlich auch zum Erfolg der eigenen Familie gesorgt. Dazu trug die vom preu\u00dfischen K\u00f6nig verliehene Monopolstellungen f\u00fcr die Herstellung von <a href=\"https:\/\/www.industriekultur-krefeld.org\/index.php\/begriffe\/\" data-type=\"page\" data-id=\"155\">Seidenstoffen<\/a> und die Verwendung von Seidenzwirnm\u00fchlen bei.<\/p>\n\n\n\n<p>Die Stadt erwarb das Geb\u00e4ude 1859\/60 von den Seidenbaronen und zog aus dem beengten Rathaus am Schwanenmarkt in das neues Domizil. <\/p>\n\n\n\n<p>Es folgten diverse Anbauten, unter anderem 1891 ein Nord- und 1936 ein S\u00fcdfl\u00fcgel. Im zweiten Weltkrieg wurde das Rathaus schwer besch\u00e4digt. Nach Instandsetzung erfolgten weiter Um- und Anbauten in den 1950er und 1980er-Jahren.<\/p>\n<\/div>\n\n\n\n<div class=\"wp-block-column is-layout-flow wp-block-column-is-layout-flow\">\n<figure class=\"wp-block-image size-large\"><a href=\"https:\/\/www.industriekultur-krefeld.org\/wp-content\/uploads\/Conrad_von_der_Leyen.jpg\"><img loading=\"lazy\" decoding=\"async\" width=\"797\" height=\"1024\" src=\"https:\/\/www.industriekultur-krefeld.org\/wp-content\/uploads\/Conrad_von_der_Leyen-797x1024.jpg\" alt=\"\" class=\"wp-image-511\" srcset=\"https:\/\/www.industriekultur-krefeld.org\/wp-content\/uploads\/Conrad_von_der_Leyen-797x1024.jpg 797w, https:\/\/www.industriekultur-krefeld.org\/wp-content\/uploads\/Conrad_von_der_Leyen-233x300.jpg 233w, https:\/\/www.industriekultur-krefeld.org\/wp-content\/uploads\/Conrad_von_der_Leyen-768x987.jpg 768w, https:\/\/www.industriekultur-krefeld.org\/wp-content\/uploads\/Conrad_von_der_Leyen.jpg 962w\" sizes=\"auto, (max-width: 767px) 89vw, (max-width: 1000px) 54vw, (max-width: 1071px) 543px, 580px\" \/><\/a><figcaption>Conrad von der Leyen, Portr\u00e4t des 18.&nbsp;Jahrhunderts<br>Foto: Wikimedia, Gemeinfrei, <a href=\"https:\/\/de.wikipedia.org\/wiki\/Stadtschloss_Krefeld#\/media\/Datei:Conrad_von_der_Leyen.jpg\">Link<\/a><\/figcaption><\/figure>\n<\/div>\n<\/div>\n<\/div><\/div>\n\n\n\n<figure class=\"wp-block-gallery columns-3 is-cropped wp-block-gallery-2 is-layout-flex wp-block-gallery-is-layout-flex\"><ul class=\"blocks-gallery-grid\"><li class=\"blocks-gallery-item\"><figure><a href=\"https:\/\/www.industriekultur-krefeld.org\/wp-content\/uploads\/IMG_0852-scaled.jpeg\"><img decoding=\"async\" src=\"https:\/\/www.industriekultur-krefeld.org\/wp-content\/uploads\/IMG_0852-1024x768.jpeg\" alt=\"\" data-id=\"5587\" data-full-url=\"https:\/\/www.industriekultur-krefeld.org\/wp-content\/uploads\/IMG_0852-scaled.jpeg\" data-link=\"https:\/\/www.industriekultur-krefeld.org\/img_0852\/\" class=\"wp-image-5587\"\/><\/a><\/figure><\/li><li class=\"blocks-gallery-item\"><figure><a href=\"https:\/\/www.industriekultur-krefeld.org\/wp-content\/uploads\/IMG_0851-scaled-e1638607250924.jpeg\"><img loading=\"lazy\" decoding=\"async\" width=\"1024\" height=\"489\" src=\"https:\/\/www.industriekultur-krefeld.org\/wp-content\/uploads\/IMG_0851-scaled-e1638607250924-1024x489.jpeg\" alt=\"\" data-id=\"5586\" data-full-url=\"https:\/\/www.industriekultur-krefeld.org\/wp-content\/uploads\/IMG_0851-scaled-e1638607250924.jpeg\" data-link=\"https:\/\/www.industriekultur-krefeld.org\/img_0851\/\" class=\"wp-image-5586\" srcset=\"https:\/\/www.industriekultur-krefeld.org\/wp-content\/uploads\/IMG_0851-scaled-e1638607250924-1024x489.jpeg 1024w, https:\/\/www.industriekultur-krefeld.org\/wp-content\/uploads\/IMG_0851-scaled-e1638607250924-300x143.jpeg 300w, https:\/\/www.industriekultur-krefeld.org\/wp-content\/uploads\/IMG_0851-scaled-e1638607250924-768x367.jpeg 768w, https:\/\/www.industriekultur-krefeld.org\/wp-content\/uploads\/IMG_0851-scaled-e1638607250924-1536x733.jpeg 1536w, https:\/\/www.industriekultur-krefeld.org\/wp-content\/uploads\/IMG_0851-scaled-e1638607250924.jpeg 1563w\" sizes=\"auto, (max-width: 767px) 89vw, (max-width: 1000px) 54vw, (max-width: 1071px) 543px, 580px\" \/><\/a><\/figure><\/li><li class=\"blocks-gallery-item\"><figure><a href=\"https:\/\/www.industriekultur-krefeld.org\/wp-content\/uploads\/image-120.png\"><img loading=\"lazy\" decoding=\"async\" width=\"1024\" height=\"918\" src=\"https:\/\/www.industriekultur-krefeld.org\/wp-content\/uploads\/image-120-1024x918.png\" alt=\"\" data-id=\"4096\" data-full-url=\"https:\/\/www.industriekultur-krefeld.org\/wp-content\/uploads\/image-120.png\" data-link=\"https:\/\/www.industriekultur-krefeld.org\/index.php\/stadtpalais-conrad-von-der-leyen-rathaus\/image-120\/\" class=\"wp-image-4096\" srcset=\"https:\/\/www.industriekultur-krefeld.org\/wp-content\/uploads\/image-120-1024x918.png 1024w, https:\/\/www.industriekultur-krefeld.org\/wp-content\/uploads\/image-120-300x269.png 300w, https:\/\/www.industriekultur-krefeld.org\/wp-content\/uploads\/image-120-768x688.png 768w, https:\/\/www.industriekultur-krefeld.org\/wp-content\/uploads\/image-120.png 1428w\" sizes=\"auto, (max-width: 767px) 89vw, (max-width: 1000px) 54vw, (max-width: 1071px) 543px, 580px\" \/><\/a><\/figure><\/li><\/ul><\/figure>\n\n\n\n<h2 class=\"has-vivid-red-color has-text-color wp-block-heading\">Erhalt<\/h2>\n\n\n\n<p>Das Geb\u00e4ude ist seit 1860 das <a href=\"https:\/\/www.krefeld.de\">Rathaus der Stadt Krefeld<\/a>.<\/p>\n\n\n\n<h2 class=\"has-vivid-red-color has-text-color wp-block-heading\">Mehr lesen:<br><\/h2>\n\n\n\n<div class=\"wp-block-media-text alignwide is-stacked-on-mobile is-vertically-aligned-top is-image-fill\"><figure class=\"wp-block-media-text__media\" style=\"background-image:url(https:\/\/www.industriekultur-krefeld.org\/wp-content\/uploads\/Button-RI-on-2.png);background-position:50% 50%\"><a href=\"http:\/\/www.rheinische-industriekultur.com\"><img loading=\"lazy\" decoding=\"async\" width=\"340\" height=\"275\" src=\"https:\/\/www.industriekultur-krefeld.org\/wp-content\/uploads\/Button-RI-on-2.png\" alt=\"\" class=\"wp-image-291 size-full\" srcset=\"https:\/\/www.industriekultur-krefeld.org\/wp-content\/uploads\/Button-RI-on-2.png 340w, https:\/\/www.industriekultur-krefeld.org\/wp-content\/uploads\/Button-RI-on-2-300x243.png 300w\" sizes=\"auto, (max-width: 340px) 100vw, 340px\" \/><\/a><\/figure><div class=\"wp-block-media-text__content\">\n<p><a href=\"https:\/\/www.rheinische-industriekultur.com\/seiten\/objekte\/orte\/krefeld\/objekte\/statdpalais_von_der_leyen.html\">Stadtpalais von der Leyen<\/a><\/p>\n<\/div><\/div>\n","protected":false},"excerpt":{"rendered":"<p>Der Seidenverleger Conrad von der Leyen lies sich 1791-94 ein Bauwerk am Rande der Innenstadt errichten, das bis dahin gebauten Stadth\u00e4user Krefelds \u00fcbertraf und der Ausdruck der selbstbewussten Haltung der Familie ist. Mit eigens erwirkter k\u00f6niglicher Erlaubnis durfte die Stadtmauer durchbrochen werden und gab dadurch Platz f\u00fcr das sehr gro\u00dfz\u00fcgige Hause mit r\u00fcckw\u00e4rtigem Park. Sehenswert &hellip; <\/p>\n<p class=\"link-more\"><a href=\"https:\/\/www.industriekultur-krefeld.org\/index.php\/stadtpalais-conrad-von-der-leyen-rathaus\/\" class=\"more-link\"><span class=\"screen-reader-text\">\u201eStadtpalais Conrad von der Leyen, heute Rathaus\u201c <\/span>weiterlesen<\/a><\/p>\n","protected":false},"author":1,"featured_media":5586,"parent":0,"menu_order":49,"comment_status":"open","ping_status":"closed","template":"","meta":{"footnotes":""},"categories":[6,5],"tags":[44,40],"class_list":["post-509","page","type-page","status-publish","has-post-thumbnail","hentry","category-krefeld-innenstadt","category-krefeld-nord","tag-textil","tag-gelungene-umnutzung"],"_links":{"self":[{"href":"https:\/\/www.industriekultur-krefeld.org\/index.php\/wp-json\/wp\/v2\/pages\/509","targetHints":{"allow":["GET"]}}],"collection":[{"href":"https:\/\/www.industriekultur-krefeld.org\/index.php\/wp-json\/wp\/v2\/pages"}],"about":[{"href":"https:\/\/www.industriekultur-krefeld.org\/index.php\/wp-json\/wp\/v2\/types\/page"}],"author":[{"embeddable":true,"href":"https:\/\/www.industriekultur-krefeld.org\/index.php\/wp-json\/wp\/v2\/users\/1"}],"replies":[{"embeddable":true,"href":"https:\/\/www.industriekultur-krefeld.org\/index.php\/wp-json\/wp\/v2\/comments?post=509"}],"version-history":[{"count":22,"href":"https:\/\/www.industriekultur-krefeld.org\/index.php\/wp-json\/wp\/v2\/pages\/509\/revisions"}],"predecessor-version":[{"id":5602,"href":"https:\/\/www.industriekultur-krefeld.org\/index.php\/wp-json\/wp\/v2\/pages\/509\/revisions\/5602"}],"wp:featuredmedia":[{"embeddable":true,"href":"https:\/\/www.industriekultur-krefeld.org\/index.php\/wp-json\/wp\/v2\/media\/5586"}],"wp:attachment":[{"href":"https:\/\/www.industriekultur-krefeld.org\/index.php\/wp-json\/wp\/v2\/media?parent=509"}],"wp:term":[{"taxonomy":"category","embeddable":true,"href":"https:\/\/www.industriekultur-krefeld.org\/index.php\/wp-json\/wp\/v2\/categories?post=509"},{"taxonomy":"post_tag","embeddable":true,"href":"https:\/\/www.industriekultur-krefeld.org\/index.php\/wp-json\/wp\/v2\/tags?post=509"}],"curies":[{"name":"wp","href":"https:\/\/api.w.org\/{rel}","templated":true}]}}