{"id":522,"date":"2021-01-07T01:29:12","date_gmt":"2021-01-07T00:29:12","guid":{"rendered":"https:\/\/www.industriekultur-krefeld.org\/?page_id=522"},"modified":"2022-04-09T15:03:58","modified_gmt":"2022-04-09T13:03:58","slug":"haus_floh","status":"publish","type":"page","link":"https:\/\/www.industriekultur-krefeld.org\/index.php\/haus_floh\/","title":{"rendered":"Eines der ersten Geb\u00e4ude der f\u00fcnften Krefelder Stadterweiterung &#8211; das Floh\u2018sche Haus"},"content":{"rendered":"\n<p>Bauten wie Haus Floh sind sichtbares Zeichen f\u00fcr die durch die <a data-type=\"page\" data-id=\"155\" href=\"https:\/\/www.industriekultur-krefeld.org\/index.php\/seide\/\">Seidenstoffherstellung<\/a> zu gro\u00dfem Wohlstand gekommene Stadt.\u00a0<br>Bauherr war der Seidenfabrikant und K\u00f6nigliche Kommerzienrat Johann von der Leyen (1734-1795), dessen Urgro\u00dfvater Adolf von der Leyen als Mennonit 1656 Radevormwald verlassen musste und in dem in Glaubensfragen damals liberalen Krefeld die Seiden-Dynastie der von der Leyens gr\u00fcndete. <\/p>\n\n\n\n<p>Sehenswert ist das Erscheinungsbild des Eckhauses, immerhin wurden hier Prinzen, Kurf\u00fcrsten, und Zaren empfangen.<\/p>\n\n\n\n<!--more-->\n\n\n<div class=\"leaflet-map WPLeafletMap\" style=\"height:400px; width:100%;\"><\/div><script>\nwindow.WPLeafletMapPlugin = window.WPLeafletMapPlugin || [];\nwindow.WPLeafletMapPlugin.push(function WPLeafletMapShortcode() {\/*<script>*\/\nvar baseUrl = atob('aHR0cHM6Ly97c30udGlsZS5vcGVuc3RyZWV0bWFwLm9yZy97en0ve3h9L3t5fS5wbmc=');\nvar base = (!baseUrl && window.MQ) ?\n    window.MQ.mapLayer() : L.tileLayer(baseUrl,\n        L.Util.extend({}, {\n            detectRetina: 1,\n        },\n        {\"subdomains\":\"abc\",\"noWrap\":false,\"maxZoom\":20}        )\n    );\n    var options = L.Util.extend({}, {\n        layers: [base],\n        attributionControl: false\n    },\n    {\"tap\":false,\"zoomControl\":true,\"scrollWheelZoom\":false,\"doubleClickZoom\":true,\"fitBounds\":false,\"minZoom\":1,\"maxZoom\":20,\"maxBounds\":null,\"attribution\":\"<a href=\\\"http:\\\/\\\/leafletjs.com\\\" title=\\\"Eine Javascript-Bibliothek f\\u00fcr interaktive Karten\\\">Leaflet<\\\/a>; \\u00a9 <a href=\\\"http:\\\/\\\/www.openstreetmap.org\\\/copyright\\\">OpenStreetMap<\\\/a> Mitwirkende\"},\n    {});\nwindow.WPLeafletMapPlugin.createMap(options).setView([51.3331205,6.5623343],12);window.WPLeafletMapPlugin.createScale({});});<\/script>\n<script>\nwindow.WPLeafletMapPlugin = window.WPLeafletMapPlugin || [];\nwindow.WPLeafletMapPlugin.push(function WPLeafletMarkerShortcode() {\/*<script>*\/\nvar map = window.WPLeafletMapPlugin.getCurrentMap();\nvar group = window.WPLeafletMapPlugin.getCurrentGroup();\nvar marker_options = window.WPLeafletMapPlugin.getIconOptions({\"title\":\"Haus Floh\",\"alt\":\"Haus Floh\",\"zIndexOffset\":1000,\"iconUrl\":\"https:\\\/\\\/www.industriekultur-krefeld.org\\\/wp-content\\\/uploads\\\/icon-selected.png\",\"shadowUrl\":\"https:\\\/\\\/unpkg.com\\\/leaflet@1.7.1\\\/dist\\\/images\\\/marker-shadow.png\",\"iconAnchor\":\"20,20\"});\nvar marker = L.marker(\n    [51.334602,6.561498],\n    marker_options\n);\nvar is_image = map.is_image_map;\nif (marker_options.draggable) {\n    marker.on('dragend', function () {\n        var latlng = this.getLatLng();\n        var lat = latlng.lat;\n        var lng = latlng.lng;\n        if (is_image) {\n            console.log('leaflet-marker y=' + lat + ' x=' + lng);\n        } else {\n            console.log('leaflet-marker lat=' + lat + ' lng=' + lng);\n        }\n    });\n}\nmarker.addTo( group );\nmarker.bindPopup(window.WPLeafletMapPlugin.unescape('&lt;a href=\\&quot;https:\/\/www.industriekultur-krefeld.org\/index.php\/haus_floh\/\\&quot;&gt; Haus Floh &lt;\/a&gt;')).openPopup();window.WPLeafletMapPlugin.markers.push( marker );\n        });<\/script>\n\n\n\n<figure class=\"wp-block-image size-large\"><img loading=\"lazy\" decoding=\"async\" width=\"1024\" height=\"720\" src=\"https:\/\/www.industriekultur-krefeld.org\/wp-content\/uploads\/image-121-1024x720.png\" alt=\"\" class=\"wp-image-4103\" srcset=\"https:\/\/www.industriekultur-krefeld.org\/wp-content\/uploads\/image-121-1024x720.png 1024w, https:\/\/www.industriekultur-krefeld.org\/wp-content\/uploads\/image-121-300x211.png 300w, https:\/\/www.industriekultur-krefeld.org\/wp-content\/uploads\/image-121-768x540.png 768w, https:\/\/www.industriekultur-krefeld.org\/wp-content\/uploads\/image-121.png 1490w\" sizes=\"auto, (max-width: 767px) 89vw, (max-width: 1000px) 54vw, (max-width: 1071px) 543px, 580px\" \/><figcaption>Floh\u2019sches Haus, Quelle: St\u00e4dteatlas Crefeld, 1922<\/figcaption><\/figure>\n\n\n\n<h2 class=\"has-vivid-red-color has-text-color wp-block-heading\">Geschichte und Hintergrund <\/h2>\n\n\n\n<p>Der aus einer Poppelsdorfer Architektenfamilie stammende Michael Leydel sollte trotz seiner nur kurzen Schaffenszeit \u2013 er verstarb bereits 1782 im Alter von 33 Jahren &#8211; mit zahlreichen repr\u00e4sentativen Privath\u00e4usern das Stadtbild Krefelds entscheidend pr\u00e4gen. <br><\/p>\n\n\n\n<figure class=\"wp-block-image size-large\"><img loading=\"lazy\" decoding=\"async\" width=\"1024\" height=\"883\" src=\"https:\/\/www.industriekultur-krefeld.org\/wp-content\/uploads\/3E461D3D-62DE-4486-AB7D-777F7EE975F1-1024x883.jpeg\" alt=\"\" class=\"wp-image-5898\" srcset=\"https:\/\/www.industriekultur-krefeld.org\/wp-content\/uploads\/3E461D3D-62DE-4486-AB7D-777F7EE975F1-1024x883.jpeg 1024w, https:\/\/www.industriekultur-krefeld.org\/wp-content\/uploads\/3E461D3D-62DE-4486-AB7D-777F7EE975F1-300x259.jpeg 300w, https:\/\/www.industriekultur-krefeld.org\/wp-content\/uploads\/3E461D3D-62DE-4486-AB7D-777F7EE975F1-768x663.jpeg 768w, https:\/\/www.industriekultur-krefeld.org\/wp-content\/uploads\/3E461D3D-62DE-4486-AB7D-777F7EE975F1-1536x1325.jpeg 1536w, https:\/\/www.industriekultur-krefeld.org\/wp-content\/uploads\/3E461D3D-62DE-4486-AB7D-777F7EE975F1.jpeg 1814w\" sizes=\"auto, (max-width: 767px) 89vw, (max-width: 1000px) 54vw, (max-width: 1071px) 543px, 580px\" \/><\/figure>\n\n\n\n<p><strong>Johann von der Leyens<\/strong> Enkelin Maria heiratete <strong>Cornelius Floh<\/strong>, nach dem das Haus seinen heutigen Namen tr\u00e4gt.<\/p>\n\n\n\n<p>Bauten wie Haus Floh sind sichtbares Zeichen f\u00fcr die durch die Seidenstoffherstellung zu gro\u00dfem Wohlstand gekommene Stadt.<\/p>\n\n\n\n<h2 class=\"has-vivid-red-color has-text-color wp-block-heading\">Erhalt<\/h2>\n\n\n\n<p>Nachdem das Haus 1898 in st\u00e4dtischen Besitz \u00fcberging, es im Zweiten Weltkrieg aber besch\u00e4digt wurde, erwarb die AOK Krefeld 1959 das Haus. 2022 wurde das Haus an eine Investment Gruppe verkauft.<\/p>\n\n\n\n<h2 class=\"has-vivid-red-color has-text-color wp-block-heading\">Mehr lesen<br><\/h2>\n\n\n\n<div class=\"wp-block-media-text alignwide is-stacked-on-mobile is-vertically-aligned-top is-image-fill\"><figure class=\"wp-block-media-text__media\" style=\"background-image:url(https:\/\/www.industriekultur-krefeld.org\/wp-content\/uploads\/Button-RI-on-2.png);background-position:50% 50%\"><a href=\"http:\/\/www.rheinische-industriekultur.com\"><img loading=\"lazy\" decoding=\"async\" width=\"340\" height=\"275\" src=\"https:\/\/www.industriekultur-krefeld.org\/wp-content\/uploads\/Button-RI-on-2.png\" alt=\"\" class=\"wp-image-291 size-full\" srcset=\"https:\/\/www.industriekultur-krefeld.org\/wp-content\/uploads\/Button-RI-on-2.png 340w, https:\/\/www.industriekultur-krefeld.org\/wp-content\/uploads\/Button-RI-on-2-300x243.png 300w\" sizes=\"auto, (max-width: 340px) 100vw, 340px\" \/><\/a><\/figure><div class=\"wp-block-media-text__content\">\n<p><a href=\"https:\/\/www.rheinische-industriekultur.com\/seiten\/objekte\/orte\/krefeld\/objekte\/flohsches_haus.html\">Floh&#8217;sches Haus<\/a><br>von Sabine Lepsky<\/p>\n\n\n\n<p><a href=\"https:\/\/www.rheinische-industriekultur.com\/seiten\/objekte\/orte\/krefeld\/objekte\/statdpalais_von_der_leyen.html\" data-type=\"page\">Stadtpalais Conrad von der Leyen, heute Rathaus<\/a><br>von Sabine Lepsky<\/p>\n<\/div><\/div>\n","protected":false},"excerpt":{"rendered":"<p>Bauten wie Haus Floh sind sichtbares Zeichen f\u00fcr die durch die Seidenstoffherstellung zu gro\u00dfem Wohlstand gekommene Stadt.\u00a0Bauherr war der Seidenfabrikant und K\u00f6nigliche Kommerzienrat Johann von der Leyen (1734-1795), dessen Urgro\u00dfvater Adolf von der Leyen als Mennonit 1656 Radevormwald verlassen musste und in dem in Glaubensfragen damals liberalen Krefeld die Seiden-Dynastie der von der Leyens gr\u00fcndete. &hellip; <\/p>\n<p class=\"link-more\"><a href=\"https:\/\/www.industriekultur-krefeld.org\/index.php\/haus_floh\/\" class=\"more-link\"><span class=\"screen-reader-text\">\u201eEines der ersten Geb\u00e4ude der f\u00fcnften Krefelder Stadterweiterung &#8211; das Floh\u2018sche Haus\u201c <\/span>weiterlesen<\/a><\/p>\n","protected":false},"author":1,"featured_media":523,"parent":0,"menu_order":34,"comment_status":"open","ping_status":"closed","template":"","meta":{"footnotes":""},"categories":[6,5],"tags":[44],"class_list":["post-522","page","type-page","status-publish","has-post-thumbnail","hentry","category-krefeld-innenstadt","category-krefeld-nord","tag-textil"],"_links":{"self":[{"href":"https:\/\/www.industriekultur-krefeld.org\/index.php\/wp-json\/wp\/v2\/pages\/522","targetHints":{"allow":["GET"]}}],"collection":[{"href":"https:\/\/www.industriekultur-krefeld.org\/index.php\/wp-json\/wp\/v2\/pages"}],"about":[{"href":"https:\/\/www.industriekultur-krefeld.org\/index.php\/wp-json\/wp\/v2\/types\/page"}],"author":[{"embeddable":true,"href":"https:\/\/www.industriekultur-krefeld.org\/index.php\/wp-json\/wp\/v2\/users\/1"}],"replies":[{"embeddable":true,"href":"https:\/\/www.industriekultur-krefeld.org\/index.php\/wp-json\/wp\/v2\/comments?post=522"}],"version-history":[{"count":16,"href":"https:\/\/www.industriekultur-krefeld.org\/index.php\/wp-json\/wp\/v2\/pages\/522\/revisions"}],"predecessor-version":[{"id":5901,"href":"https:\/\/www.industriekultur-krefeld.org\/index.php\/wp-json\/wp\/v2\/pages\/522\/revisions\/5901"}],"wp:featuredmedia":[{"embeddable":true,"href":"https:\/\/www.industriekultur-krefeld.org\/index.php\/wp-json\/wp\/v2\/media\/523"}],"wp:attachment":[{"href":"https:\/\/www.industriekultur-krefeld.org\/index.php\/wp-json\/wp\/v2\/media?parent=522"}],"wp:term":[{"taxonomy":"category","embeddable":true,"href":"https:\/\/www.industriekultur-krefeld.org\/index.php\/wp-json\/wp\/v2\/categories?post=522"},{"taxonomy":"post_tag","embeddable":true,"href":"https:\/\/www.industriekultur-krefeld.org\/index.php\/wp-json\/wp\/v2\/tags?post=522"}],"curies":[{"name":"wp","href":"https:\/\/api.w.org\/{rel}","templated":true}]}}