{"id":6,"date":"2020-12-22T15:12:20","date_gmt":"2020-12-22T14:12:20","guid":{"rendered":"https:\/\/www.industriekultur-krefeld.org\/?page_id=6"},"modified":"2021-03-06T19:10:28","modified_gmt":"2021-03-06T18:10:28","slug":"ueber-uns","status":"publish","type":"page","link":"https:\/\/www.industriekultur-krefeld.org\/index.php\/ueber-uns\/","title":{"rendered":"\u00dcber uns \/ Impressum"},"content":{"rendered":"\n<p>Diese Website und die grundlegenden Recherchen sind durch den <strong>Verein zum Erhalt des historischen Kl\u00e4rwerks in Krefeld-Uerdingen e.V.<\/strong> verantwortet. <\/p>\n\n\n\n<div class=\"wp-block-image\"><figure class=\"alignright size-large is-resized\"><img loading=\"lazy\" decoding=\"async\" src=\"https:\/\/www.industriekultur-krefeld.org\/wp-content\/uploads\/2021\/01\/cropped-klaerwerk_logo_filled-1-1.png\" alt=\"\" class=\"wp-image-217\" width=\"123\" height=\"83\" srcset=\"https:\/\/www.industriekultur-krefeld.org\/wp-content\/uploads\/2021\/01\/cropped-klaerwerk_logo_filled-1-1.png 371w, https:\/\/www.industriekultur-krefeld.org\/wp-content\/uploads\/2021\/01\/cropped-klaerwerk_logo_filled-1-1-300x202.png 300w\" sizes=\"auto, (max-width: 123px) 100vw, 123px\" \/><\/figure><\/div>\n\n\n\n<p><br>Verein zum Erhalt des historischen Kl\u00e4rwerks in Krefeld Uerdingen e.V. <br>Christoph Becker, Vorsitzender<br>Rundweg 20-22<br>47829 Krefeld<\/p>\n\n\n\n<h2 class=\"has-vivid-red-color has-text-color wp-block-heading\">Motivation<\/h2>\n\n\n\n<p>2008 haben vier Freunde das <a href=\"https:\/\/www.industriekultur-krefeld.org\/index.php\/klaerwerk-der-stadt-krefeld\/\" data-type=\"page\" data-id=\"1417\">Krefelder Kl\u00e4rwerk<\/a> von der Stadt \u00fcbernommen. Schnell stellte sich heraus, das dieses zwar schon lange eingetragene Denkmal viel mehr ist, als nur eine denkmalgesch\u00fctzte Ansammlung von alten, ungenutzten, verfallenen Jugendstil-Hallen im wilden Dornengeb\u00fcsch ist, sondern etwas ganz besonderes. <\/p>\n\n\n\n<p>Beim Aufr\u00e4umen fanden die Freunde immer mehr Details zur technischen Hinterlassenschaft heraus und begannen selbst umfangreiche Recherchen. Nach einiger Zeit wurde immer klarer, das es sich um die unentdeckte Geschichte einer der letzten erhaltenen Kl\u00e4ranlagen der Welt handelt. <\/p>\n\n\n\n<p>Aufgrund der Pandemie fand der Tag des offenen Denkmals 2020 nur virtuell statt, das gab die Motivation, <a href=\"https:\/\/www.klaerwerk-krefeld.org\/index.php\/film-ab\/\">Dokumentarfilme<\/a> zum Kl\u00e4rwerk und zur Stadt Krefeld zu erstellen. Denn &#8220;<em>die Geschichte eines Kl\u00e4rwerks, ist auch die Geschichte seiner Stadt<\/em>&#8220;. <\/p>\n\n\n\n<p>Und die Geschichte der Stadt hat nat\u00fcrlich eng mit uns Menschen und unserem  Erwerbsleben zu tun. Das f\u00fchrte uns zu ihrer Siedlungs- und Industriegeschichte. Alles hing ja letztendlich am Kl\u00e4rwerk&#8230; <\/p>\n\n\n\n<p>   <\/p>\n","protected":false},"excerpt":{"rendered":"<p>Diese Website und die grundlegenden Recherchen sind durch den Verein zum Erhalt des historischen Kl\u00e4rwerks in Krefeld-Uerdingen e.V. verantwortet. Verein zum Erhalt des historischen Kl\u00e4rwerks in Krefeld Uerdingen e.V. Christoph Becker, VorsitzenderRundweg 20-2247829 Krefeld Motivation 2008 haben vier Freunde das Krefelder Kl\u00e4rwerk von der Stadt \u00fcbernommen. Schnell stellte sich heraus, das dieses zwar schon lange &hellip; <\/p>\n<p class=\"link-more\"><a href=\"https:\/\/www.industriekultur-krefeld.org\/index.php\/ueber-uns\/\" class=\"more-link\"><span class=\"screen-reader-text\">\u201e\u00dcber uns \/ Impressum\u201c <\/span>weiterlesen<\/a><\/p>\n","protected":false},"author":1,"featured_media":1851,"parent":0,"menu_order":58,"comment_status":"closed","ping_status":"closed","template":"","meta":{"footnotes":""},"categories":[],"tags":[],"class_list":["post-6","page","type-page","status-publish","has-post-thumbnail","hentry"],"_links":{"self":[{"href":"https:\/\/www.industriekultur-krefeld.org\/index.php\/wp-json\/wp\/v2\/pages\/6","targetHints":{"allow":["GET"]}}],"collection":[{"href":"https:\/\/www.industriekultur-krefeld.org\/index.php\/wp-json\/wp\/v2\/pages"}],"about":[{"href":"https:\/\/www.industriekultur-krefeld.org\/index.php\/wp-json\/wp\/v2\/types\/page"}],"author":[{"embeddable":true,"href":"https:\/\/www.industriekultur-krefeld.org\/index.php\/wp-json\/wp\/v2\/users\/1"}],"replies":[{"embeddable":true,"href":"https:\/\/www.industriekultur-krefeld.org\/index.php\/wp-json\/wp\/v2\/comments?post=6"}],"version-history":[{"count":38,"href":"https:\/\/www.industriekultur-krefeld.org\/index.php\/wp-json\/wp\/v2\/pages\/6\/revisions"}],"predecessor-version":[{"id":2837,"href":"https:\/\/www.industriekultur-krefeld.org\/index.php\/wp-json\/wp\/v2\/pages\/6\/revisions\/2837"}],"wp:featuredmedia":[{"embeddable":true,"href":"https:\/\/www.industriekultur-krefeld.org\/index.php\/wp-json\/wp\/v2\/media\/1851"}],"wp:attachment":[{"href":"https:\/\/www.industriekultur-krefeld.org\/index.php\/wp-json\/wp\/v2\/media?parent=6"}],"wp:term":[{"taxonomy":"category","embeddable":true,"href":"https:\/\/www.industriekultur-krefeld.org\/index.php\/wp-json\/wp\/v2\/categories?post=6"},{"taxonomy":"post_tag","embeddable":true,"href":"https:\/\/www.industriekultur-krefeld.org\/index.php\/wp-json\/wp\/v2\/tags?post=6"}],"curies":[{"name":"wp","href":"https:\/\/api.w.org\/{rel}","templated":true}]}}