{"id":650,"date":"2021-01-07T19:32:46","date_gmt":"2021-01-07T18:32:46","guid":{"rendered":"https:\/\/www.industriekultur-krefeld.org\/?page_id=650"},"modified":"2026-01-28T09:31:06","modified_gmt":"2026-01-28T08:31:06","slug":"paramentenweberei-hubert-gotzes","status":"publish","type":"page","link":"https:\/\/www.industriekultur-krefeld.org\/index.php\/paramentenweberei-hubert-gotzes\/","title":{"rendered":"Paramentenweberei Haus der Seidenkultur"},"content":{"rendered":"\n<p>Das heutige Museum &#8220;<strong>Haus der Seidenkultur<\/strong>&#8221; ist ein Industriedenkmal, Museum, Kulturort, das an der Luisenstra\u00dfe 15 in Krefeld liegt. Von 1908 bis 1992 wurden in der einstigen <strong>Paramentenwebeberei Hubert Gotzes<\/strong> Priestergew\u00e4nder aus italienischen und chinesischen Seidengarnen f\u00fcr die katholische Kirche gewebt.<\/p>\n\n\n\n<p class=\"has-normal-font-size\">Sehenswert ist das Kernst\u00fcck des Museums, der einzig in Europa an authentischer St\u00e4tte erhaltene Jacquardhandwebsaal, in dem Textilhandwerk an h\u00f6lzernen Webst\u00fchlen lebendig gezeigt wird.<\/p>\n\n\n\n<!--more-->\n\n\n\n<div class=\"leaflet-map WPLeafletMap\" style=\"height:400px; width:100%;\"><\/div><script>\nwindow.WPLeafletMapPlugin = window.WPLeafletMapPlugin || [];\nwindow.WPLeafletMapPlugin.push(function WPLeafletMapShortcode() {\/*<script>*\/\nvar baseUrl = atob('aHR0cHM6Ly97c30udGlsZS5vcGVuc3RyZWV0bWFwLm9yZy97en0ve3h9L3t5fS5wbmc=');\nvar base = (!baseUrl && window.MQ) ?\n    window.MQ.mapLayer() : L.tileLayer(baseUrl,\n        L.Util.extend({}, {\n            detectRetina: 1,\n        },\n        {\"subdomains\":\"abc\",\"noWrap\":false,\"maxZoom\":20}        )\n    );\n    var options = L.Util.extend({}, {\n        layers: [base],\n        attributionControl: false\n    },\n    {\"tap\":false,\"zoomControl\":true,\"scrollWheelZoom\":false,\"doubleClickZoom\":true,\"fitBounds\":false,\"minZoom\":1,\"maxZoom\":20,\"maxBounds\":null,\"attribution\":\"<a href=\\\"http:\\\/\\\/leafletjs.com\\\" title=\\\"Eine Javascript-Bibliothek f\\u00fcr interaktive Karten\\\">Leaflet<\\\/a>; \\u00a9 <a href=\\\"http:\\\/\\\/www.openstreetmap.org\\\/copyright\\\">OpenStreetMap<\\\/a> Mitwirkende\"},\n    {});\nwindow.WPLeafletMapPlugin.createMap(options).setView([51.3331205,6.5623343],12);window.WPLeafletMapPlugin.createScale({});});<\/script><script>\nwindow.WPLeafletMapPlugin = window.WPLeafletMapPlugin || [];\nwindow.WPLeafletMapPlugin.push(function WPLeafletMarkerShortcode() {\/*<script>*\/\nvar map = window.WPLeafletMapPlugin.getCurrentMap();\nvar group = window.WPLeafletMapPlugin.getCurrentGroup();\nvar marker_options = window.WPLeafletMapPlugin.getIconOptions({\"title\":\"Haus der Seidenkultur\",\"alt\":\"Haus Floh\",\"zIndexOffset\":1000,\"iconUrl\":\"https:\\\/\\\/www.industriekultur-krefeld.org\\\/wp-content\\\/uploads\\\/icon-selected.png\",\"shadowUrl\":\"https:\\\/\\\/unpkg.com\\\/leaflet@1.7.1\\\/dist\\\/images\\\/marker-shadow.png\",\"iconAnchor\":\"20,20\"});\nvar marker = L.marker(\n    [51.3277241106,6.57057282786],\n    marker_options\n);\nvar is_image = map.is_image_map;\nif (marker_options.draggable) {\n    marker.on('dragend', function () {\n        var latlng = this.getLatLng();\n        var lat = latlng.lat;\n        var lng = latlng.lng;\n        if (is_image) {\n            console.log('leaflet-marker y=' + lat + ' x=' + lng);\n        } else {\n            console.log('leaflet-marker lat=' + lat + ' lng=' + lng);\n        }\n    });\n}\nmarker.addTo( group );\nmarker.bindPopup(window.WPLeafletMapPlugin.unescape('&lt;a href=&quot;https:\/\/www.industriekultur-krefeld.org\/index.php\/paramentenweberei-hubert-gotzes\/&quot;&gt; Haus der Seidenkultur&lt;\/a&gt;')).openPopup();window.WPLeafletMapPlugin.markers.push( marker );\n        });<\/script><script>\nwindow.WPLeafletMapPlugin = window.WPLeafletMapPlugin || [];\nwindow.WPLeafletMapPlugin.push(function WPLeafletjsonShortcode() {\/*<script>*\/\nvar src = 'https:\/\/www.industriekultur-krefeld.org\/geojson.php';\nvar default_style = {};\nvar rewrite_keys = {\n    stroke : 'color',\n    'stroke-width' : 'weight',\n    'stroke-opacity' : 'opacity',\n    fill : 'fillColor',\n    'fill-opacity' : 'fillOpacity',\n};\n\/\/ htmlspecialchars converts & to \"&amp;\"; maybe unnecessarily, and maybe 3x\nvar ampersandRegex = \/&(?:amp;){1,3}\/g\nvar layer = L.ajaxGeoJson(src.replace(ampersandRegex, '&'), {\n    type: 'json',\n    style : layerStyle,\n    onEachFeature : onEachFeature,\n    pointToLayer: pointToLayer\n});\nvar fitbounds = 0;\nvar circleMarker = 0;\nvar popup_text = window.WPLeafletMapPlugin.unescape(\"&lt;br&gt;&lt;br&gt;&lt;a href=&quot;https:\/\/www.industriekultur-krefeld.org\/index.php\/{name}&quot;&gt;{title}&lt;br&gt;&lt;button&gt;&lt;i class=&quot;material-icons&quot;&gt;account_balance&lt;\/i&gt;Ansehen&lt;\/button&gt;&lt;\/a&gt;&lt;a href=&quot;http:\/\/maps.google.com\/maps?q={lat},{lng}&amp;amp;navigate=yes&quot;&gt;&lt;button&gt;&lt;i class=&quot;material-icons&quot;&gt;explore&lt;\/i&gt;Navigation starten&lt;\/button&gt;&lt;\/a&gt;&lt;br&gt;&lt;br&gt;\");\nvar popup_property = \"\";\nvar table_view = 0;\nvar group = window.WPLeafletMapPlugin.getCurrentGroup();\nvar markerOptions = window.WPLeafletMapPlugin.getIconOptions({});\nlayer.addTo( group );\nwindow.WPLeafletMapPlugin.geojsons.push( layer );\nif (fitbounds) {\n    layer.on('ready', function () {\n        this.map.fitBounds( this.getBounds() );\n    });\n}\nfunction layerStyle (feature) {\n    var props = feature.properties || {};\n    var style = {};\n    function camelFun (_, first_letter) {\n        return first_letter.toUpperCase();\n    };\n    for (var key in props) {\n        if (key.match('-')) {\n            var camelcase = key.replace(\/-(\\w)\/, camelFun);\n            style[ camelcase ] = props[ key ];\n        }\n        \/\/ rewrite style keys from geojson.io\n        if (rewrite_keys[ key ]) {\n            style[ rewrite_keys[ key ] ] = props[ key ];\n        }\n    }\n    return L.Util.extend(style, default_style);\n}\nfunction onEachFeature (feature, layer) {\n    var props = feature.properties || {};\n    var text;\n    if (table_view) {\n        text = window.WPLeafletMapPlugin.propsToTable(props);\n    } else {\n        text = popup_property\n            ? props[ popup_property ]\n            : window.WPLeafletMapPlugin.template(\n                popup_text, \n                feature.properties\n            );\n    }\n    if (text) {\n        layer.bindPopup( text );\n    }\n}\n    function pointToLayer (feature, latlng) {\n    if (circleMarker) {\n        return L.circleMarker(latlng);\n    }\n    return L.marker(latlng, markerOptions);\n}});<\/script><script>\nwindow.WPLeafletMapPlugin = window.WPLeafletMapPlugin || [];\nwindow.WPLeafletMapPlugin.push(function WPLeafletScaleShortcode() {window.WPLeafletMapPlugin.createScale({\"imperial\":false,\"position\":\"topright\"});});<\/script><h2 class=\"wp-block-heading has-vivid-red-color has-text-color\" id=\"geschichte-und-hintergrund\">Geschichte und Hintergrund<\/h2>\n\n\n\n<figure class=\"wp-block-image size-large is-resized\"><a href=\"https:\/\/www.industriekultur-krefeld.org\/wp-content\/uploads\/HdS_Aussenansicht_11_20-1-scaled.jpg\"><img decoding=\"async\" src=\"https:\/\/www.industriekultur-krefeld.org\/wp-content\/uploads\/HdS_Aussenansicht_11_20-1-576x1024.jpg\" alt=\"\" class=\"wp-image-2373\"\/><\/a><figcaption class=\"wp-element-caption\">Haus der Seidenkultur, F\u00f6rderverein Haus der Seidenkultur&nbsp;Paramentenweberei Hubert Gotzes e.V.<\/figcaption><\/figure>\n\n\n\n<p>Das Geb\u00e4ude ist als die Seidenwarenfabrik von Gottfried Diepers 1868 als Wohn- und Gesch\u00e4ftshaus, mit Produktionsst\u00e4tte im Hinterhaus errichtet worden. Schon wenige Jahre sp\u00e4ter erstreckte sich der wachsende Betrieb nach hinten hinaus bis zur Mariannenstra\u00dfe. <\/p>\n\n\n\n<p>Hubert Gotzes, Paramenten-, Paramentenstoff- und Fahnenfabrikant, suchte neue R\u00e4ume f\u00fcr sein rasch anwachsendes Unternehmen und kaufte 1908 das Geb\u00e4ude in der Luisenstrasse 15.<\/p>\n\n\n\n<p>Bis heute hat das Haus zwei nebeneinander liegende Eing\u00e4nge und auch zwei Treppenh\u00e4user. Der linke Eingang f\u00fchrte in die Privatr\u00e4ume, der rechte Eingang in die Verkaufsr\u00e4ume im Erdgeschoss, von dort aus weiter \u00fcber eine Treppe in den Websaal im Hinterhaus. Den besonderen Anforderungen des Handwebens wurde dort mit den gro\u00dfen Fenstern in Richtung S\u00fcden Rechnung getragen. So wurden zu jeder Tageszeit die Webst\u00fchle ausreichend \u00fcber die gesamte Breite beleuchtet.&nbsp;<br><\/p>\n\n\n\n<figure class=\"wp-block-embed is-type-video is-provider-youtube wp-block-embed-youtube wp-embed-aspect-16-9 wp-has-aspect-ratio\"><div class=\"wp-block-embed__wrapper\">\n<iframe loading=\"lazy\" title=\"WDR Lokalzeit vom 21.6.2024 \u00fcber das 25-j\u00e4hrige Jubil\u00e4um F\u00f6rderverein HdS\" width=\"525\" height=\"295\" src=\"https:\/\/www.youtube.com\/embed\/mfhjl8it0jc?feature=oembed\" frameborder=\"0\" allow=\"accelerometer; autoplay; clipboard-write; encrypted-media; gyroscope; picture-in-picture; web-share\" referrerpolicy=\"strict-origin-when-cross-origin\" allowfullscreen><\/iframe>\n<\/div><\/figure>\n\n\n\n<p>Die Fertigung von kostbaren Geweben erfolgte dort auf den damals neuen, hochtechnisierten Jacquard-Handwebst\u00fchlen. Auf diesen wurden bis fast zur Jahrtausendwende die mit Gold- und Silberf\u00e4den durchwirkten Stoffe f\u00fcr die kostbaren Paramente gewebt. Nur durch diesen Umstand wurde der Websaal in der Luisenstra\u00dfe \u00fcber beinahe einhundert Jahre kaum ver\u00e4ndert.<\/p>\n\n\n\n<figure class=\"wp-block-image size-large\"><a href=\"https:\/\/www.industriekultur-krefeld.org\/wp-content\/uploads\/websaal03-scaled.jpg\"><img decoding=\"async\" src=\"https:\/\/www.industriekultur-krefeld.org\/wp-content\/uploads\/websaal03-553x1024.jpg\" alt=\"\" class=\"wp-image-2371\"\/><\/a><figcaption class=\"wp-element-caption\">F\u00f6rderverein Haus der Seidenkultur&nbsp;Paramentenweberei Hubert Gotzes e.V.<\/figcaption><\/figure>\n\n\n\n<h2 class=\"wp-block-heading has-vivid-red-color has-text-color\" id=\"erhalt\">Erhalt<\/h2>\n\n\n\n<p>In den 80er Jahren war die gro\u00dfe Zeit von Samt und Seide in Krefeld aber vorbei. Das Unternehmen schlo\u00df 1989. An seine Geschichte und die Tradition Seide zu weben, erinnert seit dem Jahr 2000 das Museum <a href=\"https:\/\/seidenkultur.de\" title=\"\">Haus der Seidenkultur<\/a>.<\/p>\n\n\n\n<h2 class=\"wp-block-heading has-vivid-red-color has-text-color\" id=\"mehr-lesen\">Mehr lesen<br><\/h2>\n\n\n\n<p><a href=\"https:\/\/seidenkultur.de\/\">F\u00f6rderverein Haus der Seidenkultur&nbsp;<\/a><br><a href=\"https:\/\/seidenkultur.de\/\">Paramentenweberei Hubert Gotzes e.V.<\/a><\/p>\n\n\n\n<div class=\"wp-block-media-text alignwide is-stacked-on-mobile is-image-fill\"><figure class=\"wp-block-media-text__media\" style=\"background-image:url(https:\/\/www.industriekultur-krefeld.org\/wp-content\/uploads\/Button-RI-on-2.png);background-position:50% 50%\"><a href=\"http:\/\/www.rheinische-industriekultur.com\"><img loading=\"lazy\" decoding=\"async\" width=\"340\" height=\"275\" src=\"https:\/\/www.industriekultur-krefeld.org\/wp-content\/uploads\/Button-RI-on-2.png\" alt=\"\" class=\"wp-image-291 size-full\" srcset=\"https:\/\/www.industriekultur-krefeld.org\/wp-content\/uploads\/Button-RI-on-2.png 340w, https:\/\/www.industriekultur-krefeld.org\/wp-content\/uploads\/Button-RI-on-2-300x243.png 300w\" sizes=\"auto, (max-width: 340px) 100vw, 340px\" \/><\/a><\/figure><div class=\"wp-block-media-text__content\">\n<p><a href=\"https:\/\/www.rheinische-industriekultur.com\/seiten\/objekte\/orte\/krefeld\/objekte\/textil_paramentenweberei.html\">Paramentenweberei Hubert Gotzes<br><\/a>von Hansgeorg Hauser&nbsp;<\/p>\n\n\n\n<p><a href=\"https:\/\/www.rheinische-industriekultur.com\/seiten\/objekte\/orte\/krefeld\/objekte\/flohsches_haus.html\">Floh&#8217;sches Haus<\/a><br>von Sabine Lepsky<\/p>\n\n\n\n<p><a href=\"https:\/\/www.rheinische-industriekultur.com\/seiten\/objekte\/orte\/krefeld\/objekte\/statdpalais_von_der_leyen.html\" data-type=\"page\">Stadtpalais Conrad von der Leyen, heute Rathaus<\/a><br>von Sabine Lepsky<\/p>\n<\/div><\/div>\n","protected":false},"excerpt":{"rendered":"<p>Das heutige Museum &#8220;Haus der Seidenkultur&#8221; ist ein Industriedenkmal, Museum, Kulturort, das an der Luisenstra\u00dfe 15 in Krefeld liegt. Von 1908 bis 1992 wurden in der einstigen Paramentenwebeberei Hubert Gotzes Priestergew\u00e4nder aus italienischen und chinesischen Seidengarnen f\u00fcr die katholische Kirche gewebt. Sehenswert ist das Kernst\u00fcck des Museums, der einzig in Europa an authentischer St\u00e4tte erhaltene &hellip; <\/p>\n<p class=\"link-more\"><a href=\"https:\/\/www.industriekultur-krefeld.org\/index.php\/paramentenweberei-hubert-gotzes\/\" class=\"more-link\"><span class=\"screen-reader-text\">\u201eParamentenweberei Haus der Seidenkultur\u201c <\/span>weiterlesen<\/a><\/p>\n","protected":false},"author":1,"featured_media":2372,"parent":0,"menu_order":14,"comment_status":"open","ping_status":"closed","template":"","meta":{"footnotes":""},"categories":[6,23],"tags":[28,36,40,44],"class_list":["post-650","page","type-page","status-publish","has-post-thumbnail","hentry","category-krefeld-innenstadt","category-top-10","tag-technisches-denkmal","tag-museum","tag-gelungene-umnutzung","tag-textil"],"_links":{"self":[{"href":"https:\/\/www.industriekultur-krefeld.org\/index.php\/wp-json\/wp\/v2\/pages\/650","targetHints":{"allow":["GET"]}}],"collection":[{"href":"https:\/\/www.industriekultur-krefeld.org\/index.php\/wp-json\/wp\/v2\/pages"}],"about":[{"href":"https:\/\/www.industriekultur-krefeld.org\/index.php\/wp-json\/wp\/v2\/types\/page"}],"author":[{"embeddable":true,"href":"https:\/\/www.industriekultur-krefeld.org\/index.php\/wp-json\/wp\/v2\/users\/1"}],"replies":[{"embeddable":true,"href":"https:\/\/www.industriekultur-krefeld.org\/index.php\/wp-json\/wp\/v2\/comments?post=650"}],"version-history":[{"count":21,"href":"https:\/\/www.industriekultur-krefeld.org\/index.php\/wp-json\/wp\/v2\/pages\/650\/revisions"}],"predecessor-version":[{"id":7030,"href":"https:\/\/www.industriekultur-krefeld.org\/index.php\/wp-json\/wp\/v2\/pages\/650\/revisions\/7030"}],"wp:featuredmedia":[{"embeddable":true,"href":"https:\/\/www.industriekultur-krefeld.org\/index.php\/wp-json\/wp\/v2\/media\/2372"}],"wp:attachment":[{"href":"https:\/\/www.industriekultur-krefeld.org\/index.php\/wp-json\/wp\/v2\/media?parent=650"}],"wp:term":[{"taxonomy":"category","embeddable":true,"href":"https:\/\/www.industriekultur-krefeld.org\/index.php\/wp-json\/wp\/v2\/categories?post=650"},{"taxonomy":"post_tag","embeddable":true,"href":"https:\/\/www.industriekultur-krefeld.org\/index.php\/wp-json\/wp\/v2\/tags?post=650"}],"curies":[{"name":"wp","href":"https:\/\/api.w.org\/{rel}","templated":true}]}}