{"id":737,"date":"2021-01-09T12:50:32","date_gmt":"2021-01-09T11:50:32","guid":{"rendered":"https:\/\/www.industriekultur-krefeld.org\/?page_id=737"},"modified":"2021-03-06T19:10:25","modified_gmt":"2021-03-06T18:10:25","slug":"siedlung-stahldorf","status":"publish","type":"page","link":"https:\/\/www.industriekultur-krefeld.org\/index.php\/siedlung-stahldorf\/","title":{"rendered":"Siedlung Stahldorf"},"content":{"rendered":"\n<p>Nachdem im Jahr 1900 in Fischeln ein&nbsp;<a href=\"https:\/\/www.industriekultur-krefeld.org\/index.php\/deutsche-edelstahlwerke\/\" data-type=\"page\" data-id=\"704\">Stahlwerk<\/a>&nbsp;errichtet wurde, waren dort ein Jahr sp\u00e4ter schon 80 Arbeiter besch\u00e4ftigt. 1905-1908 entstand an der heutigen Oberschlesienstra\u00dfe, in kurzer Distanz zum Stahlwerk, eine Siedlung die den passenden Namen \u201eStahldorf\u201c erhielt.<\/p>\n\n\n\n<p>Sehenswert sind sind die Siedlungsh\u00e4user gegen\u00fcber einer heutigen Werkseinfahrt an der Oberschlesienstra\u00dfe und weiter entlang der Vulkan- und Thyssen Stra\u00dfe.<\/p>\n\n\n\n<!--more-->\n\n\n<div class=\"leaflet-map WPLeafletMap\" style=\"height:400px; width:100%;\"><\/div><script>\nwindow.WPLeafletMapPlugin = window.WPLeafletMapPlugin || [];\nwindow.WPLeafletMapPlugin.push(function WPLeafletMapShortcode() {\/*<script>*\/\nvar baseUrl = atob('aHR0cHM6Ly97c30udGlsZS5vcGVuc3RyZWV0bWFwLm9yZy97en0ve3h9L3t5fS5wbmc=');\nvar base = (!baseUrl && window.MQ) ?\n    window.MQ.mapLayer() : L.tileLayer(baseUrl,\n        L.Util.extend({}, {\n            detectRetina: 1,\n        },\n        {\"subdomains\":\"abc\",\"noWrap\":false,\"maxZoom\":20}        )\n    );\n    var options = L.Util.extend({}, {\n        layers: [base],\n        attributionControl: false\n    },\n    {\"tap\":false,\"zoomControl\":true,\"scrollWheelZoom\":false,\"doubleClickZoom\":true,\"fitBounds\":false,\"minZoom\":1,\"maxZoom\":20,\"maxBounds\":null,\"attribution\":\"<a href=\\\"http:\\\/\\\/leafletjs.com\\\" title=\\\"Eine Javascript-Bibliothek f\\u00fcr interaktive Karten\\\">Leaflet<\\\/a>; \\u00a9 <a href=\\\"http:\\\/\\\/www.openstreetmap.org\\\/copyright\\\">OpenStreetMap<\\\/a> Mitwirkende\"},\n    {});\nwindow.WPLeafletMapPlugin.createMap(options).setView([51.307232,6.557771],14);window.WPLeafletMapPlugin.createScale({});});<\/script>\n<script>\nwindow.WPLeafletMapPlugin = window.WPLeafletMapPlugin || [];\nwindow.WPLeafletMapPlugin.push(function WPLeafletMarkerShortcode() {\/*<script>*\/\nvar map = window.WPLeafletMapPlugin.getCurrentMap();\nvar group = window.WPLeafletMapPlugin.getCurrentGroup();\nvar marker_options = window.WPLeafletMapPlugin.getIconOptions({\"title\":\"Siedlung Stahldorf\",\"alt\":\"Siedlung Stahldorf\",\"zIndexOffset\":1000,\"iconUrl\":\"https:\\\/\\\/www.industriekultur-krefeld.org\\\/wp-content\\\/uploads\\\/icon-selected.png\",\"shadowUrl\":\"https:\\\/\\\/unpkg.com\\\/leaflet@1.7.1\\\/dist\\\/images\\\/marker-shadow.png\",\"iconAnchor\":\"20,20\"});\nvar marker = L.marker(\n    [51.307232,6.557771],\n    marker_options\n);\nvar is_image = map.is_image_map;\nif (marker_options.draggable) {\n    marker.on('dragend', function () {\n        var latlng = this.getLatLng();\n        var lat = latlng.lat;\n        var lng = latlng.lng;\n        if (is_image) {\n            console.log('leaflet-marker y=' + lat + ' x=' + lng);\n        } else {\n            console.log('leaflet-marker lat=' + lat + ' lng=' + lng);\n        }\n    });\n}\nmarker.addTo( group );\nmarker.bindPopup(window.WPLeafletMapPlugin.unescape('&lt;a href=\\&quot;https:\/\/www.industriekultur-krefeld.org\/index.php\/siedlung-stahldorf\\&quot;&gt;Siedlung Stahldorf&lt;\/a&gt;')).openPopup();window.WPLeafletMapPlugin.markers.push( marker );\n        });<\/script>\n<script>\nwindow.WPLeafletMapPlugin = window.WPLeafletMapPlugin || [];\nwindow.WPLeafletMapPlugin.push(function WPLeafletjsonShortcode() {\/*<script>*\/\nvar src = 'https:\/\/www.industriekultur-krefeld.org\/geojson.php';\nvar default_style = {};\nvar rewrite_keys = {\n    stroke : 'color',\n    'stroke-width' : 'weight',\n    'stroke-opacity' : 'opacity',\n    fill : 'fillColor',\n    'fill-opacity' : 'fillOpacity',\n};\n\/\/ htmlspecialchars converts & to \"&amp;\"; maybe unnecessarily, and maybe 3x\nvar ampersandRegex = \/&(?:amp;){1,3}\/g\nvar layer = L.ajaxGeoJson(src.replace(ampersandRegex, '&'), {\n    type: 'json',\n    style : layerStyle,\n    onEachFeature : onEachFeature,\n    pointToLayer: pointToLayer\n});\nvar fitbounds = 0;\nvar circleMarker = 0;\nvar popup_text = window.WPLeafletMapPlugin.unescape(\"&lt;br&gt;&lt;p&gt;&lt;a href=&quot;https:\/\/www.industriekultur-krefeld.org\/index.php\/{name}&quot;&gt;{title}&lt;br \/&gt;&lt;button&gt;&lt;i class=&quot;material-icons&quot;&gt;account_balance&lt;\/i&gt;Ansehen&lt;\/button&gt;&lt;\/a&gt;&lt;a href=&quot;http:\/\/maps.google.com\/maps?q={lat},{lng}&amp;amp;navigate=yes&quot;&gt;&lt;button&gt;&lt;i class=&quot;material-icons&quot;&gt;explore&lt;\/i&gt;Navigation starten&lt;\/button&gt;&lt;\/a&gt;&lt;\/p&gt;&lt;br&gt;&lt;p&gt;\");\nvar popup_property = \"\";\nvar table_view = 0;\nvar group = window.WPLeafletMapPlugin.getCurrentGroup();\nvar markerOptions = window.WPLeafletMapPlugin.getIconOptions({});\nlayer.addTo( group );\nwindow.WPLeafletMapPlugin.geojsons.push( layer );\nif (fitbounds) {\n    layer.on('ready', function () {\n        this.map.fitBounds( this.getBounds() );\n    });\n}\nfunction layerStyle (feature) {\n    var props = feature.properties || {};\n    var style = {};\n    function camelFun (_, first_letter) {\n        return first_letter.toUpperCase();\n    };\n    for (var key in props) {\n        if (key.match('-')) {\n            var camelcase = key.replace(\/-(\\w)\/, camelFun);\n            style[ camelcase ] = props[ key ];\n        }\n        \/\/ rewrite style keys from geojson.io\n        if (rewrite_keys[ key ]) {\n            style[ rewrite_keys[ key ] ] = props[ key ];\n        }\n    }\n    return L.Util.extend(style, default_style);\n}\nfunction onEachFeature (feature, layer) {\n    var props = feature.properties || {};\n    var text;\n    if (table_view) {\n        text = window.WPLeafletMapPlugin.propsToTable(props);\n    } else {\n        text = popup_property\n            ? props[ popup_property ]\n            : window.WPLeafletMapPlugin.template(\n                popup_text, \n                feature.properties\n            );\n    }\n    if (text) {\n        layer.bindPopup( text );\n    }\n}\n    function pointToLayer (feature, latlng) {\n    if (circleMarker) {\n        return L.circleMarker(latlng);\n    }\n    return L.marker(latlng, markerOptions);\n}});<\/script>\n<script>\nwindow.WPLeafletMapPlugin = window.WPLeafletMapPlugin || [];\nwindow.WPLeafletMapPlugin.push(function WPLeafletScaleShortcode() {window.WPLeafletMapPlugin.createScale({\"imperial\":false,\"position\":\"topright\"});});<\/script><\/p>\n\n\n\n<h2 class=\"has-vivid-red-color has-text-color wp-block-heading\">Geschichte und Hintergrund<\/h2>\n\n\n\n<p>Um die nun zwangsl\u00e4ufig aus anderen St\u00e4dten anzuwerbenden Arbeitskr\u00e4fte zu einem Wechsel ins neue Stahlwerks zu bewegen, musste Wohnraum in direkter N\u00e4he des Werkes geschaffen werden. 1905-1908 entstand an der heutigen Oberschlesienstra\u00dfe, in kurzer Distanz zum Stahlwerk die Siedlung Stahldorf.<\/p>\n\n\n\n<figure class=\"wp-block-image size-large\"><a href=\"https:\/\/www.industriekultur-krefeld.org\/wp-content\/uploads\/karte_stahlwerk_fischeln.jpg\"><img loading=\"lazy\" decoding=\"async\" width=\"929\" height=\"433\" src=\"https:\/\/www.industriekultur-krefeld.org\/wp-content\/uploads\/karte_stahlwerk_fischeln-edited.jpg\" alt=\"\" class=\"wp-image-746\" srcset=\"https:\/\/www.industriekultur-krefeld.org\/wp-content\/uploads\/karte_stahlwerk_fischeln-edited.jpg 929w, https:\/\/www.industriekultur-krefeld.org\/wp-content\/uploads\/karte_stahlwerk_fischeln-edited-300x140.jpg 300w, https:\/\/www.industriekultur-krefeld.org\/wp-content\/uploads\/karte_stahlwerk_fischeln-edited-768x358.jpg 768w\" sizes=\"auto, (max-width: 767px) 89vw, (max-width: 1000px) 54vw, (max-width: 1071px) 543px, 580px\" \/><\/a><figcaption>Karte <em>Siedlung Stahldorf<\/em> und Stahlwerk,  1916<br>Quelle: Ausschnitt aus Landesarchiv NRW, Abteilung Rheinland, Karte 8849<\/figcaption><\/figure>\n\n\n\n<p>1929 wurde Fischeln nach Krefeld eingemeindet, zudem der Unternehmenssitz Krefeld zum Hauptstandort des Verbundes der \u201eDeutschen Edelstahlwerke\u201c. Als das Werk immer bedeutendere Ausma\u00dfe annahm, es waren zu dieser Zeit mehr als 4.000 Arbeiter im Werk besch\u00e4ftigt, wurden noch mehr Werkswohnungen errichtet. <\/p>\n\n\n\n<p>Stahldorf selbst wurde ebenfalls, aber erst in den fr\u00fchen 1930er- Jahren, mit weiteren Siedlungsbereichen erweitert, zun\u00e4chst in n\u00f6rdlicher Richtung.&nbsp;<\/p>\n\n\n\n<figure class=\"wp-block-gallery columns-3 is-cropped wp-block-gallery-2 is-layout-flex wp-block-gallery-is-layout-flex\"><ul class=\"blocks-gallery-grid\"><li class=\"blocks-gallery-item\"><figure><a href=\"https:\/\/www.industriekultur-krefeld.org\/wp-content\/uploads\/IMG_7151-scaled.jpeg\"><img decoding=\"async\" src=\"https:\/\/www.industriekultur-krefeld.org\/wp-content\/uploads\/IMG_7151-1024x768.jpeg\" alt=\"\" data-id=\"751\" data-full-url=\"https:\/\/www.industriekultur-krefeld.org\/wp-content\/uploads\/IMG_7151-scaled.jpeg\" data-link=\"https:\/\/www.industriekultur-krefeld.org\/index.php\/siedlung-stahldorf\/img_7151\/\" class=\"wp-image-751\"\/><\/a><figcaption class=\"blocks-gallery-item__caption\">Stahldorf Schule<\/figcaption><\/figure><\/li><li class=\"blocks-gallery-item\"><figure><a href=\"https:\/\/www.industriekultur-krefeld.org\/wp-content\/uploads\/IMG_7153-scaled.jpeg\"><img decoding=\"async\" src=\"https:\/\/www.industriekultur-krefeld.org\/wp-content\/uploads\/IMG_7153-1024x728.jpeg\" alt=\"\" data-id=\"752\" data-full-url=\"https:\/\/www.industriekultur-krefeld.org\/wp-content\/uploads\/IMG_7153-scaled.jpeg\" data-link=\"https:\/\/www.industriekultur-krefeld.org\/index.php\/siedlung-stahldorf\/img_7153\/\" class=\"wp-image-752\"\/><\/a><figcaption class=\"blocks-gallery-item__caption\">Thyssen Stra\u00dfe<\/figcaption><\/figure><\/li><li class=\"blocks-gallery-item\"><figure><a href=\"https:\/\/www.industriekultur-krefeld.org\/wp-content\/uploads\/IMG_7156-scaled.jpeg\"><img decoding=\"async\" src=\"https:\/\/www.industriekultur-krefeld.org\/wp-content\/uploads\/IMG_7156-1024x768.jpeg\" alt=\"\" data-id=\"753\" data-full-url=\"https:\/\/www.industriekultur-krefeld.org\/wp-content\/uploads\/IMG_7156-scaled.jpeg\" data-link=\"https:\/\/www.industriekultur-krefeld.org\/index.php\/siedlung-stahldorf\/img_7156\/\" class=\"wp-image-753\"\/><\/a><figcaption class=\"blocks-gallery-item__caption\"><em>Thyssen Stra\u00dfe<\/em><\/figcaption><\/figure><\/li><li class=\"blocks-gallery-item\"><figure><a href=\"https:\/\/www.industriekultur-krefeld.org\/wp-content\/uploads\/IMG_7162-scaled.jpeg\"><img decoding=\"async\" src=\"https:\/\/www.industriekultur-krefeld.org\/wp-content\/uploads\/IMG_7162-1024x768.jpeg\" alt=\"\" data-id=\"754\" data-full-url=\"https:\/\/www.industriekultur-krefeld.org\/wp-content\/uploads\/IMG_7162-scaled.jpeg\" data-link=\"https:\/\/www.industriekultur-krefeld.org\/index.php\/siedlung-stahldorf\/img_7162\/\" class=\"wp-image-754\"\/><\/a><figcaption class=\"blocks-gallery-item__caption\">Eckgeb\u00e4ude Vulkan-Oberschlesienstra\u00dfe, heute Jugendzentrum Stahlnetz<\/figcaption><\/figure><\/li><\/ul><figcaption class=\"blocks-gallery-caption\">Stahldorf Schule, Siedlung Stahldorf, Jugendzentrum Stahlnetz<\/figcaption><\/figure>\n\n\n\n<p>Der Arbeiterwohnungsbau in Krefeld ist erst vergleichsweise sp\u00e4t relevant geworden. Mit dem Fortschritt der Mechanisierung und der Ansiedlung von zuerst Fachbeitskr\u00e4ften, sp\u00e4ter aber einer Masse von Arbeitern mit Ihren Familien, wurde der Siedlungsbau interessanter. Zuerst traten die Firmen wie das <a href=\"https:\/\/www.industriekultur-krefeld.org\/index.php\/deutsche-edelstahlwerke\/\" data-type=\"page\" data-id=\"704\">Stahlwerk<\/a> selbst als Bauherren der Arbeitersiedlungen auf. Sp\u00e4ter \u00fcbernahmen gemeinn\u00fctzige Wohnungsbaugesellschaften, auf Initiative der Unternehmen, die Realisierung des Werkswohnungsbaus. <\/p>\n\n\n\n<figure class=\"wp-block-image size-large\"><a href=\"https:\/\/www.industriekultur-krefeld.org\/wp-content\/uploads\/2020\/12\/IMG_7163-scaled.jpeg\"><img decoding=\"async\" src=\"https:\/\/www.industriekultur-krefeld.org\/wp-content\/uploads\/2020\/12\/IMG_7163-1024x768.jpeg\" alt=\"\" class=\"wp-image-57\"\/><\/a><figcaption>Jugendzentrum Stahlnetz, gegen\u00fcber Stahlwerk <\/figcaption><\/figure>\n\n\n\n<h2 class=\"has-vivid-red-color has-text-color wp-block-heading\">Wohnungsbauaktivit\u00e4ten des Edelstahlwerks<\/h2>\n\n\n\n<div class=\"wp-block-media-text alignwide is-stacked-on-mobile is-vertically-aligned-top\"><figure class=\"wp-block-media-text__media\"><a href=\"https:\/\/www.industriekultur-krefeld.org\/wp-content\/uploads\/IMG_7146-edited-scaled.jpeg\"><img loading=\"lazy\" decoding=\"async\" width=\"1800\" height=\"1349\" src=\"https:\/\/www.industriekultur-krefeld.org\/wp-content\/uploads\/IMG_7146-edited-scaled.jpeg\" alt=\"\" class=\"wp-image-768 size-full\" srcset=\"https:\/\/www.industriekultur-krefeld.org\/wp-content\/uploads\/IMG_7146-edited-scaled.jpeg 1800w, https:\/\/www.industriekultur-krefeld.org\/wp-content\/uploads\/IMG_7146-edited-scaled-300x225.jpeg 300w, https:\/\/www.industriekultur-krefeld.org\/wp-content\/uploads\/IMG_7146-edited-scaled-1024x767.jpeg 1024w, https:\/\/www.industriekultur-krefeld.org\/wp-content\/uploads\/IMG_7146-edited-scaled-768x576.jpeg 768w, https:\/\/www.industriekultur-krefeld.org\/wp-content\/uploads\/IMG_7146-edited-scaled-1536x1151.jpeg 1536w\" sizes=\"auto, (max-width: 767px) 89vw, (max-width: 1000px) 54vw, (max-width: 1071px) 543px, 580px\" \/><\/a><\/figure><div class=\"wp-block-media-text__content\">\n<p class=\"has-normal-font-size\">Die Siedlung Stahldorf stellt in Krefeld die Entwicklung des Werkswohnungsbaus besonders gut dar, denn sie ist der Ausgangspunkt einer langen Reihe von Wohnungsbauaktivit\u00e4ten des Edelstahlwerks. Daran anschlie\u00dfend entstand in \u00f6stlicher Richtung ab 1934 die Siedlung Neuland. Weitere Siedlungen der Edelstahlwerke folgten, wie im Fr\u00fchjahr 1936 die <a href=\"https:\/\/www.industriekultur-krefeld.org\/index.php\/siedlung-lindental\/\">Siedlung Lindental<\/a> jenseits der Gladbacher Stra\u00dfe. In der Fortsetzung der Siedlungen die von \u201eStahldorf\u201c ausgingen, schon weit in Richtung Fischeln im Osten, ist ab 1938 bis 1939 die \u201e<a href=\"https:\/\/www.industriekultur-krefeld.org\/index.php\/siedlung-klein-oesterreich\/\">Tiroler Siedlung\u201c, die heute als \u201eKlein-\u00d6sterreich<\/a> bezeichnet wird, erbaut worden. Man hatte Arbeiter der \u201eB\u00f6hler Stahlwerke\u201c aus \u00d6sterreich an den Niederrhein abgeworben.<\/p>\n<\/div><\/div>\n\n\n\n<h2 class=\"has-vivid-red-color has-text-color wp-block-heading\">Mehr lesen<\/h2>\n\n\n\n<div class=\"wp-block-media-text alignwide is-vertically-aligned-top\"><figure class=\"wp-block-media-text__media\"><a href=\"https:\/\/www.industriekultur-krefeld.org\"><img loading=\"lazy\" decoding=\"async\" width=\"685\" height=\"425\" src=\"https:\/\/www.industriekultur-krefeld.org\/wp-content\/uploads\/Logo_IK-KREFELD_2020.png\" alt=\"\" class=\"wp-image-549 size-full\" srcset=\"https:\/\/www.industriekultur-krefeld.org\/wp-content\/uploads\/Logo_IK-KREFELD_2020.png 685w, https:\/\/www.industriekultur-krefeld.org\/wp-content\/uploads\/Logo_IK-KREFELD_2020-300x186.png 300w\" sizes=\"auto, (max-width: 685px) 100vw, 685px\" \/><\/a><\/figure><div class=\"wp-block-media-text__content\">\n<p><span><a style=\"font-weight: bold;\" href=\"https:\/\/www.industriekultur-krefeld.org\/index.php\/rheinhafen-krefeld\/\">Deutsche Edelstahlwerke<\/a><\/span><br><br><a href=\"https:\/\/www.industriekultur-krefeld.org\/index.php\/siedlung-stahldorf\/\" data-type=\"page\" data-id=\"737\">Siedlung Stahldorf<\/a><\/p>\n\n\n\n<p><a href=\"https:\/\/www.industriekultur-krefeld.org\/index.php\/siedlung-ulmenstrasse\/\" data-type=\"page\" data-id=\"808\">Siedlung Ulmenstra\u00dfe<\/a><\/p>\n\n\n\n<p><a href=\"https:\/\/www.industriekultur-krefeld.org\/index.php\/siedlung-lindental\/\" data-type=\"page\" data-id=\"1134\">Siedlung Lindental<\/a><\/p>\n\n\n\n<p><a href=\"https:\/\/www.industriekultur-krefeld.org\/index.php\/siedlung-klein-oesterreich\/\" data-type=\"page\" data-id=\"804\">Siedlung Klein \u00d6sterreich<\/a><\/p>\n<\/div><\/div>\n\n\n\n<div class=\"wp-block-media-text alignwide is-vertically-aligned-top\"><figure class=\"wp-block-media-text__media\"><a href=\"http:\/\/www.rheinische-industriekultur.com\"><img loading=\"lazy\" decoding=\"async\" width=\"340\" height=\"275\" src=\"https:\/\/www.industriekultur-krefeld.org\/wp-content\/uploads\/Button-RI-on-2.png\" alt=\"\" class=\"wp-image-291 size-full\" srcset=\"https:\/\/www.industriekultur-krefeld.org\/wp-content\/uploads\/Button-RI-on-2.png 340w, https:\/\/www.industriekultur-krefeld.org\/wp-content\/uploads\/Button-RI-on-2-300x243.png 300w\" sizes=\"auto, (max-width: 340px) 100vw, 340px\" \/><\/a><\/figure><div class=\"wp-block-media-text__content\">\n<p><strong><a href=\"https:\/\/www.rheinische-industriekultur.com\/seiten\/objekte\/orte\/krefeld\/objekte\/edelstahlwerke.html\">Deutsche Edelstahlwerke<\/a><br><\/strong>von Christoph Becker <\/p>\n\n\n\n<p><a href=\"https:\/\/www.rheinische-industriekultur.com\/seiten\/objekte\/orte\/krefeld\/objekte\/siedlung_stahldorf.html\">Siedlung Stahldorf<br><\/a>von Christoph Becker<\/p>\n<\/div><\/div>\n","protected":false},"excerpt":{"rendered":"<p>Nachdem im Jahr 1900 in Fischeln ein&nbsp;Stahlwerk&nbsp;errichtet wurde, waren dort ein Jahr sp\u00e4ter schon 80 Arbeiter besch\u00e4ftigt. 1905-1908 entstand an der heutigen Oberschlesienstra\u00dfe, in kurzer Distanz zum Stahlwerk, eine Siedlung die den passenden Namen \u201eStahldorf\u201c erhielt. Sehenswert sind sind die Siedlungsh\u00e4user gegen\u00fcber einer heutigen Werkseinfahrt an der Oberschlesienstra\u00dfe und weiter entlang der Vulkan- und Thyssen &hellip; <\/p>\n<p class=\"link-more\"><a href=\"https:\/\/www.industriekultur-krefeld.org\/index.php\/siedlung-stahldorf\/\" class=\"more-link\"><span class=\"screen-reader-text\">\u201eSiedlung Stahldorf\u201c <\/span>weiterlesen<\/a><\/p>\n","protected":false},"author":1,"featured_media":740,"parent":0,"menu_order":43,"comment_status":"open","ping_status":"closed","template":"","meta":{"footnotes":""},"categories":[7],"tags":[45,48],"class_list":["post-737","page","type-page","status-publish","has-post-thumbnail","hentry","category-krefeld-suedlich-der-bahnlinien","tag-siedlungen","tag-fischeln"],"_links":{"self":[{"href":"https:\/\/www.industriekultur-krefeld.org\/index.php\/wp-json\/wp\/v2\/pages\/737","targetHints":{"allow":["GET"]}}],"collection":[{"href":"https:\/\/www.industriekultur-krefeld.org\/index.php\/wp-json\/wp\/v2\/pages"}],"about":[{"href":"https:\/\/www.industriekultur-krefeld.org\/index.php\/wp-json\/wp\/v2\/types\/page"}],"author":[{"embeddable":true,"href":"https:\/\/www.industriekultur-krefeld.org\/index.php\/wp-json\/wp\/v2\/users\/1"}],"replies":[{"embeddable":true,"href":"https:\/\/www.industriekultur-krefeld.org\/index.php\/wp-json\/wp\/v2\/comments?post=737"}],"version-history":[{"count":19,"href":"https:\/\/www.industriekultur-krefeld.org\/index.php\/wp-json\/wp\/v2\/pages\/737\/revisions"}],"predecessor-version":[{"id":4327,"href":"https:\/\/www.industriekultur-krefeld.org\/index.php\/wp-json\/wp\/v2\/pages\/737\/revisions\/4327"}],"wp:featuredmedia":[{"embeddable":true,"href":"https:\/\/www.industriekultur-krefeld.org\/index.php\/wp-json\/wp\/v2\/media\/740"}],"wp:attachment":[{"href":"https:\/\/www.industriekultur-krefeld.org\/index.php\/wp-json\/wp\/v2\/media?parent=737"}],"wp:term":[{"taxonomy":"category","embeddable":true,"href":"https:\/\/www.industriekultur-krefeld.org\/index.php\/wp-json\/wp\/v2\/categories?post=737"},{"taxonomy":"post_tag","embeddable":true,"href":"https:\/\/www.industriekultur-krefeld.org\/index.php\/wp-json\/wp\/v2\/tags?post=737"}],"curies":[{"name":"wp","href":"https:\/\/api.w.org\/{rel}","templated":true}]}}