{"id":804,"date":"2021-01-09T15:35:18","date_gmt":"2021-01-09T14:35:18","guid":{"rendered":"https:\/\/www.industriekultur-krefeld.org\/?page_id=804"},"modified":"2024-04-10T09:24:51","modified_gmt":"2024-04-10T07:24:51","slug":"siedlung-klein-oesterreich","status":"publish","type":"page","link":"https:\/\/www.industriekultur-krefeld.org\/index.php\/siedlung-klein-oesterreich\/","title":{"rendered":"Siedlung Klein \u00d6sterreich"},"content":{"rendered":"\n<p>Ausgehend von der Siedlung Stahldorf entstand f\u00fcr das Stahlwerk in Krefeld eine Reihe von Wohnungsbauten, wie die schon weit in Richtung Fischeln seit 1938 erbaute Siedlung  \u201eKlein-\u00d6sterreich&#8221;.<\/p>\n\n\n\n<p>Sehenswert ist das gut erhaltene Siedlungsensemble.  <\/p>\n\n\n\n<!--more-->\n\n\n\n<div class=\"leaflet-map WPLeafletMap\" style=\"height:400px; width:100%;\"><\/div><script>\nwindow.WPLeafletMapPlugin = window.WPLeafletMapPlugin || [];\nwindow.WPLeafletMapPlugin.push(function WPLeafletMapShortcode() {\/*<script>*\/\nvar baseUrl = atob('aHR0cHM6Ly97c30udGlsZS5vcGVuc3RyZWV0bWFwLm9yZy97en0ve3h9L3t5fS5wbmc=');\nvar base = (!baseUrl && window.MQ) ?\n    window.MQ.mapLayer() : L.tileLayer(baseUrl,\n        L.Util.extend({}, {\n            detectRetina: 1,\n        },\n        {\"subdomains\":\"abc\",\"noWrap\":false,\"maxZoom\":20}        )\n    );\n    var options = L.Util.extend({}, {\n        layers: [base],\n        attributionControl: false\n    },\n    {\"tap\":false,\"zoomControl\":true,\"scrollWheelZoom\":false,\"doubleClickZoom\":true,\"fitBounds\":false,\"minZoom\":1,\"maxZoom\":20,\"maxBounds\":null,\"attribution\":\"<a href=\\\"http:\\\/\\\/leafletjs.com\\\" title=\\\"Eine Javascript-Bibliothek f\\u00fcr interaktive Karten\\\">Leaflet<\\\/a>; \\u00a9 <a href=\\\"http:\\\/\\\/www.openstreetmap.org\\\/copyright\\\">OpenStreetMap<\\\/a> Mitwirkende\"},\n    {});\nwindow.WPLeafletMapPlugin.createMap(options).setView([51.3331205,6.5623343],12);window.WPLeafletMapPlugin.createScale({});});<\/script><script>\nwindow.WPLeafletMapPlugin = window.WPLeafletMapPlugin || [];\nwindow.WPLeafletMapPlugin.push(function WPLeafletMarkerShortcode() {\/*<script>*\/\nvar map = window.WPLeafletMapPlugin.getCurrentMap();\nvar group = window.WPLeafletMapPlugin.getCurrentGroup();\nvar marker_options = window.WPLeafletMapPlugin.getIconOptions({\"title\":\"Klein \\u00d6sterreich\",\"alt\":\"Klein &Ouml;sterreich\",\"zIndexOffset\":1000,\"iconUrl\":\"https:\\\/\\\/www.industriekultur-krefeld.org\\\/wp-content\\\/uploads\\\/icon-selected.png\",\"shadowUrl\":\"https:\\\/\\\/unpkg.com\\\/leaflet@1.7.1\\\/dist\\\/images\\\/marker-shadow.png\",\"iconAnchor\":\"20,20\"});\nvar marker = L.marker(\n    [51.311519,6.571097],\n    marker_options\n);\nvar is_image = map.is_image_map;\nif (marker_options.draggable) {\n    marker.on('dragend', function () {\n        var latlng = this.getLatLng();\n        var lat = latlng.lat;\n        var lng = latlng.lng;\n        if (is_image) {\n            console.log('leaflet-marker y=' + lat + ' x=' + lng);\n        } else {\n            console.log('leaflet-marker lat=' + lat + ' lng=' + lng);\n        }\n    });\n}\nmarker.addTo( group );\nmarker.bindPopup(window.WPLeafletMapPlugin.unescape('&lt;a href=&quot;https:\/\/www.industriekultur-krefeld.org\/index.php\/siedlung-klein-oesterreich&quot;&gt; Klein \u00d6sterreich&lt;\/a&gt;')).openPopup();window.WPLeafletMapPlugin.markers.push( marker );\n        });<\/script><script>\nwindow.WPLeafletMapPlugin = window.WPLeafletMapPlugin || [];\nwindow.WPLeafletMapPlugin.push(function WPLeafletjsonShortcode() {\/*<script>*\/\nvar src = 'https:\/\/www.industriekultur-krefeld.org\/geojson.php';\nvar default_style = {};\nvar rewrite_keys = {\n    stroke : 'color',\n    'stroke-width' : 'weight',\n    'stroke-opacity' : 'opacity',\n    fill : 'fillColor',\n    'fill-opacity' : 'fillOpacity',\n};\n\/\/ htmlspecialchars converts & to \"&amp;\"; maybe unnecessarily, and maybe 3x\nvar ampersandRegex = \/&(?:amp;){1,3}\/g\nvar layer = L.ajaxGeoJson(src.replace(ampersandRegex, '&'), {\n    type: 'json',\n    style : layerStyle,\n    onEachFeature : onEachFeature,\n    pointToLayer: pointToLayer\n});\nvar fitbounds = 0;\nvar circleMarker = 0;\nvar popup_text = window.WPLeafletMapPlugin.unescape(\"&lt;br&gt;&lt;br&gt;&lt;a href=&quot;https:\/\/www.industriekultur-krefeld.org\/index.php\/{name}&quot;&gt;{title}&lt;br&gt;&lt;button&gt;&lt;i class=&quot;material-icons&quot;&gt;account_balance&lt;\/i&gt;Ansehen&lt;\/button&gt;&lt;\/a&gt;&lt;a href=&quot;http:\/\/maps.google.com\/maps?q={lat},{lng}&amp;amp;navigate=yes&quot;&gt;&lt;button&gt;&lt;i class=&quot;material-icons&quot;&gt;explore&lt;\/i&gt;Navigation starten&lt;\/button&gt;&lt;\/a&gt;&lt;br&gt;&lt;br&gt;\");\nvar popup_property = \"\";\nvar table_view = 0;\nvar group = window.WPLeafletMapPlugin.getCurrentGroup();\nvar markerOptions = window.WPLeafletMapPlugin.getIconOptions({});\nlayer.addTo( group );\nwindow.WPLeafletMapPlugin.geojsons.push( layer );\nif (fitbounds) {\n    layer.on('ready', function () {\n        this.map.fitBounds( this.getBounds() );\n    });\n}\nfunction layerStyle (feature) {\n    var props = feature.properties || {};\n    var style = {};\n    function camelFun (_, first_letter) {\n        return first_letter.toUpperCase();\n    };\n    for (var key in props) {\n        if (key.match('-')) {\n            var camelcase = key.replace(\/-(\\w)\/, camelFun);\n            style[ camelcase ] = props[ key ];\n        }\n        \/\/ rewrite style keys from geojson.io\n        if (rewrite_keys[ key ]) {\n            style[ rewrite_keys[ key ] ] = props[ key ];\n        }\n    }\n    return L.Util.extend(style, default_style);\n}\nfunction onEachFeature (feature, layer) {\n    var props = feature.properties || {};\n    var text;\n    if (table_view) {\n        text = window.WPLeafletMapPlugin.propsToTable(props);\n    } else {\n        text = popup_property\n            ? props[ popup_property ]\n            : window.WPLeafletMapPlugin.template(\n                popup_text, \n                feature.properties\n            );\n    }\n    if (text) {\n        layer.bindPopup( text );\n    }\n}\n    function pointToLayer (feature, latlng) {\n    if (circleMarker) {\n        return L.circleMarker(latlng);\n    }\n    return L.marker(latlng, markerOptions);\n}});<\/script><script>\nwindow.WPLeafletMapPlugin = window.WPLeafletMapPlugin || [];\nwindow.WPLeafletMapPlugin.push(function WPLeafletScaleShortcode() {window.WPLeafletMapPlugin.createScale({\"imperial\":false,\"position\":\"topright\"});});<\/script><p><\/p>\n\n\n\n<h2 class=\"wp-block-heading has-vivid-red-color has-text-color\">Geschichte und Hintergrund<\/h2>\n\n\n\n<p>Der Architekt Wilhelm Langhardt hat im Auftrag der gemeinn\u00fctzigen Bau- und Siedlungs AG f\u00fcr die Mitarbeiter der Deutschen Edelstahlwerke 28 H\u00e4user mit insgesamt 116 Wohnungen in zweigeschossigen, solide ausgef\u00fchrten , weiss verputzten Backsteinbauten mit Walmd\u00e4chern errichtet. <\/p>\n\n\n\n<p>Der Name &#8220;Klein \u00d6sterreich&#8221; geh\u00f6rte allerdings wohl urspr\u00fcnglich zur \u00e4ltesten Arbeitersiedlung Krefelds, gar nicht weit entfernt: die <a href=\"https:\/\/www.industriekultur-krefeld.org\/index.php\/siedlung-ulmenstrasse\/\" data-type=\"page\" data-id=\"808\">Siedlungsh\u00e4user in der Ulmenstra\u00dfe<\/a>, erbaut von der Krefelder Baumwollspinnerei.<\/p>\n\n\n\n<p>Die neue Siedlung rund um die Stra\u00dfen Tiroler Weg, Salzburger Stra\u00dfe, Innsbrucker Stra\u00dfe werden allgemein als &#8220;Klein \u00d6sterreich&#8221; benannt. Ob die Benennung der Stra\u00dfen im Zusammenhang mit dem <strong>Anschluss \u00d6sterreichs<\/strong> zum Deutschen Reich im M\u00e4rz 1938 geschah, bleibt anzunehmen. <br><\/p>\n\n\n\n<p>Es wurden in &#8220;Klein \u00d6sterreich&#8221; wohl \u00fcberwiegend Arbeitskr\u00e4fte aus dem Stahlwerk in Form von Parteimitgliedern der <strong>NSDAP<\/strong> angesiedelt, allerdings hatte man f\u00fcr das Werk auch Arbeiter der \u201eB\u00f6hler Stahlwerke\u201c aus \u00d6sterreich an den Niederrhein abgeworben. <\/p>\n\n\n\n<p>Hier wurde 1938 ein geordnetes und d\u00f6rfliches Siedlungsbild erschaffen, die  Doppelh\u00e4user haben durchweg l\u00e4ndlichen Charakter und sind freistehend angeordnet,  gro\u00dfe G\u00e4rten sollten die landwirtschaftlichen Aktivit\u00e4ten zur Eigenversorgung erm\u00f6glichen und f\u00f6rdern, wie dies in der Stahlwerk <a href=\"https:\/\/www.industriekultur-krefeld.org\/index.php\/siedlung-lindental\/\" data-type=\"page\" data-id=\"742\">Siedlung Lindental<\/a> (1936) ebenso zu erkennen ist. <\/p>\n\n\n\n<figure class=\"wp-block-gallery has-nested-images columns-default is-cropped wp-block-gallery-2 is-layout-flex wp-block-gallery-is-layout-flex\">\n<figure class=\"wp-block-image size-large\"><a href=\"https:\/\/www.industriekultur-krefeld.org\/wp-content\/uploads\/IMG_7143-scaled.jpeg\"><img loading=\"lazy\" decoding=\"async\" width=\"1024\" height=\"489\" data-id=\"771\" src=\"https:\/\/www.industriekultur-krefeld.org\/wp-content\/uploads\/IMG_7143-scaled-1024x489.jpeg\" alt=\"\" class=\"wp-image-771\" srcset=\"https:\/\/www.industriekultur-krefeld.org\/wp-content\/uploads\/IMG_7143-scaled-1024x489.jpeg 1024w, https:\/\/www.industriekultur-krefeld.org\/wp-content\/uploads\/IMG_7143-scaled-300x143.jpeg 300w, https:\/\/www.industriekultur-krefeld.org\/wp-content\/uploads\/IMG_7143-scaled-768x367.jpeg 768w, https:\/\/www.industriekultur-krefeld.org\/wp-content\/uploads\/IMG_7143-scaled-1536x734.jpeg 1536w, https:\/\/www.industriekultur-krefeld.org\/wp-content\/uploads\/IMG_7143-scaled.jpeg 1934w\" sizes=\"auto, (max-width: 767px) 89vw, (max-width: 1000px) 54vw, (max-width: 1071px) 543px, 580px\" \/><\/a><figcaption class=\"wp-element-caption\">Salzburger Stra\u00dfe \/ Tiroler Weg<\/figcaption><\/figure>\n\n\n\n<figure class=\"wp-block-image size-large\"><a href=\"https:\/\/www.industriekultur-krefeld.org\/wp-content\/uploads\/IMG_7146-1-scaled.jpeg\"><img loading=\"lazy\" decoding=\"async\" width=\"1024\" height=\"768\" data-id=\"772\" src=\"https:\/\/www.industriekultur-krefeld.org\/wp-content\/uploads\/IMG_7146-1-scaled-1024x768.jpeg\" alt=\"\" class=\"wp-image-772\" srcset=\"https:\/\/www.industriekultur-krefeld.org\/wp-content\/uploads\/IMG_7146-1-scaled-1024x768.jpeg 1024w, https:\/\/www.industriekultur-krefeld.org\/wp-content\/uploads\/IMG_7146-1-scaled-300x225.jpeg 300w, https:\/\/www.industriekultur-krefeld.org\/wp-content\/uploads\/IMG_7146-1-scaled-768x576.jpeg 768w, https:\/\/www.industriekultur-krefeld.org\/wp-content\/uploads\/IMG_7146-1-scaled-1536x1152.jpeg 1536w, https:\/\/www.industriekultur-krefeld.org\/wp-content\/uploads\/IMG_7146-1-scaled.jpeg 1800w\" sizes=\"auto, (max-width: 767px) 89vw, (max-width: 1000px) 54vw, (max-width: 1071px) 543px, 580px\" \/><\/a><figcaption class=\"wp-element-caption\"><em>Tiroler Weg<\/em><\/figcaption><\/figure>\n\n\n\n<figure class=\"wp-block-image size-large\"><a href=\"https:\/\/www.industriekultur-krefeld.org\/wp-content\/uploads\/IMG_7147-scaled.jpeg\"><img loading=\"lazy\" decoding=\"async\" width=\"1024\" height=\"768\" data-id=\"773\" src=\"https:\/\/www.industriekultur-krefeld.org\/wp-content\/uploads\/IMG_7147-scaled-1024x768.jpeg\" alt=\"\" class=\"wp-image-773\" srcset=\"https:\/\/www.industriekultur-krefeld.org\/wp-content\/uploads\/IMG_7147-scaled-1024x768.jpeg 1024w, https:\/\/www.industriekultur-krefeld.org\/wp-content\/uploads\/IMG_7147-scaled-300x225.jpeg 300w, https:\/\/www.industriekultur-krefeld.org\/wp-content\/uploads\/IMG_7147-scaled-768x576.jpeg 768w, https:\/\/www.industriekultur-krefeld.org\/wp-content\/uploads\/IMG_7147-scaled-1536x1152.jpeg 1536w, https:\/\/www.industriekultur-krefeld.org\/wp-content\/uploads\/IMG_7147-scaled.jpeg 1800w\" sizes=\"auto, (max-width: 767px) 89vw, (max-width: 1000px) 54vw, (max-width: 1071px) 543px, 580px\" \/><\/a><figcaption class=\"wp-element-caption\">Fahnenhalter sind nun sinnvoll eingesetzt<\/figcaption><\/figure>\n\n\n\n<figure class=\"wp-block-image size-large\"><a href=\"https:\/\/www.industriekultur-krefeld.org\/wp-content\/uploads\/IMG_7149-scaled.jpeg\"><img loading=\"lazy\" decoding=\"async\" width=\"1024\" height=\"768\" data-id=\"774\" src=\"https:\/\/www.industriekultur-krefeld.org\/wp-content\/uploads\/IMG_7149-scaled-1024x768.jpeg\" alt=\"\" class=\"wp-image-774\" srcset=\"https:\/\/www.industriekultur-krefeld.org\/wp-content\/uploads\/IMG_7149-scaled-1024x768.jpeg 1024w, https:\/\/www.industriekultur-krefeld.org\/wp-content\/uploads\/IMG_7149-scaled-300x225.jpeg 300w, https:\/\/www.industriekultur-krefeld.org\/wp-content\/uploads\/IMG_7149-scaled-768x576.jpeg 768w, https:\/\/www.industriekultur-krefeld.org\/wp-content\/uploads\/IMG_7149-scaled-1536x1152.jpeg 1536w, https:\/\/www.industriekultur-krefeld.org\/wp-content\/uploads\/IMG_7149-scaled.jpeg 1800w\" sizes=\"auto, (max-width: 767px) 89vw, (max-width: 1000px) 54vw, (max-width: 1071px) 543px, 580px\" \/><\/a><figcaption class=\"wp-element-caption\">an der Insbrucker Stra\u00dfe <\/figcaption><\/figure>\n\n\n\n<figure class=\"wp-block-image size-large\"><a href=\"https:\/\/www.industriekultur-krefeld.org\/wp-content\/uploads\/tiroler-siedlung.jpg\"><img loading=\"lazy\" decoding=\"async\" width=\"1024\" height=\"768\" data-id=\"775\" src=\"https:\/\/www.industriekultur-krefeld.org\/wp-content\/uploads\/tiroler-siedlung-1024x768.jpg\" alt=\"\" class=\"wp-image-775\" srcset=\"https:\/\/www.industriekultur-krefeld.org\/wp-content\/uploads\/tiroler-siedlung-1024x768.jpg 1024w, https:\/\/www.industriekultur-krefeld.org\/wp-content\/uploads\/tiroler-siedlung-300x225.jpg 300w, https:\/\/www.industriekultur-krefeld.org\/wp-content\/uploads\/tiroler-siedlung-768x576.jpg 768w, https:\/\/www.industriekultur-krefeld.org\/wp-content\/uploads\/tiroler-siedlung-1536x1152.jpg 1536w, https:\/\/www.industriekultur-krefeld.org\/wp-content\/uploads\/tiroler-siedlung.jpg 1600w\" sizes=\"auto, (max-width: 767px) 89vw, (max-width: 1000px) 54vw, (max-width: 1071px) 543px, 580px\" \/><\/a><figcaption class=\"wp-element-caption\">Tiroler Weg<\/figcaption><\/figure>\n<\/figure>\n\n\n\n<h2 class=\"wp-block-heading has-vivid-red-color has-text-color\">Mehr lesen<\/h2>\n\n\n\n<div class=\"wp-block-columns is-layout-flex wp-container-core-columns-is-layout-9d6595d7 wp-block-columns-is-layout-flex\">\n<div class=\"wp-block-column is-layout-flow wp-block-column-is-layout-flow\">\n<figure class=\"wp-block-image size-large\"><a href=\"https:\/\/www.industriekultur-krefeld.org\"><img loading=\"lazy\" decoding=\"async\" width=\"685\" height=\"425\" src=\"https:\/\/www.industriekultur-krefeld.org\/wp-content\/uploads\/Logo_IK-KREFELD_2020.png\" alt=\"\" class=\"wp-image-549\" srcset=\"https:\/\/www.industriekultur-krefeld.org\/wp-content\/uploads\/Logo_IK-KREFELD_2020.png 685w, https:\/\/www.industriekultur-krefeld.org\/wp-content\/uploads\/Logo_IK-KREFELD_2020-300x186.png 300w\" sizes=\"auto, (max-width: 685px) 100vw, 685px\" \/><\/a><\/figure>\n<\/div>\n\n\n\n<div class=\"wp-block-column is-vertically-aligned-top is-layout-flow wp-block-column-is-layout-flow\">\n<p><span><a href=\"https:\/\/www.industriekultur-krefeld.org\/index.php\/deutsche-edelstahlwerke\/\" title=\"Deutsche Edelstahlwerke \u2013 ehemals Krefelder Stahlwerk A.G.\">Deutsche Edelstahlwerke<\/a><\/span><br><br><a data-type=\"page\" data-id=\"737\" href=\"https:\/\/www.industriekultur-krefeld.org\/index.php\/siedlung-stahldorf\/\">Siedlung Stahldorf<\/a><\/p>\n\n\n\n<p><a href=\"https:\/\/www.industriekultur-krefeld.org\/index.php\/siedlung-ulmenstrasse\/\" data-type=\"page\" data-id=\"808\">Siedlung Ulmenstra\u00dfe<\/a><\/p>\n\n\n\n<p><a href=\"https:\/\/www.industriekultur-krefeld.org\/index.php\/siedlung-lindental\/\" data-type=\"page\" data-id=\"1134\">Siedlung Lindental<\/a><\/p>\n\n\n\n<p><a href=\"https:\/\/www.industriekultur-krefeld.org\/index.php\/siedlung-klein-oesterreich\/\" data-type=\"page\" data-id=\"804\">Siedlung Klein \u00d6sterreich<\/a><\/p>\n<\/div>\n<\/div>\n\n\n\n<div class=\"wp-block-media-text alignwide is-vertically-aligned-top\"><figure class=\"wp-block-media-text__media\"><a href=\"http:\/\/www.rheinische-industriekultur.com\"><img loading=\"lazy\" decoding=\"async\" width=\"340\" height=\"275\" src=\"https:\/\/www.industriekultur-krefeld.org\/wp-content\/uploads\/Button-RI-on-2.png\" alt=\"\" class=\"wp-image-291 size-full\" srcset=\"https:\/\/www.industriekultur-krefeld.org\/wp-content\/uploads\/Button-RI-on-2.png 340w, https:\/\/www.industriekultur-krefeld.org\/wp-content\/uploads\/Button-RI-on-2-300x243.png 300w\" sizes=\"auto, (max-width: 340px) 100vw, 340px\" \/><\/a><\/figure><div class=\"wp-block-media-text__content\">\n<p><br><a href=\"https:\/\/www.rheinische-industriekultur.com\/seiten\/objekte\/orte\/krefeld\/objekte\/edelstahlwerke.html\">Deutsche Edelstahlwerke<\/a><br>von Christoph Becker <\/p>\n\n\n\n<p><a href=\"https:\/\/www.rheinische-industriekultur.com\/seiten\/objekte\/orte\/krefeld\/objekte\/siedlung_lindental.html\">Siedlung Lindental<br><\/a>von Stephan Strau\u00df&nbsp;<\/p>\n<\/div><\/div>\n","protected":false},"excerpt":{"rendered":"<p>Ausgehend von der Siedlung Stahldorf entstand f\u00fcr das Stahlwerk in Krefeld eine Reihe von Wohnungsbauten, wie die schon weit in Richtung Fischeln seit 1938 erbaute Siedlung \u201eKlein-\u00d6sterreich&#8221;. Sehenswert ist das gut erhaltene Siedlungsensemble.<\/p>\n","protected":false},"author":1,"featured_media":768,"parent":0,"menu_order":45,"comment_status":"open","ping_status":"closed","template":"","meta":{"footnotes":""},"categories":[7],"tags":[45,48],"class_list":["post-804","page","type-page","status-publish","has-post-thumbnail","hentry","category-krefeld-suedlich-der-bahnlinien","tag-siedlungen","tag-fischeln"],"_links":{"self":[{"href":"https:\/\/www.industriekultur-krefeld.org\/index.php\/wp-json\/wp\/v2\/pages\/804","targetHints":{"allow":["GET"]}}],"collection":[{"href":"https:\/\/www.industriekultur-krefeld.org\/index.php\/wp-json\/wp\/v2\/pages"}],"about":[{"href":"https:\/\/www.industriekultur-krefeld.org\/index.php\/wp-json\/wp\/v2\/types\/page"}],"author":[{"embeddable":true,"href":"https:\/\/www.industriekultur-krefeld.org\/index.php\/wp-json\/wp\/v2\/users\/1"}],"replies":[{"embeddable":true,"href":"https:\/\/www.industriekultur-krefeld.org\/index.php\/wp-json\/wp\/v2\/comments?post=804"}],"version-history":[{"count":15,"href":"https:\/\/www.industriekultur-krefeld.org\/index.php\/wp-json\/wp\/v2\/pages\/804\/revisions"}],"predecessor-version":[{"id":6539,"href":"https:\/\/www.industriekultur-krefeld.org\/index.php\/wp-json\/wp\/v2\/pages\/804\/revisions\/6539"}],"wp:featuredmedia":[{"embeddable":true,"href":"https:\/\/www.industriekultur-krefeld.org\/index.php\/wp-json\/wp\/v2\/media\/768"}],"wp:attachment":[{"href":"https:\/\/www.industriekultur-krefeld.org\/index.php\/wp-json\/wp\/v2\/media?parent=804"}],"wp:term":[{"taxonomy":"category","embeddable":true,"href":"https:\/\/www.industriekultur-krefeld.org\/index.php\/wp-json\/wp\/v2\/categories?post=804"},{"taxonomy":"post_tag","embeddable":true,"href":"https:\/\/www.industriekultur-krefeld.org\/index.php\/wp-json\/wp\/v2\/tags?post=804"}],"curies":[{"name":"wp","href":"https:\/\/api.w.org\/{rel}","templated":true}]}}